{"id":944,"date":"2020-03-19T11:23:49","date_gmt":"2020-03-19T11:23:49","guid":{"rendered":"http:\/\/schuetzen.schierhorn-nordheide.de\/?page_id=944"},"modified":"2023-11-13T08:20:42","modified_gmt":"2023-11-13T08:20:42","slug":"schuetze","status":"publish","type":"page","link":"http:\/\/schuetzen.schierhorn-nordheide.de\/?page_id=944","title":{"rendered":"Sch\u00fctze"},"content":{"rendered":"\n<p>Du wolltest schon immer mal dem Schie\u00dfsport nachgehen, dann hast du jede Woche die Gelegenheit einfach bei uns vorbeizukommen, um dir das Ganze einmal genauer anzuschauen.<\/p>\n\n\n\n<p><strong>\u00dcbungsschie\u00dfen:<\/strong><\/p>\n\n\n\n<p><strong>Montag<\/strong><\/p>\n\n\n\n<p>Damen u. Sch\u00fctzen 19:00 \u2013 21:00 Uhr<\/p>\n\n\n\n<p><strong>Mittwochs\u00a0\u00a0\u00a0\u00a0\u00a0\u00a0\u00a0\u00a0\u00a0\u00a0\u00a0\u00a0\u00a0\u00a0\u00a0\u00a0\u00a0\u00a0\u00a0\u00a0\u00a0<\/strong><\/p>\n\n\n\n<p>Jugend (ab 8 Jahre) 18:00 &#8211; 18:30 Uhr<\/p>\n\n\n\n<p>Jugend (ab 10 Jahre) 18:30 \u2013 19:30 Uhr<\/p>\n\n\n\n<p>Sch\u00fctzen (ab 18 Jahre)\u00a019:30 \u2013 21:00 Uhr<\/p>\n\n\n\n<p><strong>\u00dcbungsschie\u00dfen der Jugend<\/strong><\/p>\n\n\n\n<p>Kontakt:\u00a0\u00a0\u00a0\u00a0\u00a0\u00a0\u00a0\u00a0\u00a0\u00a0\u00a0\u00a0\u00a0\u00a0\u00a0\u00a0\u00a0\u00a0\u00a0\u00a0\u00a0\u00a0\u00a0\u00a0\u00a0\u00a0\u00a0\u00a0\u00a0 <\/p>\n\n\n\n<p>Andrea E. Niehaus Tel.: 0177-2957148\u00a0\u00a0\u00a0\u00a0\u00a0\u00a0\u00a0\u00a0\u00a0\u00a0\u00a0\u00a0\u00a0\u00a0\u00a0\u00a0\u00a0\u00a0 <\/p>\n\n\n\n<p><strong>\u00dcbungsschie\u00dfen der Sch\u00fctzen<\/strong><\/p>\n\n\n\n<p>Kontakt: \u00a0\u00a0\u00a0\u00a0\u00a0\u00a0\u00a0\u00a0\u00a0\u00a0\u00a0\u00a0\u00a0\u00a0\u00a0\u00a0\u00a0\u00a0\u00a0\u00a0\u00a0\u00a0\u00a0\u00a0\u00a0\u00a0\u00a0\u00a0 <\/p>\n\n\n\n<p>Carsten Henk Tel.: 0152-34610773<\/p>\n\n\n\n<p>Michael Theissen Tel.: 0160-94165197<\/p>\n\n\n\n<p><strong>\u00dcbungsschie\u00dfen der Sch\u00fctzendamen<\/strong><\/p>\n\n\n\n<p>Kontakt:\u00a0\u00a0\u00a0<strong>\u00a0\u00a0\u00a0\u00a0\u00a0\u00a0\u00a0\u00a0\u00a0\u00a0\u00a0\u00a0\u00a0\u00a0\u00a0\u00a0\u00a0\u00a0\u00a0\u00a0\u00a0\u00a0\u00a0\u00a0\u00a0\u00a0 <\/strong><\/p>\n\n\n\n<p>Carsten Henk Tel.: 0152-34610773<\/p>\n\n\n\n<p>Andrea Niehaus Tel.: 0162-9629945<\/p>\n\n\n\n<p><strong>Altersklassen<\/strong><\/p>\n\n\n\n<p>ab 8 Jahren Lichtpunktgewehr\/Lichtpunktpistole<\/p>\n\n\n\n<p>ab 12 Jahren Luftgewehr<\/p>\n\n\n\n<p>ab 16 Jahren Kleinkaliber (nur unter Aufsicht!)<\/p>\n\n\n\n<p>ab 18 Jahren Kleinkaliber<\/p>\n\n\n\n<p><\/p>\n","protected":false},"excerpt":{"rendered":"<p>Du wolltest schon immer mal dem Schie\u00dfsport nachgehen, dann hast du jede Woche die Gelegenheit einfach bei uns vorbeizukommen, um dir das Ganze einmal genauer <a class=\"more-link\" href=\"http:\/\/schuetzen.schierhorn-nordheide.de\/?page_id=944\">weiterlesen&#8230;<\/a><\/p>\n","protected":false},"author":1,"featured_media":0,"parent":0,"menu_order":0,"comment_status":"closed","ping_status":"closed","template":"","meta":{"footnotes":""},"class_list":["post-944","page","type-page","status-publish","hentry"],"_links":{"self":[{"href":"http:\/\/schuetzen.schierhorn-nordheide.de\/index.php?rest_route=\/wp\/v2\/pages\/944","targetHints":{"allow":["GET"]}}],"collection":[{"href":"http:\/\/schuetzen.schierhorn-nordheide.de\/index.php?rest_route=\/wp\/v2\/pages"}],"about":[{"href":"http:\/\/schuetzen.schierhorn-nordheide.de\/index.php?rest_route=\/wp\/v2\/types\/page"}],"author":[{"embeddable":true,"href":"http:\/\/schuetzen.schierhorn-nordheide.de\/index.php?rest_route=\/wp\/v2\/users\/1"}],"replies":[{"embeddable":true,"href":"http:\/\/schuetzen.schierhorn-nordheide.de\/index.php?rest_route=%2Fwp%2Fv2%2Fcomments&post=944"}],"version-history":[{"count":20,"href":"http:\/\/schuetzen.schierhorn-nordheide.de\/index.php?rest_route=\/wp\/v2\/pages\/944\/revisions"}],"predecessor-version":[{"id":2134,"href":"http:\/\/schuetzen.schierhorn-nordheide.de\/index.php?rest_route=\/wp\/v2\/pages\/944\/revisions\/2134"}],"wp:attachment":[{"href":"http:\/\/schuetzen.schierhorn-nordheide.de\/index.php?rest_route=%2Fwp%2Fv2%2Fmedia&parent=944"}],"curies":[{"name":"wp","href":"https:\/\/api.w.org\/{rel}","templated":true}]}}