{"id":937,"date":"2020-03-19T11:21:11","date_gmt":"2020-03-19T11:21:11","guid":{"rendered":"http:\/\/schuetzen.schierhorn-nordheide.de\/?page_id=937"},"modified":"2023-11-13T08:14:44","modified_gmt":"2023-11-13T08:14:44","slug":"luftgewehr","status":"publish","type":"page","link":"http:\/\/schuetzen.schierhorn-nordheide.de\/?page_id=937","title":{"rendered":"Luftgewehr"},"content":{"rendered":"\n<p><strong>Luftgewehr (Jugendliche ab 12 Jahre, mit Sondergenehmigung ab 8 Jahren mit dem Lichtpunktgewehr)<\/strong><\/p>\n\n\n\n<p>Unsere Luftgewehr-Schie\u00dfsportanlage ist mit 7 St\u00e4nden im Sch\u00fctzenhaus integriert. Bei uns wird auf eine Distanz von 10 Meter mit vereinseigenen Federspanner- und&nbsp;Pressluftgewehren geschossen. Beim Sportschie\u00dfen mit dem Luftgewehr wird neben einer ruhigen Hand und innerer Ruhe auch eine gute allgemeine Kondition ben\u00f6tigt. <strong>Das Luftgewehr geh\u00f6rt \u00fcbrigens zu den erwerbscheinfreien Waffen.<\/strong><\/p>\n\n\n\n<p>Druckluftwaffen mit einer M\u00fcndungsenergie von bis zu 7,5 Joule k\u00f6nnen von Personen ab 18 Jahren frei erworben  werden, sofern diese den \u201eF-im-F\u00fcnfeck&#8220;-Stempel tragen.<\/p>\n\n\n\n<p>Unsere Sportwaffen: Luftdruckgewehre Kaliber 4,5 mm und einem H\u00f6chstgewicht von 5,5 kg.<\/p>\n\n\n\n<p>Munition: Handels\u00fcbliche Geschosse (Diabolo).<\/p>\n\n\n\n<p>Scheiben: Durchmesser der 10 = 0,5 mm, Ringabstand = jeweils 2,5 mm.<\/p>\n\n\n\n<p>Entfernung: 10 m<\/p>\n\n\n\n<p>Anschlag: Auflage oder stehend freih\u00e4ndig, wobei der Sch\u00fctze v\u00f6llig frei (ohne Anlehnung und k\u00fcnstliche St\u00fctzen) stehen muss.<\/p>\n","protected":false},"excerpt":{"rendered":"<p>Luftgewehr (Jugendliche ab 12 Jahre, mit Sondergenehmigung ab 8 Jahren mit dem Lichtpunktgewehr) Unsere Luftgewehr-Schie\u00dfsportanlage ist mit 7 St\u00e4nden im Sch\u00fctzenhaus integriert. Bei uns wird <a class=\"more-link\" href=\"http:\/\/schuetzen.schierhorn-nordheide.de\/?page_id=937\">weiterlesen&#8230;<\/a><\/p>\n","protected":false},"author":1,"featured_media":0,"parent":0,"menu_order":0,"comment_status":"closed","ping_status":"closed","template":"","meta":{"footnotes":""},"class_list":["post-937","page","type-page","status-publish","hentry"],"_links":{"self":[{"href":"http:\/\/schuetzen.schierhorn-nordheide.de\/index.php?rest_route=\/wp\/v2\/pages\/937","targetHints":{"allow":["GET"]}}],"collection":[{"href":"http:\/\/schuetzen.schierhorn-nordheide.de\/index.php?rest_route=\/wp\/v2\/pages"}],"about":[{"href":"http:\/\/schuetzen.schierhorn-nordheide.de\/index.php?rest_route=\/wp\/v2\/types\/page"}],"author":[{"embeddable":true,"href":"http:\/\/schuetzen.schierhorn-nordheide.de\/index.php?rest_route=\/wp\/v2\/users\/1"}],"replies":[{"embeddable":true,"href":"http:\/\/schuetzen.schierhorn-nordheide.de\/index.php?rest_route=%2Fwp%2Fv2%2Fcomments&post=937"}],"version-history":[{"count":5,"href":"http:\/\/schuetzen.schierhorn-nordheide.de\/index.php?rest_route=\/wp\/v2\/pages\/937\/revisions"}],"predecessor-version":[{"id":2128,"href":"http:\/\/schuetzen.schierhorn-nordheide.de\/index.php?rest_route=\/wp\/v2\/pages\/937\/revisions\/2128"}],"wp:attachment":[{"href":"http:\/\/schuetzen.schierhorn-nordheide.de\/index.php?rest_route=%2Fwp%2Fv2%2Fmedia&parent=937"}],"curies":[{"name":"wp","href":"https:\/\/api.w.org\/{rel}","templated":true}]}}