{"id":933,"date":"2020-03-19T11:20:26","date_gmt":"2020-03-19T11:20:26","guid":{"rendered":"http:\/\/schuetzen.schierhorn-nordheide.de\/?page_id=933"},"modified":"2020-03-23T14:30:24","modified_gmt":"2020-03-23T14:30:24","slug":"kleinkaliber","status":"publish","type":"page","link":"http:\/\/schuetzen.schierhorn-nordheide.de\/?page_id=933","title":{"rendered":"Kleinkaliber"},"content":{"rendered":"\n<figure class=\"wp-block-image\"><a href=\"http:\/\/www.schuetzenverein-egestorf.de\/images\/sportschiessen\/kleinkaliber1.jpg\" target=\"_blank\" rel=\"noreferrer noopener\"><img decoding=\"async\" src=\"http:\/\/www.schuetzenverein-egestorf.de\/cache\/f\/6f30bf7c2b2ee02976979178904e60d0.jpg\" alt=\"\"\/><\/a><\/figure>\n\n\n\n<p><strong>Kleinkalibergewehr (Jugendliche ab 16 Jahre)<br><\/strong><br>Der  Sch\u00fctzenverein Schierhorn verf\u00fcgt \u00fcber 9 St\u00e4nde mit 50m Bahnen f\u00fcr\u00a0KK-Langwaffen. Die Sch\u00fctzenst\u00e4nde sind nicht komplett \u00fcberdacht, sodass wir saisonbedingt schie\u00dfen von Anfang April bis Ende September. <br><br>Waffe: Kleinkalibergewehre (Einzellader) jeder Art mit einem Kaliber von maximal 5,6 mm (.22 lfb). Abzug und Sch\u00e4ftung beliebig.<\/p>\n\n\n\n<p>Das Gewicht darf inkl. Zubeh\u00f6r maximal 6,5 kg betragen. <br>Munition: Handels\u00fcbliche Randfeuerpatronen Kaliber .22lfb, welches vor allem beim Sportschie\u00dfen Verwendung findet.<br>Scheiben: Durchmesser der 10 = 10,4 mm, Ringabstand = jeweils 8,0 mm.<br>Entfernung: 50 m<\/p>\n","protected":false},"excerpt":{"rendered":"<p>Kleinkalibergewehr (Jugendliche ab 16 Jahre)Der Sch\u00fctzenverein Schierhorn verf\u00fcgt \u00fcber 9 St\u00e4nde mit 50m Bahnen f\u00fcr\u00a0KK-Langwaffen. Die Sch\u00fctzenst\u00e4nde sind nicht komplett \u00fcberdacht, sodass wir saisonbedingt schie\u00dfen <a class=\"more-link\" href=\"http:\/\/schuetzen.schierhorn-nordheide.de\/?page_id=933\">weiterlesen&#8230;<\/a><\/p>\n","protected":false},"author":1,"featured_media":0,"parent":0,"menu_order":0,"comment_status":"closed","ping_status":"closed","template":"","meta":{"footnotes":""},"class_list":["post-933","page","type-page","status-publish","hentry"],"_links":{"self":[{"href":"http:\/\/schuetzen.schierhorn-nordheide.de\/index.php?rest_route=\/wp\/v2\/pages\/933","targetHints":{"allow":["GET"]}}],"collection":[{"href":"http:\/\/schuetzen.schierhorn-nordheide.de\/index.php?rest_route=\/wp\/v2\/pages"}],"about":[{"href":"http:\/\/schuetzen.schierhorn-nordheide.de\/index.php?rest_route=\/wp\/v2\/types\/page"}],"author":[{"embeddable":true,"href":"http:\/\/schuetzen.schierhorn-nordheide.de\/index.php?rest_route=\/wp\/v2\/users\/1"}],"replies":[{"embeddable":true,"href":"http:\/\/schuetzen.schierhorn-nordheide.de\/index.php?rest_route=%2Fwp%2Fv2%2Fcomments&post=933"}],"version-history":[{"count":6,"href":"http:\/\/schuetzen.schierhorn-nordheide.de\/index.php?rest_route=\/wp\/v2\/pages\/933\/revisions"}],"predecessor-version":[{"id":1153,"href":"http:\/\/schuetzen.schierhorn-nordheide.de\/index.php?rest_route=\/wp\/v2\/pages\/933\/revisions\/1153"}],"wp:attachment":[{"href":"http:\/\/schuetzen.schierhorn-nordheide.de\/index.php?rest_route=%2Fwp%2Fv2%2Fmedia&parent=933"}],"curies":[{"name":"wp","href":"https:\/\/api.w.org\/{rel}","templated":true}]}}