{"id":919,"date":"2020-03-19T10:55:10","date_gmt":"2020-03-19T10:55:10","guid":{"rendered":"http:\/\/schuetzen.schierhorn-nordheide.de\/?page_id=919"},"modified":"2022-05-29T09:49:27","modified_gmt":"2022-05-29T09:49:27","slug":"919-2","status":"publish","type":"page","link":"http:\/\/schuetzen.schierhorn-nordheide.de\/?page_id=919","title":{"rendered":"Das war unser Sch\u00fctzenfest 2019"},"content":{"rendered":"\n<p>Ende Juni 2019 war es soweit, wir haben, wie gro\u00df angek\u00fcndigt, jaaa, selbst im Radio waren wir zu h\u00f6ren, unser Sch\u00fctzenfest gefeiert. Seine, damalige, Majest\u00e4t Detlef Schr\u00f6der durfte, sozusagen, sein letztes K\u00f6nigs-Wochenend-Mahl zu sich nehmen. Jedes Jahr hat nun mal ein Ende und wir waren sehr gespannt, ob es auch das neue Sch\u00fctzenjahr 2019\/2020 einen W\u00fcrdentr\u00e4ger geben w\u00fcrde. Spoiler: Den Nachfolger gibt es, es war ein harter Kampf um Platz 1 (Sprichw\u00f6rtlich, aber dazu sp\u00e4ter mehr). <\/p>\n\n\n\n<p>Am Kommersabend lud S.M. Detlef ins Sch\u00fctzenhus ein. Wie jedes Jahr kamen unsere Gastvereine aus Hanstedt, Wesel, Jesteburg und Asendorf dazu und erlebten mit uns einen sch\u00f6nen Abend. Sogar einen Stargast konnten wir gewinnen, Conchita-Christian-Wurst stattete uns Besuch ab. Leider will besagte Dame keine \u00f6ffentlichen Foto&#8217;s, what happens in the Sch\u00fctzenhus, stays in the Sch\u00fctzenhus. <\/p>\n\n\n\n<p>Am Samstag startete der Tag mit einem gelungenen Fr\u00fchst\u00fcck beim Jungsch\u00fctzenk\u00f6nig Steffen Cohrs. Die Sonne schien, die Br\u00f6tchen schmeckten und die Laune war bestens. Vielen Dank nochmal auch an dieser Stelle. Weiter ging es an dem Tag mit dem Schie\u00dfbetrieb, dem G\u00e4steschie\u00dfen und unserer Kinderbelustigung. Das G\u00e4steschie\u00dfen wurde, trotz der doch hohen Temperaturen gut angenommen und auch reichlich Kinder durften wir begr\u00fc\u00dfen. Den Tag haben wir anschlie\u00dfend auf unserer Disco ausklingen lassen. <\/p>\n\n\n\n<p>Traditionell gab es am Sonntag den Umzug durch unser Dorf. Durch die hohen Temperaturen, haben wir Sicherheitsma\u00dfnahmen getroffen und die Strecke, die durch alle Girlanden verl\u00e4uft und immerhin 7km betr\u00e4gt, abgek\u00fcrzt und Wasserversorgungsstellen aufgestellt. Auch hier vielen Dank an die helfenden H\u00e4nde. Weiter ging es danach mit dem G\u00e4steschie\u00dfen Teil 2 und der anschlie\u00dfenden Preisverteilung. Zeitgleich wurde im Schie\u00dfstand auf den Vogel gescho\u00dfen und ein Teil nach dem Anderen runtergescho\u00dfen. Am Ende blieb der goldende Fl\u00fcgel und der Rumpf. Den goldenen Fl\u00fcgel holte sich Christian Baasch, der Rumpf fiel einige viele Sch\u00fc\u00dfe sp\u00e4ter. Unsere Sch\u00fctzenbr\u00fcder Matthias Schwarz und J\u00f6rg Schwertfeger gaben nicht auf, am Ende konnte aber nur einer K\u00f6nig werden. <\/p>\n\n\n\n<p>Der Montag startete, wie \u00fcblich, bei unserem Kellerk\u00f6nig. Dieses Jahr hatten wir eine Kellerk\u00f6nigin. Sandra freute sich das ganze Jahr auf diesen Augenblick und hatte zusammen mit ihren Adjutanten, ordentlich aufgetischt und uns k\u00f6stlich unterhalten. Sandra, es war ein Fest. Zur\u00fcck am Festplatz ging es weiter mit dem Ehrenscheibenschie\u00dfen und dem schie\u00dfen auf die Kellereule. Diese K\u00f6nigsw\u00fcrde ist sehr begehrt, entsprechend gro\u00df war der Andrang. Am Ende konnte sich Daniel Rademacher durchsetzen: Herzlichen Gl\u00fcckwunsch. <\/p>\n\n\n\n<p>Der Nachmittag verlief ruhig und besinnlich und alle bereiteten sich auf die Proklamation vor. Um 19 Uhr war es dann endlich soweit, die Proklamation startete und auch hier durften wir wieder unsere  Nachbarvereine Hanstedt, Wesel, Jesteburg und Asendorf begr\u00fc\u00dfen. Sch\u00f6n, dass ihr da wart. Es wurden alle Schie\u00dfergebnisse bekannt gegeben (hierzu findet ihr einen extra Bericht) und S.M. Detlef Schr\u00f6der hat abgedankt. Detlef, vielen Dank an dich und deine Adujanten f\u00fcr das sch\u00f6ne K\u00f6nigsjahr. <\/p>\n\n\n\n<p>Gro\u00df war nat\u00fcrlich nun auch die Neugier wer der neue Sch\u00fctzenk\u00f6nig geworden ist. J\u00f6rg und Schwaddi (auch Matthias genannt) lieferten sich ja, wie bereits gesagt ein starkes Duell, am Ende konnte aber nur J\u00f6rg Schwertfeger den Rumpf abschie\u00dfen und ist nun unser Sch\u00fctzenk\u00f6nig 2019\/20! Herzlichen Gl\u00fcckwunsch! Schwaddi konnte sich nat\u00fcrlich nicht nehmen lassen, dass er nicht als Erster auf der neuen Tafel stehen l\u00e4sst und hat J\u00f6rg ein Schild kreiert, dass an die alte Tafel geh\u00e4ngt werden soll. Cooler Gedanke, aber daraus wird wohl nichts \ud83d\ude09 <\/p>\n\n\n\n<p>Unsere neue Jungsch\u00fctzenmajest\u00e4t wurde Melina Pralow! Zusammen mit ihren Adjutanten Lisa Kruse und Gerrit Pralow w\u00fcnschen wir ein sch\u00f6nes Jahr.<\/p>\n\n\n\n<p>Die K\u00f6nigscrew 2019\/20 besteht aus S.M. J\u00f6rg Schwertfeger und seinen Adjutanten: Liane und Holger Nottorf, Julia Scaturo und Matthias Schwarz und Sandra und Christian Baasch!<\/p>\n\n\n\n<div class=\"alignnormal\"><div id=\"metaslider-id-1010\" style=\"max-width: 700px; margin: 0 auto;\" class=\"ml-slider-3-98-0 metaslider metaslider-flex metaslider-1010 ml-slider ms-theme-default\" role=\"region\" aria-roledescription=\"Slideshow\" aria-label=\"Sch\u00fctzenfest 2019\" data-width=\"700\">\n    <div id=\"metaslider_container_1010\">\n        <div id=\"metaslider_1010\">\n            <ul class='slides'>\n                <li style=\"display: block; width: 100%;\" class=\"slide-1011 ms-image \" aria-roledescription=\"slide\" aria-label=\"slide-1011\" data-date=\"2020-03-20 10:40:21\"><img loading=\"lazy\" decoding=\"async\" src=\"http:\/\/schuetzen.schierhorn-nordheide.de\/wp-content\/uploads\/2019\/09\/IMG_8965-700x500.jpg\" height=\"500\" width=\"700\" alt=\"\" class=\"slider-1010 slide-1011\" title=\"IMG_8965\" \/><\/li>\n                <li style=\"display: none; width: 100%;\" class=\"slide-1013 ms-image \" aria-roledescription=\"slide\" aria-label=\"slide-1013\" data-date=\"2020-03-20 10:41:04\"><img loading=\"lazy\" decoding=\"async\" src=\"http:\/\/schuetzen.schierhorn-nordheide.de\/wp-content\/uploads\/2019\/09\/IMG_8864-700x500.jpg\" height=\"500\" width=\"700\" alt=\"\" class=\"slider-1010 slide-1013\" title=\"IMG_8864\" \/><\/li>\n                <li style=\"display: none; width: 100%;\" class=\"slide-1014 ms-image \" aria-roledescription=\"slide\" aria-label=\"slide-1014\" data-date=\"2020-03-20 10:41:04\"><img loading=\"lazy\" decoding=\"async\" src=\"http:\/\/schuetzen.schierhorn-nordheide.de\/wp-content\/uploads\/2019\/09\/IMG_8765-700x500.jpg\" height=\"500\" width=\"700\" alt=\"\" class=\"slider-1010 slide-1014\" title=\"IMG_8765\" \/><\/li>\n                <li style=\"display: none; width: 100%;\" class=\"slide-1015 ms-image \" aria-roledescription=\"slide\" aria-label=\"slide-1015\" data-date=\"2020-03-20 10:41:04\"><img loading=\"lazy\" decoding=\"async\" src=\"http:\/\/schuetzen.schierhorn-nordheide.de\/wp-content\/uploads\/2019\/09\/IMG_8764-700x500.jpg\" height=\"500\" width=\"700\" alt=\"\" class=\"slider-1010 slide-1015\" title=\"IMG_8764\" \/><\/li>\n                <li style=\"display: none; width: 100%;\" class=\"slide-1016 ms-image \" aria-roledescription=\"slide\" aria-label=\"slide-1016\" data-date=\"2020-03-20 10:41:04\"><img loading=\"lazy\" decoding=\"async\" src=\"http:\/\/schuetzen.schierhorn-nordheide.de\/wp-content\/uploads\/2019\/09\/IMG_8818-700x500.jpg\" height=\"500\" width=\"700\" alt=\"\" class=\"slider-1010 slide-1016\" title=\"IMG_8818\" \/><\/li>\n                <li style=\"display: none; width: 100%;\" class=\"slide-1017 ms-image \" aria-roledescription=\"slide\" aria-label=\"slide-1017\" data-date=\"2020-03-20 10:41:04\"><img loading=\"lazy\" decoding=\"async\" src=\"http:\/\/schuetzen.schierhorn-nordheide.de\/wp-content\/uploads\/2019\/09\/IMG_8813-700x500.jpg\" height=\"500\" width=\"700\" alt=\"\" class=\"slider-1010 slide-1017\" title=\"IMG_8813\" \/><\/li>\n                <li style=\"display: none; width: 100%;\" class=\"slide-1018 ms-image \" aria-roledescription=\"slide\" aria-label=\"slide-1018\" data-date=\"2020-03-20 10:41:04\"><img loading=\"lazy\" decoding=\"async\" src=\"http:\/\/schuetzen.schierhorn-nordheide.de\/wp-content\/uploads\/2019\/09\/IMG_8777-700x500.jpg\" height=\"500\" width=\"700\" alt=\"\" class=\"slider-1010 slide-1018\" title=\"IMG_8777\" \/><\/li>\n                <li style=\"display: none; width: 100%;\" class=\"slide-1019 ms-image \" aria-roledescription=\"slide\" aria-label=\"slide-1019\" data-date=\"2020-03-20 10:41:04\"><img loading=\"lazy\" decoding=\"async\" src=\"http:\/\/schuetzen.schierhorn-nordheide.de\/wp-content\/uploads\/2019\/09\/IMG_8769-700x500.jpg\" height=\"500\" width=\"700\" alt=\"\" class=\"slider-1010 slide-1019\" title=\"IMG_8769\" \/><\/li>\n                <li style=\"display: none; width: 100%;\" class=\"slide-1036 ms-image \" aria-roledescription=\"slide\" aria-label=\"slide-1036\" data-date=\"2020-03-20 12:47:23\"><img loading=\"lazy\" decoding=\"async\" src=\"http:\/\/schuetzen.schierhorn-nordheide.de\/wp-content\/uploads\/2019\/09\/IMG_8759-700x500.jpg\" height=\"500\" width=\"700\" alt=\"\" class=\"slider-1010 slide-1036\" title=\"IMG_8759\" \/><\/li>\n                <li style=\"display: none; width: 100%;\" class=\"slide-1037 ms-image \" aria-roledescription=\"slide\" aria-label=\"slide-1037\" data-date=\"2020-03-20 12:49:01\"><img loading=\"lazy\" decoding=\"async\" src=\"http:\/\/schuetzen.schierhorn-nordheide.de\/wp-content\/uploads\/2019\/09\/IMG_8778-700x500.jpg\" height=\"500\" width=\"700\" alt=\"\" class=\"slider-1010 slide-1037\" title=\"IMG_8778\" \/><\/li>\n                <li style=\"display: none; width: 100%;\" class=\"slide-1039 ms-image \" aria-roledescription=\"slide\" aria-label=\"slide-1039\" data-date=\"2020-03-20 12:49:01\"><img loading=\"lazy\" decoding=\"async\" src=\"http:\/\/schuetzen.schierhorn-nordheide.de\/wp-content\/uploads\/2019\/09\/IMG_8923-700x500.jpg\" height=\"500\" width=\"700\" alt=\"\" class=\"slider-1010 slide-1039\" title=\"IMG_8923\" \/><\/li>\n            <\/ul>\n        <\/div>\n        \n    <\/div>\n<\/div><\/div>\n","protected":false},"excerpt":{"rendered":"<p>Ende Juni 2019 war es soweit, wir haben, wie gro\u00df angek\u00fcndigt, jaaa, selbst im Radio waren wir zu h\u00f6ren, unser Sch\u00fctzenfest gefeiert. Seine, damalige, Majest\u00e4t <a class=\"more-link\" href=\"http:\/\/schuetzen.schierhorn-nordheide.de\/?page_id=919\">weiterlesen&#8230;<\/a><\/p>\n","protected":false},"author":1,"featured_media":1122,"parent":0,"menu_order":0,"comment_status":"closed","ping_status":"closed","template":"","meta":{"footnotes":""},"class_list":["post-919","page","type-page","status-publish","has-post-thumbnail","hentry"],"_links":{"self":[{"href":"http:\/\/schuetzen.schierhorn-nordheide.de\/index.php?rest_route=\/wp\/v2\/pages\/919","targetHints":{"allow":["GET"]}}],"collection":[{"href":"http:\/\/schuetzen.schierhorn-nordheide.de\/index.php?rest_route=\/wp\/v2\/pages"}],"about":[{"href":"http:\/\/schuetzen.schierhorn-nordheide.de\/index.php?rest_route=\/wp\/v2\/types\/page"}],"author":[{"embeddable":true,"href":"http:\/\/schuetzen.schierhorn-nordheide.de\/index.php?rest_route=\/wp\/v2\/users\/1"}],"replies":[{"embeddable":true,"href":"http:\/\/schuetzen.schierhorn-nordheide.de\/index.php?rest_route=%2Fwp%2Fv2%2Fcomments&post=919"}],"version-history":[{"count":6,"href":"http:\/\/schuetzen.schierhorn-nordheide.de\/index.php?rest_route=\/wp\/v2\/pages\/919\/revisions"}],"predecessor-version":[{"id":1642,"href":"http:\/\/schuetzen.schierhorn-nordheide.de\/index.php?rest_route=\/wp\/v2\/pages\/919\/revisions\/1642"}],"wp:featuredmedia":[{"embeddable":true,"href":"http:\/\/schuetzen.schierhorn-nordheide.de\/index.php?rest_route=\/wp\/v2\/media\/1122"}],"wp:attachment":[{"href":"http:\/\/schuetzen.schierhorn-nordheide.de\/index.php?rest_route=%2Fwp%2Fv2%2Fmedia&parent=919"}],"curies":[{"name":"wp","href":"https:\/\/api.w.org\/{rel}","templated":true}]}}