{"id":801,"date":"2020-03-18T14:15:09","date_gmt":"2020-03-18T14:15:09","guid":{"rendered":"http:\/\/schuetzen.schierhorn-nordheide.de\/?page_id=801"},"modified":"2020-04-15T09:13:11","modified_gmt":"2020-04-15T09:13:11","slug":"komm-zu-uns-in-den-spielmannszug","status":"publish","type":"page","link":"http:\/\/schuetzen.schierhorn-nordheide.de\/?page_id=801","title":{"rendered":"Spielmannszug"},"content":{"rendered":"\n<p>Der Spielmannszug Schierhorn wurde im Jahre 1954 gegr\u00fcndet und feierte somit 2004 sein 50 j\u00e4hriges Jubil\u00e4um. Zu Beginn war es ein reiner M\u00e4nnerverein, welcher sich aber im Laufe der Zeit nicht wirklich durchsetzte und so auch Frauen in den Spielmannszug aufgenommen wurden. In all den Jahren seines Bestehens stellte er bei Laternenumz\u00fcgen,&nbsp; Sch\u00fctzen- und anderen Festen die Marschmusik. Neben traditionellen M\u00e4rschen z\u00e4hlen heute auch diverse Stimmungslieder zum Programm. <br><br>Getragen von dem Willen, das Lebenswerk ihres Gr\u00fcnders zu erhalten und auszubauen, wuchs der Spielmannszug Schierhorn zu einer festen Gr\u00f6\u00dfe in der Gemeinde heran. Im Jahr 2024 feiert der Spielmannszug 70 j\u00e4hriges bestehen. <\/p>\n\n\n\n<p>Heute steht den Musikern ein umfangreiches Instrumentarium aus klappenlosen Querfl\u00f6ten (Diskant, Sopran, Alt, Tenor), Lyren und Schlagwerk zur Verf\u00fcgung. Im Repertoire sind historische und moderne M\u00e4rsche, Arrangements f\u00fcr Spielmannsz\u00fcge, Rock\/Pop und Filmmusik zu finden und es erweitert sich fast jedes Jahr.&nbsp;<\/p>\n\n\n\n<p>Wir hoffen, dass auch in Zukunft Junge und Junggebliebene Freude am Spielen finden und somit die Tradition des Spielmannszuges Schierhorn fortgesetzt wird.&nbsp; <br><\/p>\n\n\n\n<p>Der Spielmannszug wurde bisher geleitet von:<\/p>\n\n\n\n<figure class=\"wp-block-table\"><table><tbody><tr><td><strong>seit 2013<\/strong><\/td><td><strong>Claudia Henk<\/strong><\/td><\/tr><tr><td><strong>2012<\/strong><\/td><td><strong>Christian Menth<\/strong><\/td><\/tr><tr><td><strong>2010 \u2013 2012<\/strong><\/td><td><strong>Ann-Kathrin Jander<\/strong><\/td><\/tr><tr><td><strong>2002 \u2013 2010<\/strong><\/td><td><strong>Vanessa Jander (Stv. Sabine Schwartz)<\/strong><\/td><\/tr><tr><td><strong>1998 \u2013 2002<\/strong><\/td><td><strong>Claudia von Bargen<\/strong><\/td><\/tr><tr><td><strong>1996 \u2013 1998<\/strong><\/td><td><strong>Christa Knoll<\/strong><\/td><\/tr><tr><td><strong>1989 \u2013 1996<\/strong><\/td><td><strong>Hans-Joachim Rademacher<\/strong><\/td><\/tr><tr><td><strong>1974 \u2013 1989<\/strong><\/td><td><strong>Josef Bittmann<\/strong><\/td><\/tr><\/tbody><\/table><\/figure>\n","protected":false},"excerpt":{"rendered":"<p>Der Spielmannszug Schierhorn wurde im Jahre 1954 gegr\u00fcndet und feierte somit 2004 sein 50 j\u00e4hriges Jubil\u00e4um. Zu Beginn war es ein reiner M\u00e4nnerverein, welcher sich <a class=\"more-link\" href=\"http:\/\/schuetzen.schierhorn-nordheide.de\/?page_id=801\">weiterlesen&#8230;<\/a><\/p>\n","protected":false},"author":1,"featured_media":1123,"parent":0,"menu_order":0,"comment_status":"closed","ping_status":"closed","template":"","meta":{"footnotes":""},"class_list":["post-801","page","type-page","status-publish","has-post-thumbnail","hentry"],"_links":{"self":[{"href":"http:\/\/schuetzen.schierhorn-nordheide.de\/index.php?rest_route=\/wp\/v2\/pages\/801","targetHints":{"allow":["GET"]}}],"collection":[{"href":"http:\/\/schuetzen.schierhorn-nordheide.de\/index.php?rest_route=\/wp\/v2\/pages"}],"about":[{"href":"http:\/\/schuetzen.schierhorn-nordheide.de\/index.php?rest_route=\/wp\/v2\/types\/page"}],"author":[{"embeddable":true,"href":"http:\/\/schuetzen.schierhorn-nordheide.de\/index.php?rest_route=\/wp\/v2\/users\/1"}],"replies":[{"embeddable":true,"href":"http:\/\/schuetzen.schierhorn-nordheide.de\/index.php?rest_route=%2Fwp%2Fv2%2Fcomments&post=801"}],"version-history":[{"count":12,"href":"http:\/\/schuetzen.schierhorn-nordheide.de\/index.php?rest_route=\/wp\/v2\/pages\/801\/revisions"}],"predecessor-version":[{"id":1294,"href":"http:\/\/schuetzen.schierhorn-nordheide.de\/index.php?rest_route=\/wp\/v2\/pages\/801\/revisions\/1294"}],"wp:featuredmedia":[{"embeddable":true,"href":"http:\/\/schuetzen.schierhorn-nordheide.de\/index.php?rest_route=\/wp\/v2\/media\/1123"}],"wp:attachment":[{"href":"http:\/\/schuetzen.schierhorn-nordheide.de\/index.php?rest_route=%2Fwp%2Fv2%2Fmedia&parent=801"}],"curies":[{"name":"wp","href":"https:\/\/api.w.org\/{rel}","templated":true}]}}