{"id":73,"date":"2016-10-02T20:21:01","date_gmt":"2016-10-02T20:21:01","guid":{"rendered":"http:\/\/schuetzen.schierhorn-nordheide.de\/?page_id=73"},"modified":"2020-03-19T10:06:12","modified_gmt":"2020-03-19T10:06:12","slug":"vorstand","status":"publish","type":"page","link":"http:\/\/schuetzen.schierhorn-nordheide.de\/?page_id=73","title":{"rendered":"Vorstand"},"content":{"rendered":"<p style=\"margin: 0cm 0cm 0.0001pt;\"><span style=\"font-family: 'Arial',sans-serif;\"><img loading=\"lazy\" decoding=\"async\" class=\"alignnone size-medium wp-image-47\" src=\"http:\/\/schuetzen.schierhorn-nordheide.de\/wp-content\/uploads\/2016\/09\/Vorstand-300x169.jpg\" alt=\"vorstand\" width=\"300\" height=\"169\" srcset=\"http:\/\/schuetzen.schierhorn-nordheide.de\/wp-content\/uploads\/2016\/09\/Vorstand-300x169.jpg 300w, http:\/\/schuetzen.schierhorn-nordheide.de\/wp-content\/uploads\/2016\/09\/Vorstand.jpg 600w\" sizes=\"auto, (max-width: 300px) 100vw, 300px\" \/>\u00a0<\/span><\/p>\n<p style=\"margin: 0cm 0cm 0.0001pt; text-align: left;\"><span style=\"font-family: 'Arial',sans-serif;\">Unser Vorstand setzt sich wie folgt zusammen:<\/span><\/p>\n<p style=\"margin: 0cm 0cm 0.0001pt; text-align: left;\"><span style=\"font-family: 'Arial',sans-serif;\">\u00a0<\/span><\/p>\n<p style=\"margin: 0cm; margin-bottom: .0001pt;\"><span style=\"font-family: 'Arial',sans-serif;\">Pr\u00e4sident: Thorsten Henck (2.von links)<br \/>\n<\/span><\/p>\n<p style=\"margin: 0cm; margin-bottom: .0001pt;\"><span style=\"font-family: 'Arial',sans-serif;\">Vizepr\u00e4sident: Arne Henk (ganz rechts)<br \/>\n<\/span><\/p>\n<p style=\"margin: 0cm; margin-bottom: .0001pt;\"><span style=\"font-family: 'Arial',sans-serif;\">Schriftf\u00fchrer: Ralf Jankowski (2. von rechts)<br \/>\n<\/span><\/p>\n<p style=\"margin: 0cm; margin-bottom: .0001pt;\"><span style=\"font-family: 'Arial',sans-serif;\">Kassenwart: Benjamin Fehling (ganz links)<br \/>\n<\/span><\/p>\n","protected":false},"excerpt":{"rendered":"<p>\u00a0 Unser Vorstand setzt sich wie folgt zusammen: \u00a0 Pr\u00e4sident: Thorsten Henck (2.von links) Vizepr\u00e4sident: Arne Henk (ganz rechts) Schriftf\u00fchrer: Ralf Jankowski (2. von rechts) <a class=\"more-link\" href=\"http:\/\/schuetzen.schierhorn-nordheide.de\/?page_id=73\">weiterlesen&#8230;<\/a><\/p>\n","protected":false},"author":1,"featured_media":0,"parent":0,"menu_order":0,"comment_status":"closed","ping_status":"closed","template":"","meta":{"footnotes":""},"class_list":["post-73","page","type-page","status-publish","hentry"],"_links":{"self":[{"href":"http:\/\/schuetzen.schierhorn-nordheide.de\/index.php?rest_route=\/wp\/v2\/pages\/73","targetHints":{"allow":["GET"]}}],"collection":[{"href":"http:\/\/schuetzen.schierhorn-nordheide.de\/index.php?rest_route=\/wp\/v2\/pages"}],"about":[{"href":"http:\/\/schuetzen.schierhorn-nordheide.de\/index.php?rest_route=\/wp\/v2\/types\/page"}],"author":[{"embeddable":true,"href":"http:\/\/schuetzen.schierhorn-nordheide.de\/index.php?rest_route=\/wp\/v2\/users\/1"}],"replies":[{"embeddable":true,"href":"http:\/\/schuetzen.schierhorn-nordheide.de\/index.php?rest_route=%2Fwp%2Fv2%2Fcomments&post=73"}],"version-history":[{"count":4,"href":"http:\/\/schuetzen.schierhorn-nordheide.de\/index.php?rest_route=\/wp\/v2\/pages\/73\/revisions"}],"predecessor-version":[{"id":893,"href":"http:\/\/schuetzen.schierhorn-nordheide.de\/index.php?rest_route=\/wp\/v2\/pages\/73\/revisions\/893"}],"wp:attachment":[{"href":"http:\/\/schuetzen.schierhorn-nordheide.de\/index.php?rest_route=%2Fwp%2Fv2%2Fmedia&parent=73"}],"curies":[{"name":"wp","href":"https:\/\/api.w.org\/{rel}","templated":true}]}}