{"id":34,"date":"2016-09-26T10:27:14","date_gmt":"2016-09-26T10:27:14","guid":{"rendered":"http:\/\/schuetzen.schierhorn-nordheide.de\/?page_id=34"},"modified":"2025-07-09T07:42:07","modified_gmt":"2025-07-09T07:42:07","slug":"vereinsleben","status":"publish","type":"page","link":"http:\/\/schuetzen.schierhorn-nordheide.de\/","title":{"rendered":""},"content":{"rendered":"\n<p class=\"has-text-align-center\" style=\"font-size:25px\"><strong>Unsere K\u00f6nigscrew 2025\/2026 mit der amtierenden Majest\u00e4t Christian Baasch und seiner Frau der Damenk\u00f6nigin Sandra Baasch hei\u00dft Sie Herzlich willkommen!<\/strong><\/p>\n\n\n\n<figure class=\"wp-block-image size-large\"><img loading=\"lazy\" decoding=\"async\" width=\"768\" height=\"1024\" src=\"http:\/\/schuetzen.schierhorn-nordheide.de\/wp-content\/uploads\/2025\/07\/IMG_5121-768x1024.jpg\" alt=\"\" class=\"wp-image-2486\" srcset=\"http:\/\/schuetzen.schierhorn-nordheide.de\/wp-content\/uploads\/2025\/07\/IMG_5121-768x1024.jpg 768w, http:\/\/schuetzen.schierhorn-nordheide.de\/wp-content\/uploads\/2025\/07\/IMG_5121-225x300.jpg 225w, http:\/\/schuetzen.schierhorn-nordheide.de\/wp-content\/uploads\/2025\/07\/IMG_5121-1152x1536.jpg 1152w, http:\/\/schuetzen.schierhorn-nordheide.de\/wp-content\/uploads\/2025\/07\/IMG_5121-1536x2048.jpg 1536w, http:\/\/schuetzen.schierhorn-nordheide.de\/wp-content\/uploads\/2025\/07\/IMG_5121-scaled.jpg 1920w\" sizes=\"auto, (max-width: 768px) 100vw, 768px\" \/><\/figure>\n\n\n\n<p>von links: Adjutant Thorsten Henck, Adjutant Volker Borowi mit seiner Frau Tatjana, K\u00f6nigspaar seine Majest\u00e4t Christian und Sandra Baasch, Adjutant Ralf Jankowski mit seiner Frau Claudia &amp; Adjutant Mario R\u00fcsch mit seiner Frau Miriam.<\/p>\n","protected":false},"excerpt":{"rendered":"<p>Unsere K\u00f6nigscrew 2025\/2026 mit der amtierenden Majest\u00e4t Christian Baasch und seiner Frau der Damenk\u00f6nigin Sandra Baasch hei\u00dft Sie Herzlich willkommen! von links: Adjutant Thorsten Henck, <a class=\"more-link\" href=\"http:\/\/schuetzen.schierhorn-nordheide.de\/\">weiterlesen&#8230;<\/a><\/p>\n","protected":false},"author":1,"featured_media":0,"parent":0,"menu_order":1,"comment_status":"closed","ping_status":"closed","template":"","meta":{"footnotes":""},"class_list":["post-34","page","type-page","status-publish","hentry"],"_links":{"self":[{"href":"http:\/\/schuetzen.schierhorn-nordheide.de\/index.php?rest_route=\/wp\/v2\/pages\/34","targetHints":{"allow":["GET"]}}],"collection":[{"href":"http:\/\/schuetzen.schierhorn-nordheide.de\/index.php?rest_route=\/wp\/v2\/pages"}],"about":[{"href":"http:\/\/schuetzen.schierhorn-nordheide.de\/index.php?rest_route=\/wp\/v2\/types\/page"}],"author":[{"embeddable":true,"href":"http:\/\/schuetzen.schierhorn-nordheide.de\/index.php?rest_route=\/wp\/v2\/users\/1"}],"replies":[{"embeddable":true,"href":"http:\/\/schuetzen.schierhorn-nordheide.de\/index.php?rest_route=%2Fwp%2Fv2%2Fcomments&post=34"}],"version-history":[{"count":24,"href":"http:\/\/schuetzen.schierhorn-nordheide.de\/index.php?rest_route=\/wp\/v2\/pages\/34\/revisions"}],"predecessor-version":[{"id":2488,"href":"http:\/\/schuetzen.schierhorn-nordheide.de\/index.php?rest_route=\/wp\/v2\/pages\/34\/revisions\/2488"}],"wp:attachment":[{"href":"http:\/\/schuetzen.schierhorn-nordheide.de\/index.php?rest_route=%2Fwp%2Fv2%2Fmedia&parent=34"}],"curies":[{"name":"wp","href":"https:\/\/api.w.org\/{rel}","templated":true}]}}