{"id":2583,"date":"2026-01-05T09:15:46","date_gmt":"2026-01-05T09:15:46","guid":{"rendered":"http:\/\/schuetzen.schierhorn-nordheide.de\/?page_id=2583"},"modified":"2026-01-05T09:15:46","modified_gmt":"2026-01-05T09:15:46","slug":"lg-kreismeisterschaft","status":"publish","type":"page","link":"http:\/\/schuetzen.schierhorn-nordheide.de\/?page_id=2583","title":{"rendered":"LG-Kreismeisterschaft"},"content":{"rendered":"\n<p>Hallo zusammen, ich w\u00fcnsche euch ein frohes und gesundes neues Jahr. <\/p>\n\n\n\n<p>Im Zuge des Vereinsmeisterschie\u00dfens mit dem Luftgewehr gibt es \u00c4nderungen und Erweiterungen. Dies geschieht, damit wir uns die Teilnahmeberechtigung an den Kreismeisterschaften sichern k\u00f6nnen. Die Voraussetzungen entnehmt ihr bitte dem Anhang.<\/p>\n\n\n\n<p>F\u00fcr R\u00fcckfragen k\u00f6nnt ihr euch gerne im Vorfeld bei mir melden oder kommt einfach am Mittwoch, dem 07.01.2026 zum Schie\u00dfen ins Sch\u00fctzenhaus. Viele Gr\u00fc\u00dfe Carsten Henk<\/p>\n\n\n\n<figure class=\"wp-block-image size-full\"><img loading=\"lazy\" decoding=\"async\" width=\"495\" height=\"462\" src=\"http:\/\/schuetzen.schierhorn-nordheide.de\/wp-content\/uploads\/2026\/01\/image-2.png\" alt=\"\" class=\"wp-image-2584\" srcset=\"http:\/\/schuetzen.schierhorn-nordheide.de\/wp-content\/uploads\/2026\/01\/image-2.png 495w, http:\/\/schuetzen.schierhorn-nordheide.de\/wp-content\/uploads\/2026\/01\/image-2-300x280.png 300w\" sizes=\"auto, (max-width: 495px) 100vw, 495px\" \/><\/figure>\n\n\n\n<figure class=\"wp-block-image size-full\"><img loading=\"lazy\" decoding=\"async\" width=\"509\" height=\"681\" src=\"http:\/\/schuetzen.schierhorn-nordheide.de\/wp-content\/uploads\/2026\/01\/image-3.png\" alt=\"\" class=\"wp-image-2585\" srcset=\"http:\/\/schuetzen.schierhorn-nordheide.de\/wp-content\/uploads\/2026\/01\/image-3.png 509w, http:\/\/schuetzen.schierhorn-nordheide.de\/wp-content\/uploads\/2026\/01\/image-3-224x300.png 224w\" sizes=\"auto, (max-width: 509px) 100vw, 509px\" \/><\/figure>\n","protected":false},"excerpt":{"rendered":"<p>Hallo zusammen, ich w\u00fcnsche euch ein frohes und gesundes neues Jahr. Im Zuge des Vereinsmeisterschie\u00dfens mit dem Luftgewehr gibt es \u00c4nderungen und Erweiterungen. Dies geschieht, <a class=\"more-link\" href=\"http:\/\/schuetzen.schierhorn-nordheide.de\/?page_id=2583\">weiterlesen&#8230;<\/a><\/p>\n","protected":false},"author":1,"featured_media":2494,"parent":0,"menu_order":0,"comment_status":"closed","ping_status":"closed","template":"","meta":{"footnotes":""},"class_list":["post-2583","page","type-page","status-publish","has-post-thumbnail","hentry"],"_links":{"self":[{"href":"http:\/\/schuetzen.schierhorn-nordheide.de\/index.php?rest_route=\/wp\/v2\/pages\/2583","targetHints":{"allow":["GET"]}}],"collection":[{"href":"http:\/\/schuetzen.schierhorn-nordheide.de\/index.php?rest_route=\/wp\/v2\/pages"}],"about":[{"href":"http:\/\/schuetzen.schierhorn-nordheide.de\/index.php?rest_route=\/wp\/v2\/types\/page"}],"author":[{"embeddable":true,"href":"http:\/\/schuetzen.schierhorn-nordheide.de\/index.php?rest_route=\/wp\/v2\/users\/1"}],"replies":[{"embeddable":true,"href":"http:\/\/schuetzen.schierhorn-nordheide.de\/index.php?rest_route=%2Fwp%2Fv2%2Fcomments&post=2583"}],"version-history":[{"count":1,"href":"http:\/\/schuetzen.schierhorn-nordheide.de\/index.php?rest_route=\/wp\/v2\/pages\/2583\/revisions"}],"predecessor-version":[{"id":2588,"href":"http:\/\/schuetzen.schierhorn-nordheide.de\/index.php?rest_route=\/wp\/v2\/pages\/2583\/revisions\/2588"}],"wp:featuredmedia":[{"embeddable":true,"href":"http:\/\/schuetzen.schierhorn-nordheide.de\/index.php?rest_route=\/wp\/v2\/media\/2494"}],"wp:attachment":[{"href":"http:\/\/schuetzen.schierhorn-nordheide.de\/index.php?rest_route=%2Fwp%2Fv2%2Fmedia&parent=2583"}],"curies":[{"name":"wp","href":"https:\/\/api.w.org\/{rel}","templated":true}]}}