{"id":2532,"date":"2025-10-24T09:36:56","date_gmt":"2025-10-24T09:36:56","guid":{"rendered":"http:\/\/schuetzen.schierhorn-nordheide.de\/?page_id=2532"},"modified":"2025-10-24T09:41:32","modified_gmt":"2025-10-24T09:41:32","slug":"rueckblick-freundschaftsfest-sv-schierhorn-sv-wesel","status":"publish","type":"page","link":"http:\/\/schuetzen.schierhorn-nordheide.de\/?page_id=2532","title":{"rendered":"R\u00fcckblick Freundschaftsfest SV Schierhorn &amp; SV Wesel"},"content":{"rendered":"\n<p>Beim k\u00fchlen Bier auf dem Schierhorner Sch\u00fctzenfest kam bei uns die Frage auf, wann wir eigentlich wieder ein Freundschaftstreffen (Parkplatzparty) zwischen unseren beiden Br\u00fcdervereinen feiern wollen. Nicht lang nachgedacht und flux einen Termin ausgeguckt und das bew\u00e4hrte Orga-Team zusammengerufen. Das Ziel war klar \u2013 Ein sch\u00f6ner Tag gemeinsam bei Mampf und Kampf!<br>Mitte August war es dann soweit und weit mehr als die 50 angemeldeten Teilnehmer aus beiden Vereinen, trafen sich bei bestem Wetter an der Heidehalle. Nach einer St\u00e4rkung am Grill von Gerd &amp; Klaus und der sensationellen Pilzpfanne von Lucia &amp; Uwe wurde ein vereins\u00fcbergreifender Wettkampf angeboten. Beim Schie\u00dfen, Darts und Knobeln konnten sich die ausgelosten Zweierteams dann besser kennenlernen und gemeinsam auf Punktejagd gehen. Schlussendlich konnten sich Schiller &amp; J\u00f6rg knapp vor Vincent &amp; Schwaddi und Caren &amp; Raffi durchsetzen &#8211; Herzlichen Gl\u00fcckwunsch!<br>Ein gro\u00dfer Dank geht noch an Marion und Stephan, die mit Ihren gro\u00dfz\u00fcgigen Spenden das Fest noch bunter gemacht haben und nat\u00fcrlich auch an all die kleinen Helferlein. Des Weiteren konnten wir nach Abrechnung des tollen Tages auch wieder unsere Jugendabteilungen und den Spielmannszug mit Spenden unterst\u00fctzen.<\/p>\n\n\n\n<p>Wir freuen uns schon auf n\u00e4chstes Jahr, wenn wir dann beim Freundschaftsfest in Schierhorn gemeinsam feiern und so nebenbei weiter zusammenwachsen.<\/p>\n\n\n\n<p>Viele Gr\u00fc\u00dfe<br>J\u00f6rg, Volker &amp; das Orga-Team<\/p>\n\n\n\n<figure class=\"wp-block-gallery has-nested-images columns-default is-cropped wp-block-gallery-1 is-layout-flex wp-block-gallery-is-layout-flex\">\n<figure class=\"wp-block-image size-large\"><img loading=\"lazy\" decoding=\"async\" width=\"1024\" height=\"768\" data-id=\"2535\" src=\"http:\/\/schuetzen.schierhorn-nordheide.de\/wp-content\/uploads\/2025\/10\/35f0ed61-07a7-48bf-af0c-74ba5aa3f1e0-1-1024x768.jpg\" alt=\"\" class=\"wp-image-2535\" srcset=\"http:\/\/schuetzen.schierhorn-nordheide.de\/wp-content\/uploads\/2025\/10\/35f0ed61-07a7-48bf-af0c-74ba5aa3f1e0-1-1024x768.jpg 1024w, http:\/\/schuetzen.schierhorn-nordheide.de\/wp-content\/uploads\/2025\/10\/35f0ed61-07a7-48bf-af0c-74ba5aa3f1e0-1-300x225.jpg 300w, http:\/\/schuetzen.schierhorn-nordheide.de\/wp-content\/uploads\/2025\/10\/35f0ed61-07a7-48bf-af0c-74ba5aa3f1e0-1-768x576.jpg 768w, http:\/\/schuetzen.schierhorn-nordheide.de\/wp-content\/uploads\/2025\/10\/35f0ed61-07a7-48bf-af0c-74ba5aa3f1e0-1-1536x1152.jpg 1536w, http:\/\/schuetzen.schierhorn-nordheide.de\/wp-content\/uploads\/2025\/10\/35f0ed61-07a7-48bf-af0c-74ba5aa3f1e0-1-2048x1536.jpg 2048w, http:\/\/schuetzen.schierhorn-nordheide.de\/wp-content\/uploads\/2025\/10\/35f0ed61-07a7-48bf-af0c-74ba5aa3f1e0-1-350x263.jpg 350w, http:\/\/schuetzen.schierhorn-nordheide.de\/wp-content\/uploads\/2025\/10\/35f0ed61-07a7-48bf-af0c-74ba5aa3f1e0-1-780x586.jpg 780w, http:\/\/schuetzen.schierhorn-nordheide.de\/wp-content\/uploads\/2025\/10\/35f0ed61-07a7-48bf-af0c-74ba5aa3f1e0-1-250x188.jpg 250w\" sizes=\"auto, (max-width: 1024px) 100vw, 1024px\" \/><\/figure>\n\n\n\n<figure class=\"wp-block-image size-large\"><img loading=\"lazy\" decoding=\"async\" width=\"1024\" height=\"768\" data-id=\"2540\" src=\"http:\/\/schuetzen.schierhorn-nordheide.de\/wp-content\/uploads\/2025\/10\/ea213d55-273f-4f2f-a600-efc13912fcaa-1-1024x768.jpg\" alt=\"\" class=\"wp-image-2540\" srcset=\"http:\/\/schuetzen.schierhorn-nordheide.de\/wp-content\/uploads\/2025\/10\/ea213d55-273f-4f2f-a600-efc13912fcaa-1-1024x768.jpg 1024w, http:\/\/schuetzen.schierhorn-nordheide.de\/wp-content\/uploads\/2025\/10\/ea213d55-273f-4f2f-a600-efc13912fcaa-1-300x225.jpg 300w, http:\/\/schuetzen.schierhorn-nordheide.de\/wp-content\/uploads\/2025\/10\/ea213d55-273f-4f2f-a600-efc13912fcaa-1-768x576.jpg 768w, http:\/\/schuetzen.schierhorn-nordheide.de\/wp-content\/uploads\/2025\/10\/ea213d55-273f-4f2f-a600-efc13912fcaa-1-1536x1152.jpg 1536w, http:\/\/schuetzen.schierhorn-nordheide.de\/wp-content\/uploads\/2025\/10\/ea213d55-273f-4f2f-a600-efc13912fcaa-1-350x263.jpg 350w, http:\/\/schuetzen.schierhorn-nordheide.de\/wp-content\/uploads\/2025\/10\/ea213d55-273f-4f2f-a600-efc13912fcaa-1-780x586.jpg 780w, http:\/\/schuetzen.schierhorn-nordheide.de\/wp-content\/uploads\/2025\/10\/ea213d55-273f-4f2f-a600-efc13912fcaa-1-250x188.jpg 250w, http:\/\/schuetzen.schierhorn-nordheide.de\/wp-content\/uploads\/2025\/10\/ea213d55-273f-4f2f-a600-efc13912fcaa-1.jpg 1600w\" sizes=\"auto, (max-width: 1024px) 100vw, 1024px\" \/><\/figure>\n\n\n\n<figure class=\"wp-block-image size-large\"><img loading=\"lazy\" decoding=\"async\" width=\"1024\" height=\"768\" data-id=\"2534\" src=\"http:\/\/schuetzen.schierhorn-nordheide.de\/wp-content\/uploads\/2025\/10\/9c45f775-cd2b-49cf-9a71-6f036dba6e77-1024x768.jpg\" alt=\"\" class=\"wp-image-2534\" srcset=\"http:\/\/schuetzen.schierhorn-nordheide.de\/wp-content\/uploads\/2025\/10\/9c45f775-cd2b-49cf-9a71-6f036dba6e77-1024x768.jpg 1024w, http:\/\/schuetzen.schierhorn-nordheide.de\/wp-content\/uploads\/2025\/10\/9c45f775-cd2b-49cf-9a71-6f036dba6e77-300x225.jpg 300w, http:\/\/schuetzen.schierhorn-nordheide.de\/wp-content\/uploads\/2025\/10\/9c45f775-cd2b-49cf-9a71-6f036dba6e77-768x576.jpg 768w, http:\/\/schuetzen.schierhorn-nordheide.de\/wp-content\/uploads\/2025\/10\/9c45f775-cd2b-49cf-9a71-6f036dba6e77-1536x1152.jpg 1536w, http:\/\/schuetzen.schierhorn-nordheide.de\/wp-content\/uploads\/2025\/10\/9c45f775-cd2b-49cf-9a71-6f036dba6e77-2048x1536.jpg 2048w, http:\/\/schuetzen.schierhorn-nordheide.de\/wp-content\/uploads\/2025\/10\/9c45f775-cd2b-49cf-9a71-6f036dba6e77-350x263.jpg 350w, http:\/\/schuetzen.schierhorn-nordheide.de\/wp-content\/uploads\/2025\/10\/9c45f775-cd2b-49cf-9a71-6f036dba6e77-780x586.jpg 780w, http:\/\/schuetzen.schierhorn-nordheide.de\/wp-content\/uploads\/2025\/10\/9c45f775-cd2b-49cf-9a71-6f036dba6e77-250x188.jpg 250w\" sizes=\"auto, (max-width: 1024px) 100vw, 1024px\" \/><\/figure>\n<\/figure>\n\n\n\n<p><\/p>\n\n\n\n<figure class=\"wp-block-gallery has-nested-images columns-default is-cropped wp-block-gallery-2 is-layout-flex wp-block-gallery-is-layout-flex\">\n<figure class=\"wp-block-image size-large\"><img loading=\"lazy\" decoding=\"async\" width=\"1024\" height=\"768\" data-id=\"2537\" src=\"http:\/\/schuetzen.schierhorn-nordheide.de\/wp-content\/uploads\/2025\/10\/db2fa3a6-595b-4fa7-b34c-9e142352be95-1-1024x768.jpg\" alt=\"\" class=\"wp-image-2537\" srcset=\"http:\/\/schuetzen.schierhorn-nordheide.de\/wp-content\/uploads\/2025\/10\/db2fa3a6-595b-4fa7-b34c-9e142352be95-1-1024x768.jpg 1024w, http:\/\/schuetzen.schierhorn-nordheide.de\/wp-content\/uploads\/2025\/10\/db2fa3a6-595b-4fa7-b34c-9e142352be95-1-300x225.jpg 300w, http:\/\/schuetzen.schierhorn-nordheide.de\/wp-content\/uploads\/2025\/10\/db2fa3a6-595b-4fa7-b34c-9e142352be95-1-768x576.jpg 768w, http:\/\/schuetzen.schierhorn-nordheide.de\/wp-content\/uploads\/2025\/10\/db2fa3a6-595b-4fa7-b34c-9e142352be95-1-1536x1152.jpg 1536w, http:\/\/schuetzen.schierhorn-nordheide.de\/wp-content\/uploads\/2025\/10\/db2fa3a6-595b-4fa7-b34c-9e142352be95-1-350x263.jpg 350w, http:\/\/schuetzen.schierhorn-nordheide.de\/wp-content\/uploads\/2025\/10\/db2fa3a6-595b-4fa7-b34c-9e142352be95-1-780x586.jpg 780w, http:\/\/schuetzen.schierhorn-nordheide.de\/wp-content\/uploads\/2025\/10\/db2fa3a6-595b-4fa7-b34c-9e142352be95-1-250x188.jpg 250w, http:\/\/schuetzen.schierhorn-nordheide.de\/wp-content\/uploads\/2025\/10\/db2fa3a6-595b-4fa7-b34c-9e142352be95-1.jpg 1600w\" sizes=\"auto, (max-width: 1024px) 100vw, 1024px\" \/><\/figure>\n\n\n\n<figure class=\"wp-block-image size-large\"><img loading=\"lazy\" decoding=\"async\" width=\"768\" height=\"1024\" data-id=\"2538\" src=\"http:\/\/schuetzen.schierhorn-nordheide.de\/wp-content\/uploads\/2025\/10\/2816f798-a4df-4400-b16e-fe254ffa8f0f-768x1024.jpg\" alt=\"\" class=\"wp-image-2538\" srcset=\"http:\/\/schuetzen.schierhorn-nordheide.de\/wp-content\/uploads\/2025\/10\/2816f798-a4df-4400-b16e-fe254ffa8f0f-768x1024.jpg 768w, http:\/\/schuetzen.schierhorn-nordheide.de\/wp-content\/uploads\/2025\/10\/2816f798-a4df-4400-b16e-fe254ffa8f0f-225x300.jpg 225w, http:\/\/schuetzen.schierhorn-nordheide.de\/wp-content\/uploads\/2025\/10\/2816f798-a4df-4400-b16e-fe254ffa8f0f-1152x1536.jpg 1152w, http:\/\/schuetzen.schierhorn-nordheide.de\/wp-content\/uploads\/2025\/10\/2816f798-a4df-4400-b16e-fe254ffa8f0f.jpg 1536w\" sizes=\"auto, (max-width: 768px) 100vw, 768px\" \/><\/figure>\n<\/figure>\n","protected":false},"excerpt":{"rendered":"<p>Beim k\u00fchlen Bier auf dem Schierhorner Sch\u00fctzenfest kam bei uns die Frage auf, wann wir eigentlich wieder ein Freundschaftstreffen (Parkplatzparty) zwischen unseren beiden Br\u00fcdervereinen feiern <a class=\"more-link\" href=\"http:\/\/schuetzen.schierhorn-nordheide.de\/?page_id=2532\">weiterlesen&#8230;<\/a><\/p>\n","protected":false},"author":1,"featured_media":2494,"parent":0,"menu_order":0,"comment_status":"closed","ping_status":"closed","template":"","meta":{"footnotes":""},"class_list":["post-2532","page","type-page","status-publish","has-post-thumbnail","hentry"],"_links":{"self":[{"href":"http:\/\/schuetzen.schierhorn-nordheide.de\/index.php?rest_route=\/wp\/v2\/pages\/2532","targetHints":{"allow":["GET"]}}],"collection":[{"href":"http:\/\/schuetzen.schierhorn-nordheide.de\/index.php?rest_route=\/wp\/v2\/pages"}],"about":[{"href":"http:\/\/schuetzen.schierhorn-nordheide.de\/index.php?rest_route=\/wp\/v2\/types\/page"}],"author":[{"embeddable":true,"href":"http:\/\/schuetzen.schierhorn-nordheide.de\/index.php?rest_route=\/wp\/v2\/users\/1"}],"replies":[{"embeddable":true,"href":"http:\/\/schuetzen.schierhorn-nordheide.de\/index.php?rest_route=%2Fwp%2Fv2%2Fcomments&post=2532"}],"version-history":[{"count":4,"href":"http:\/\/schuetzen.schierhorn-nordheide.de\/index.php?rest_route=\/wp\/v2\/pages\/2532\/revisions"}],"predecessor-version":[{"id":2548,"href":"http:\/\/schuetzen.schierhorn-nordheide.de\/index.php?rest_route=\/wp\/v2\/pages\/2532\/revisions\/2548"}],"wp:featuredmedia":[{"embeddable":true,"href":"http:\/\/schuetzen.schierhorn-nordheide.de\/index.php?rest_route=\/wp\/v2\/media\/2494"}],"wp:attachment":[{"href":"http:\/\/schuetzen.schierhorn-nordheide.de\/index.php?rest_route=%2Fwp%2Fv2%2Fmedia&parent=2532"}],"curies":[{"name":"wp","href":"https:\/\/api.w.org\/{rel}","templated":true}]}}