{"id":2514,"date":"2025-10-01T08:47:57","date_gmt":"2025-10-01T08:47:57","guid":{"rendered":"http:\/\/schuetzen.schierhorn-nordheide.de\/?page_id=2514"},"modified":"2025-10-01T08:49:10","modified_gmt":"2025-10-01T08:49:10","slug":"ergebnisse-schlussschiessen-2025","status":"publish","type":"page","link":"http:\/\/schuetzen.schierhorn-nordheide.de\/?page_id=2514","title":{"rendered":"Ergebnisse Schlussschie\u00dfen 2025"},"content":{"rendered":"\n<p>Am 27.09.2025 fand unser diesj\u00e4hriges Schlussschie\u00dfen in Schierhorn statt.<\/p>\n\n\n\n<p>In diesem Jahr war es besonders spannend, da gleich drei Sch\u00fctzenbr\u00fcder und eine Sch\u00fctzenschwester um die W\u00fcrde des Vizek\u00f6nigs gerungen haben. Aber wie immer kann es nur einen Vizek\u00f6nig oder eine Vizek\u00f6nigin geben \u2013 und dieses Jahr hat es direkt beim ersten Anlauf bei Andr\u00e9 Emma geklappt. Die Freude seinerseits war riesig und wurde mit einigen Kaltgetr\u00e4nken gefeiert. Nun ist er mit seiner Frau Britta und seiner Crew bereit, beim Partyzug 2.0 bei der amtierenden Majest\u00e4t Christian Baasch mit aufzuspringen.<\/p>\n\n\n\n<p>Bei der Jugend hat sich Carina Blecken in diesem Jahr erfolgreich gegen ihre Konkurrenz durchgesetzt und ist neue Vizek\u00f6nigin geworden.<\/p>\n\n\n\n<figure class=\"wp-block-gallery has-nested-images columns-default is-cropped wp-block-gallery-1 is-layout-flex wp-block-gallery-is-layout-flex\">\n<figure class=\"wp-block-image size-large\"><img loading=\"lazy\" decoding=\"async\" width=\"768\" height=\"1024\" data-id=\"2519\" src=\"http:\/\/schuetzen.schierhorn-nordheide.de\/wp-content\/uploads\/2025\/10\/IMG_6171-768x1024.jpeg\" alt=\"\" class=\"wp-image-2519\" srcset=\"http:\/\/schuetzen.schierhorn-nordheide.de\/wp-content\/uploads\/2025\/10\/IMG_6171-768x1024.jpeg 768w, http:\/\/schuetzen.schierhorn-nordheide.de\/wp-content\/uploads\/2025\/10\/IMG_6171-225x300.jpeg 225w, http:\/\/schuetzen.schierhorn-nordheide.de\/wp-content\/uploads\/2025\/10\/IMG_6171-1152x1536.jpeg 1152w, http:\/\/schuetzen.schierhorn-nordheide.de\/wp-content\/uploads\/2025\/10\/IMG_6171-1536x2048.jpeg 1536w, http:\/\/schuetzen.schierhorn-nordheide.de\/wp-content\/uploads\/2025\/10\/IMG_6171-scaled.jpeg 1920w\" sizes=\"auto, (max-width: 768px) 100vw, 768px\" \/><\/figure>\n<\/figure>\n\n\n\n<figure class=\"wp-block-image size-large\"><img loading=\"lazy\" decoding=\"async\" width=\"768\" height=\"1024\" src=\"http:\/\/schuetzen.schierhorn-nordheide.de\/wp-content\/uploads\/2025\/10\/JS-Carina-Blecken-Lara-Lotte-2-768x1024.jpeg\" alt=\"\" class=\"wp-image-2522\" srcset=\"http:\/\/schuetzen.schierhorn-nordheide.de\/wp-content\/uploads\/2025\/10\/JS-Carina-Blecken-Lara-Lotte-2-768x1024.jpeg 768w, http:\/\/schuetzen.schierhorn-nordheide.de\/wp-content\/uploads\/2025\/10\/JS-Carina-Blecken-Lara-Lotte-2-225x300.jpeg 225w, http:\/\/schuetzen.schierhorn-nordheide.de\/wp-content\/uploads\/2025\/10\/JS-Carina-Blecken-Lara-Lotte-2-1152x1536.jpeg 1152w, http:\/\/schuetzen.schierhorn-nordheide.de\/wp-content\/uploads\/2025\/10\/JS-Carina-Blecken-Lara-Lotte-2-1536x2048.jpeg 1536w, http:\/\/schuetzen.schierhorn-nordheide.de\/wp-content\/uploads\/2025\/10\/JS-Carina-Blecken-Lara-Lotte-2-scaled.jpeg 1920w\" sizes=\"auto, (max-width: 768px) 100vw, 768px\" \/><\/figure>\n\n\n\n<p>von links: Adjutantin Lara H\u00f6lzinger und Lotte Bendt, Jungsch\u00fctzenvizek\u00f6nigin Carina Blecken<\/p>\n\n\n\n<figure class=\"wp-block-gallery has-nested-images columns-default is-cropped wp-block-gallery-2 is-layout-flex wp-block-gallery-is-layout-flex\">\n<figure class=\"wp-block-image size-large\"><img loading=\"lazy\" decoding=\"async\" width=\"768\" height=\"1024\" data-id=\"2518\" src=\"http:\/\/schuetzen.schierhorn-nordheide.de\/wp-content\/uploads\/2025\/10\/IMG_6173-1-768x1024.jpeg\" alt=\"\" class=\"wp-image-2518\" srcset=\"http:\/\/schuetzen.schierhorn-nordheide.de\/wp-content\/uploads\/2025\/10\/IMG_6173-1-768x1024.jpeg 768w, http:\/\/schuetzen.schierhorn-nordheide.de\/wp-content\/uploads\/2025\/10\/IMG_6173-1-225x300.jpeg 225w, http:\/\/schuetzen.schierhorn-nordheide.de\/wp-content\/uploads\/2025\/10\/IMG_6173-1-1152x1536.jpeg 1152w, http:\/\/schuetzen.schierhorn-nordheide.de\/wp-content\/uploads\/2025\/10\/IMG_6173-1-1536x2048.jpeg 1536w, http:\/\/schuetzen.schierhorn-nordheide.de\/wp-content\/uploads\/2025\/10\/IMG_6173-1-scaled.jpeg 1920w\" sizes=\"auto, (max-width: 768px) 100vw, 768px\" \/><\/figure>\n<\/figure>\n\n\n\n<p>von links: Adjutant Andreas Danat mit seiner Frau Marion, Vizek\u00f6nig Andr\u00e9 Emma mit seiner Frau Britta, Adjutantin Claudia von Bargen und Adjutant Ulf Harms mit seiner Frau Sabine.<\/p>\n\n\n\n<p>Schie\u00dfergebnisse:<\/p>\n\n\n\n<figure class=\"wp-block-table\"><table><tbody><tr><td><strong>Vogelschie\u00dfen Sch\u00fctzen<\/strong><\/td><td><\/td><td>\ufeff<\/td><\/tr><tr><td>Kopf &amp; Hals<\/td><td><\/td><td>J\u00f6rg Schulz<\/td><\/tr><tr><td>Reichsapfel<\/td><td><\/td><td>Jennifer Pieth<\/td><\/tr><tr><td>Zepter<\/td><td><\/td><td>Malte Reucher<\/td><\/tr><tr><td>Schwanz<\/td><td><\/td><td>Fabian Schmeling<\/td><\/tr><tr><td>linker Fl\u00fcgel<\/td><td>\ufeff<\/td><td>Ingo Knoppe<\/td><\/tr><tr><td>rechter Fl\u00fcgel<\/td><td>\ufeff<\/td><td>Andr\u00e9 Emme<\/td><\/tr><tr><td>Rumpf<\/td><td>\ufeff<\/td><td>Andr\u00e9 Emme<\/td><\/tr><tr><td><\/td><td>Adjutanten<\/td><td>Ulf Harms<\/td><\/tr><tr><td>\ufeff<\/td><td>\ufeff<\/td><td>Andreas Danat<\/td><\/tr><tr><td><\/td><td>\ufeff<\/td><td>Claudia von Bargen<\/td><\/tr><tr><td>\ufeff<\/td><td>\ufeff<\/td><td>\ufeff<\/td><\/tr><tr><td>Herbst-Orden<\/td><td><\/td><td>Mario R\u00fcsch<\/td><\/tr><tr><td>Orden des Vizek\u00f6nigs<\/td><td><\/td><td>Katja Pralow<\/td><\/tr><tr><td>Bundesorden<\/td><td><\/td><td>Christian Baasch<\/td><\/tr><tr><td>\ufeff<\/td><td>\ufeff<\/td><td>\ufeff<\/td><\/tr><tr><td>Damenorden<\/td><td><\/td><td>Lisa-Marie Kruse<\/td><\/tr><tr><td>Damenbeste<\/td><td><\/td><td>Nine Jordan<\/td><\/tr><tr><td>Standbeste der Damen<\/td><td><\/td><td>Nine Jordan<\/td><\/tr><tr><td>\ufeff<\/td><td><\/td><td>\ufeff<\/td><\/tr><tr><td><strong>Vogelschie\u00dfen der Jungsch\u00fctzen<\/strong><\/td><td><\/td><td>\ufeff<\/td><\/tr><tr><td>Kopf<\/td><td><\/td><td>Keno Bode<\/td><\/tr><tr><td>Reichsapfel<\/td><td><\/td><td>Melina Pralow<\/td><\/tr><tr><td>Zepter<\/td><td><\/td><td>Jette Matthiesen<\/td><\/tr><tr><td>Schwanz<\/td><td><\/td><td>Carina Blecken<\/td><\/tr><tr><td>linker Fl\u00fcgel<\/td><td><\/td><td>Bennet Bann\u00f6hr<\/td><\/tr><tr><td>rechter Fl\u00fcgel<\/td><td>\ufeff<\/td><td>Carina Blecken<\/td><\/tr><tr><td>Rumpf<\/td><td>\ufeff<\/td><td>Carina Blecken<\/td><\/tr><tr><td><\/td><td>Adjutanten<\/td><td>Lara H\u00f6lzinger<\/td><\/tr><tr><td><\/td><td>\ufeff<\/td><td>Lotte Bendt<\/td><\/tr><tr><td><\/td><td><\/td><td><\/td><\/tr><tr><td>Orden des Jungsch\u00fctzenvizek\u00f6nigs<\/td><td><\/td><td>Leo Best<\/td><\/tr><tr><td>Kinderorden<\/td><td>\ufeff<\/td><td>Lilly Schmeling <\/td><\/tr><tr><td>\ufeff<\/td><td>\ufeff<\/td><td>\ufeff<\/td><\/tr><\/tbody><\/table><\/figure>\n","protected":false},"excerpt":{"rendered":"<p>Am 27.09.2025 fand unser diesj\u00e4hriges Schlussschie\u00dfen in Schierhorn statt. In diesem Jahr war es besonders spannend, da gleich drei Sch\u00fctzenbr\u00fcder und eine Sch\u00fctzenschwester um die <a class=\"more-link\" href=\"http:\/\/schuetzen.schierhorn-nordheide.de\/?page_id=2514\">weiterlesen&#8230;<\/a><\/p>\n","protected":false},"author":1,"featured_media":2519,"parent":0,"menu_order":0,"comment_status":"closed","ping_status":"closed","template":"","meta":{"footnotes":""},"class_list":["post-2514","page","type-page","status-publish","has-post-thumbnail","hentry"],"_links":{"self":[{"href":"http:\/\/schuetzen.schierhorn-nordheide.de\/index.php?rest_route=\/wp\/v2\/pages\/2514","targetHints":{"allow":["GET"]}}],"collection":[{"href":"http:\/\/schuetzen.schierhorn-nordheide.de\/index.php?rest_route=\/wp\/v2\/pages"}],"about":[{"href":"http:\/\/schuetzen.schierhorn-nordheide.de\/index.php?rest_route=\/wp\/v2\/types\/page"}],"author":[{"embeddable":true,"href":"http:\/\/schuetzen.schierhorn-nordheide.de\/index.php?rest_route=\/wp\/v2\/users\/1"}],"replies":[{"embeddable":true,"href":"http:\/\/schuetzen.schierhorn-nordheide.de\/index.php?rest_route=%2Fwp%2Fv2%2Fcomments&post=2514"}],"version-history":[{"count":4,"href":"http:\/\/schuetzen.schierhorn-nordheide.de\/index.php?rest_route=\/wp\/v2\/pages\/2514\/revisions"}],"predecessor-version":[{"id":2527,"href":"http:\/\/schuetzen.schierhorn-nordheide.de\/index.php?rest_route=\/wp\/v2\/pages\/2514\/revisions\/2527"}],"wp:featuredmedia":[{"embeddable":true,"href":"http:\/\/schuetzen.schierhorn-nordheide.de\/index.php?rest_route=\/wp\/v2\/media\/2519"}],"wp:attachment":[{"href":"http:\/\/schuetzen.schierhorn-nordheide.de\/index.php?rest_route=%2Fwp%2Fv2%2Fmedia&parent=2514"}],"curies":[{"name":"wp","href":"https:\/\/api.w.org\/{rel}","templated":true}]}}