{"id":2472,"date":"2025-07-07T10:29:13","date_gmt":"2025-07-07T10:29:13","guid":{"rendered":"http:\/\/schuetzen.schierhorn-nordheide.de\/?page_id=2472"},"modified":"2025-07-09T10:49:26","modified_gmt":"2025-07-09T10:49:26","slug":"finanzierung-unseres-digitalen-luftgewehrstandes","status":"publish","type":"page","link":"http:\/\/schuetzen.schierhorn-nordheide.de\/?page_id=2472","title":{"rendered":"Finanzierung unseres digitalen Luftgewehrstandes"},"content":{"rendered":"\n<p>Liebe Sch\u00fctzenbr\u00fcder und Sch\u00fctzenschwestern, liebe Spielleute<\/p>\n\n\n\n<p>es ist soweit, unser\u00a0<strong>Crowdfunding<\/strong>\u00a0\u201eViele Schaffen mehr\u201c bei der Volksbank L\u00fcneburger Heide f\u00fcr die <strong>Finanzierung unseres digitalen Luftgewehrstandes<\/strong>\u00a0ist gestartet. \u00a0<\/p>\n\n\n\n<p><strong><u>F\u00fcr die Finanzierung ben\u00f6tigen wir Eure Unterst\u00fctzung!&nbsp;<\/u><\/strong><\/p>\n\n\n\n<p>Unser Spendenziel liegt bei 2.000 EUR , davon wurden bereits 20% = 400 EUR von der Volksbank L\u00fcneburger Heide als Startunterst\u00fctzung beigesteuert.<\/p>\n\n\n\n<p>Wenn ihr euch beteiligten m\u00f6chtet, klickt auf diesen Link:\u00a0<\/p>\n\n\n\n<p><a href=\"https:\/\/www.viele-schaffen-mehr.de\/projekte\/digitalisierung-unseres-l#project-reward-list\">Hier spenden! \ud83d\ude42<\/a><\/p>\n\n\n\n<p>Dort findet ihr alle Infos zu unserem Projekt. Nur \u00fcber diese Webseite der Volksbank L\u00fcneburger Heide kann unser Projekt mit einer Spende unterst\u00fctzt werden!<a href=\"https:\/\/deref-web.de\/mail\/client\/2KTvLbdsoW8\/dereferrer\/?redirectUrl=https%3A%2F%2Fwww.viele-schaffen-mehr.de%2Fprojekte%2Fdigitalisierung-unseres-l%23project-reward-list\" target=\"_blank\" rel=\"noreferrer noopener\"><\/a><\/p>\n\n\n\n<p><strong>Jede einzelne Spendenbetrag zwischen 10 und 50 EURO wird von der Volksbank verdoppelt&nbsp;<\/strong>(\u201esogenanntes Co-Funding\u201c) \u2013 aber nur,<strong>&nbsp;<\/strong>wenn wir unser Spendenziel von 2.000 Euro erreichen. Eine Spende geht einfach per SEPA-Lastschrift von eurem Bankkonto, Belastung eurer Kreditkarte oder auch per eigener \u00dcberweisung (Infos kommen dann per email direkt von der Bank). Andere Zahlungsmethoden wie bar, Paypal, ApplePay etc. sind leider nicht m\u00f6glich.&nbsp;<\/p>\n\n\n\n<p>Eure Spende kann namentlich oder anonym erfolgen, ihr k\u00f6nnt das entsprechend ausw\u00e4hlen. Auch Unternehmen k\u00f6nnen sich beteiligen.<\/p>\n\n\n\n<p>Auf Wunsch erstellen wir selbstverst\u00e4ndlich auch Spendenbescheinigungen f\u00fcr das Finanzamt. Weitere allgemeine Infos zum Crowdfunding findet ihr am Ende dieser email.<\/p>\n\n\n\n<p><strong>Bitte macht Werbung f\u00fcr unsere Initiative und leitet diese Info auch an Freunde und Unterst\u00fctzer unseres Vereines weiter.<\/strong><\/p>\n\n\n\n<p><strong>Teilt die Infos zu unserem Projekt auch in den sozialen Medien, WhatsApp usw. \u2013 je mehr davon wissen, desto gr\u00f6\u00dfer ist die Chance dass wir es schaffen.<\/strong><\/p>\n\n\n\n<p>Wir hoffen auf eure aktive Unterst\u00fctzung bei unserem Vorhaben, unseren Luftgewehr-Schie\u00dfstand modern, sicher und zukunftsf\u00e4hig zu gestalten.<\/p>\n\n\n\n<p>Vielen Dank &amp; beste Gr\u00fc\u00dfe<\/p>\n\n\n\n<p>Euer Vorstand<\/p>\n\n\n\n<p>Thorsten, Arne, Ralf und Benjamin<\/p>\n","protected":false},"excerpt":{"rendered":"<p>Liebe Sch\u00fctzenbr\u00fcder und Sch\u00fctzenschwestern, liebe Spielleute es ist soweit, unser\u00a0Crowdfunding\u00a0\u201eViele Schaffen mehr\u201c bei der Volksbank L\u00fcneburger Heide f\u00fcr die Finanzierung unseres digitalen Luftgewehrstandes\u00a0ist gestartet. \u00a0 <a class=\"more-link\" href=\"http:\/\/schuetzen.schierhorn-nordheide.de\/?page_id=2472\">weiterlesen&#8230;<\/a><\/p>\n","protected":false},"author":1,"featured_media":2494,"parent":0,"menu_order":0,"comment_status":"closed","ping_status":"closed","template":"","meta":{"footnotes":""},"class_list":["post-2472","page","type-page","status-publish","has-post-thumbnail","hentry"],"_links":{"self":[{"href":"http:\/\/schuetzen.schierhorn-nordheide.de\/index.php?rest_route=\/wp\/v2\/pages\/2472","targetHints":{"allow":["GET"]}}],"collection":[{"href":"http:\/\/schuetzen.schierhorn-nordheide.de\/index.php?rest_route=\/wp\/v2\/pages"}],"about":[{"href":"http:\/\/schuetzen.schierhorn-nordheide.de\/index.php?rest_route=\/wp\/v2\/types\/page"}],"author":[{"embeddable":true,"href":"http:\/\/schuetzen.schierhorn-nordheide.de\/index.php?rest_route=\/wp\/v2\/users\/1"}],"replies":[{"embeddable":true,"href":"http:\/\/schuetzen.schierhorn-nordheide.de\/index.php?rest_route=%2Fwp%2Fv2%2Fcomments&post=2472"}],"version-history":[{"count":1,"href":"http:\/\/schuetzen.schierhorn-nordheide.de\/index.php?rest_route=\/wp\/v2\/pages\/2472\/revisions"}],"predecessor-version":[{"id":2475,"href":"http:\/\/schuetzen.schierhorn-nordheide.de\/index.php?rest_route=\/wp\/v2\/pages\/2472\/revisions\/2475"}],"wp:featuredmedia":[{"embeddable":true,"href":"http:\/\/schuetzen.schierhorn-nordheide.de\/index.php?rest_route=\/wp\/v2\/media\/2494"}],"wp:attachment":[{"href":"http:\/\/schuetzen.schierhorn-nordheide.de\/index.php?rest_route=%2Fwp%2Fv2%2Fmedia&parent=2472"}],"curies":[{"name":"wp","href":"https:\/\/api.w.org\/{rel}","templated":true}]}}