{"id":2402,"date":"2025-04-22T10:04:34","date_gmt":"2025-04-22T10:04:34","guid":{"rendered":"http:\/\/schuetzen.schierhorn-nordheide.de\/?page_id=2402"},"modified":"2025-04-22T10:04:35","modified_gmt":"2025-04-22T10:04:35","slug":"ergebnisse-anschiessen-2025-neues","status":"publish","type":"page","link":"http:\/\/schuetzen.schierhorn-nordheide.de\/?page_id=2402","title":{"rendered":"Ergebnisse Anschie\u00dfen 2025 &amp; Neues"},"content":{"rendered":"\n<p>Unsere neue Damenk\u00f6nigin 2025\/2026 ist Sandra Baasch geworden.<\/p>\n\n\n\n<p><strong>Weitere Neuigkeiten:<\/strong><\/p>\n\n\n\n<p>Anfang M\u00e4rz wurde wieder der K\u00f6nig der K\u00f6nig ausgeschossen, diesen Titel errang in diesem Jahr Nils Pralow. <\/p>\n\n\n\n<p>Jahreshauptversammlung am 07.02.2025:<\/p>\n\n\n\n<p>Wahlen:<\/p>\n\n\n\n<p>Unser Pr\u00e4sident Thorsten Henck und unser 1. Schatzmeister Benjamin Fehling wurden f\u00fcr weitere vier Jahre wiedergew\u00e4hlt. <\/p>\n\n\n\n<p>Weitere Wahlergebnisse: <\/p>\n\n\n\n<p>2. Schatzmeister Claudia Jankowski, Sportwart Nils Pralow, Festausschussvorsitzernder Mario R\u00fcsch, Webmaster Lisa Schoedel, Social Media Beauftragte Jennifer Harms, Kassenpr\u00fcfer Julia Scaturro &amp; Volker Borowi, 2. Jugendwartin Jennifer Pieth<\/p>\n\n\n\n<p>Klaus-Dieter Rademacher wurde zum\u00a0Ehrenmitglied\u00a0ernannt.<\/p>\n\n\n\n<p>Der gesch\u00e4ftsf\u00fchrende Vorstand, der seit 2011 in unver\u00e4nderter Besetzung im Amt ist, wurde von der Versammlung einstimmig entlastet.&nbsp;<\/p>\n\n\n\n<p>Der Verein besteht aus 200 Mitgliedern, davon 21 Jugendliche.&nbsp;<\/p>\n\n\n\n<figure class=\"wp-block-gallery has-nested-images columns-default is-cropped wp-block-gallery-1 is-layout-flex wp-block-gallery-is-layout-flex\">\n<figure class=\"wp-block-image size-large\"><img loading=\"lazy\" decoding=\"async\" width=\"768\" height=\"1024\" data-id=\"2403\" src=\"http:\/\/schuetzen.schierhorn-nordheide.de\/wp-content\/uploads\/2025\/04\/IMG_3933-768x1024.jpg\" alt=\"\" class=\"wp-image-2403\" srcset=\"http:\/\/schuetzen.schierhorn-nordheide.de\/wp-content\/uploads\/2025\/04\/IMG_3933-768x1024.jpg 768w, http:\/\/schuetzen.schierhorn-nordheide.de\/wp-content\/uploads\/2025\/04\/IMG_3933-225x300.jpg 225w, http:\/\/schuetzen.schierhorn-nordheide.de\/wp-content\/uploads\/2025\/04\/IMG_3933-1152x1536.jpg 1152w, http:\/\/schuetzen.schierhorn-nordheide.de\/wp-content\/uploads\/2025\/04\/IMG_3933-1536x2048.jpg 1536w, http:\/\/schuetzen.schierhorn-nordheide.de\/wp-content\/uploads\/2025\/04\/IMG_3933-scaled.jpg 1920w\" sizes=\"auto, (max-width: 768px) 100vw, 768px\" \/><\/figure>\n\n\n\n<figure class=\"wp-block-image size-large\"><img loading=\"lazy\" decoding=\"async\" width=\"768\" height=\"1024\" data-id=\"2405\" src=\"http:\/\/schuetzen.schierhorn-nordheide.de\/wp-content\/uploads\/2025\/04\/IMG_3939-768x1024.jpg\" alt=\"\" class=\"wp-image-2405\" srcset=\"http:\/\/schuetzen.schierhorn-nordheide.de\/wp-content\/uploads\/2025\/04\/IMG_3939-768x1024.jpg 768w, http:\/\/schuetzen.schierhorn-nordheide.de\/wp-content\/uploads\/2025\/04\/IMG_3939-225x300.jpg 225w, http:\/\/schuetzen.schierhorn-nordheide.de\/wp-content\/uploads\/2025\/04\/IMG_3939-1152x1536.jpg 1152w, http:\/\/schuetzen.schierhorn-nordheide.de\/wp-content\/uploads\/2025\/04\/IMG_3939-1536x2048.jpg 1536w, http:\/\/schuetzen.schierhorn-nordheide.de\/wp-content\/uploads\/2025\/04\/IMG_3939-scaled.jpg 1920w\" sizes=\"auto, (max-width: 768px) 100vw, 768px\" \/><\/figure>\n\n\n\n<figure class=\"wp-block-image size-large\"><img loading=\"lazy\" decoding=\"async\" width=\"768\" height=\"1024\" data-id=\"2404\" src=\"http:\/\/schuetzen.schierhorn-nordheide.de\/wp-content\/uploads\/2025\/04\/IMG_3948-768x1024.jpg\" alt=\"\" class=\"wp-image-2404\" srcset=\"http:\/\/schuetzen.schierhorn-nordheide.de\/wp-content\/uploads\/2025\/04\/IMG_3948-768x1024.jpg 768w, http:\/\/schuetzen.schierhorn-nordheide.de\/wp-content\/uploads\/2025\/04\/IMG_3948-225x300.jpg 225w, http:\/\/schuetzen.schierhorn-nordheide.de\/wp-content\/uploads\/2025\/04\/IMG_3948-1152x1536.jpg 1152w, http:\/\/schuetzen.schierhorn-nordheide.de\/wp-content\/uploads\/2025\/04\/IMG_3948-1536x2048.jpg 1536w, http:\/\/schuetzen.schierhorn-nordheide.de\/wp-content\/uploads\/2025\/04\/IMG_3948-scaled.jpg 1920w\" sizes=\"auto, (max-width: 768px) 100vw, 768px\" \/><\/figure>\n\n\n\n<figure class=\"wp-block-image size-large\"><img loading=\"lazy\" decoding=\"async\" width=\"768\" height=\"1024\" data-id=\"2406\" src=\"http:\/\/schuetzen.schierhorn-nordheide.de\/wp-content\/uploads\/2025\/04\/IMG_3974-768x1024.jpg\" alt=\"\" class=\"wp-image-2406\" srcset=\"http:\/\/schuetzen.schierhorn-nordheide.de\/wp-content\/uploads\/2025\/04\/IMG_3974-768x1024.jpg 768w, http:\/\/schuetzen.schierhorn-nordheide.de\/wp-content\/uploads\/2025\/04\/IMG_3974-225x300.jpg 225w, http:\/\/schuetzen.schierhorn-nordheide.de\/wp-content\/uploads\/2025\/04\/IMG_3974-1152x1536.jpg 1152w, http:\/\/schuetzen.schierhorn-nordheide.de\/wp-content\/uploads\/2025\/04\/IMG_3974-1536x2048.jpg 1536w, http:\/\/schuetzen.schierhorn-nordheide.de\/wp-content\/uploads\/2025\/04\/IMG_3974-scaled.jpg 1920w\" sizes=\"auto, (max-width: 768px) 100vw, 768px\" \/><\/figure>\n<\/figure>\n\n\n\n<figure class=\"wp-block-table\"><table class=\"has-fixed-layout\"><tbody><tr><td>Winterpreis<\/td><td><\/td><td>Julia Scaturro<\/td><\/tr><tr><td>Winterorden<\/td><td><\/td><td>Herbert Blecken<\/td><\/tr><tr><td>Ladyorden<\/td><td><\/td><td>Renate Kr\u00f6ger<\/td><\/tr><tr><td>Mettwurstk\u00f6nigin Sch\u00fctzen<\/td><td><\/td><td>Jacqueline Scho\u00dfau<\/td><\/tr><tr><td>Sonderpreis Sch\u00fcler &amp; Jugend<\/td><td><\/td><td>Raphael Pieth&nbsp;<\/td><\/tr><tr><td><\/td><td><\/td><td><\/td><\/tr><tr><td>Preisschie\u00dfen&nbsp;<\/td><td><\/td><td><\/td><\/tr><tr><td><\/td><td><\/td><td><\/td><\/tr><tr><td>Lichtpunkt Kinder<\/td><td>&nbsp;<\/td><td>Bennet Bann\u00f6hr<\/td><\/tr><tr><td><\/td><td><\/td><td><\/td><\/tr><tr><td>Luftgewehr Jugend<\/td><td>&nbsp;<\/td><td>Leo Best<\/td><\/tr><tr><td><\/td><td><\/td><td><\/td><\/tr><tr><td>Kleinkaliber Sch\u00fctzen<\/td><td>&nbsp;<\/td><td>Fabian Schmeling&nbsp;<\/td><\/tr><tr><td><\/td><td><\/td><td><\/td><\/tr><tr><td>Vogelschie\u00dfen der Damen<\/td><td><\/td><td><\/td><\/tr><tr><td><\/td><td><\/td><td><\/td><\/tr><tr><td>Kopf &amp; Hals&nbsp;<\/td><td><\/td><td>Sabine Gehrigk<\/td><\/tr><tr><td>Schwanz<\/td><td><\/td><td>Petra Thei\u00dfen<\/td><\/tr><tr><td>linker Fl\u00fcgel<\/td><td><\/td><td>Miriam R\u00fcsch&nbsp;<\/td><\/tr><tr><td>rechter Fl\u00fcgel<\/td><td><\/td><td>Petra Thei\u00dfen<\/td><\/tr><tr><td><strong>Rumpf<\/strong><\/td><td><\/td><td><strong>Sandra Baasch<\/strong>\u00a0<\/td><\/tr><tr><td><\/td><td>Adjutanten<\/td><td>Liane Nottorf<\/td><\/tr><tr><td><\/td><td><\/td><td>Teresa Bartsch<\/td><\/tr><tr><td><\/td><td><\/td><td>Miriam R\u00fcsch&nbsp;<\/td><\/tr><tr><td><\/td><td><\/td><td><\/td><\/tr><tr><td colspan=\"2\"><strong>Vereinsmeisterschaft Luftgewehr 2024\/2025<\/strong><\/td><td><\/td><\/tr><tr><td><\/td><td><\/td><td><\/td><\/tr><tr><td>Auflage<\/td><td>Damen<\/td><td>Lisa Schoedel<\/td><\/tr><tr><td><\/td><td>Damen Alt<\/td><td>Katja Pralow<\/td><\/tr><tr><td><\/td><td>Senior A<\/td><td>Sabine Gehrigk<\/td><\/tr><tr><td><\/td><td>Senior B<\/td><td>Renate Kr\u00f6ger&nbsp;<\/td><\/tr><tr><td><\/td><td>Altsch\u00fctze<\/td><td>Ralf Jankowski<\/td><\/tr><tr><td><\/td><td>Senior B<\/td><td>Ralf Gehrigk<\/td><\/tr><tr><td><\/td><td><\/td><td><\/td><\/tr><tr><td>Freihand<\/td><td>Damen<\/td><td>Lisa Schoedel<\/td><\/tr><tr><td><\/td><td>Senior A<\/td><td>Sabine Gehrigk<\/td><\/tr><tr><td><\/td><td>Senior B<\/td><td>Renate Kr\u00f6ger<\/td><\/tr><tr><td><\/td><td>Altsch\u00fctze<\/td><td>Nils Pralow&nbsp;<\/td><\/tr><tr><td><\/td><td><\/td><td><\/td><\/tr><tr><td>Kinder&nbsp;<\/td><td><\/td><td><\/td><\/tr><tr><td><\/td><td><\/td><td><\/td><\/tr><tr><td>Auflage<\/td><td>Jungen&nbsp;<\/td><td>Raphael Pieth<\/td><\/tr><tr><td><\/td><td>M\u00e4dchen&nbsp;<\/td><td>Sophia Blecken&nbsp;<\/td><\/tr><tr><td><\/td><td><\/td><td><\/td><\/tr><tr><td>Freihand&nbsp;<\/td><td>Jungen&nbsp;<\/td><td>Erik Klaucke&nbsp;<\/td><\/tr><tr><td><\/td><td>M\u00e4dchen&nbsp;<\/td><td>Sophia Blecken&nbsp;<\/td><\/tr><tr><td><\/td><td><\/td><td><\/td><\/tr><tr><td>Sch\u00fcler&nbsp;<\/td><td><\/td><td><\/td><\/tr><tr><td><\/td><td><\/td><td><\/td><\/tr><tr><td>Auflage&nbsp;<\/td><td>M\u00e4dchen<\/td><td>Jette Matthiesen&nbsp;<\/td><\/tr><tr><td><\/td><td><\/td><td><\/td><\/tr><tr><td>Freihand&nbsp;<\/td><td>M\u00e4dchen<\/td><td>Jette Matthiesen&nbsp;<\/td><\/tr><tr><td><\/td><td><\/td><td><\/td><\/tr><tr><td>Jugend&nbsp;<\/td><td><\/td><td><\/td><\/tr><tr><td><\/td><td><\/td><td><\/td><\/tr><tr><td>Auflage&nbsp;<\/td><td>Jungen&nbsp;<\/td><td>Keno Bode<\/td><\/tr><tr><td><\/td><td>M\u00e4dchen<\/td><td>Lotte Bendt<\/td><\/tr><tr><td><\/td><td><\/td><td><\/td><\/tr><tr><td>Freihand&nbsp;<\/td><td>Jungen<\/td><td>Thor Klaucke&nbsp;<\/td><\/tr><tr><td><\/td><td>M\u00e4dchen<\/td><td>Lotte Bendt&nbsp;<\/td><\/tr><tr><td><\/td><td><\/td><td><\/td><\/tr><tr><td>Junioren&nbsp;<\/td><td><\/td><td><\/td><\/tr><tr><td><\/td><td><\/td><td><\/td><\/tr><tr><td>Auflage&nbsp;<\/td><td>m\u00e4nnlich<\/td><td>Jannes Henck<\/td><\/tr><tr><td><\/td><td>weiblich<\/td><td>Melina Pralow<\/td><\/tr><tr><td><\/td><td><\/td><td><\/td><\/tr><tr><td>Freihand&nbsp;<\/td><td>m\u00e4nnlich<\/td><td>Leo Best<\/td><\/tr><tr><td><\/td><td>weiblich<\/td><td>Melina Pralow&nbsp;<\/td><\/tr><\/tbody><\/table><\/figure>\n","protected":false},"excerpt":{"rendered":"<p>Unsere neue Damenk\u00f6nigin 2025\/2026 ist Sandra Baasch geworden. Weitere Neuigkeiten: Anfang M\u00e4rz wurde wieder der K\u00f6nig der K\u00f6nig ausgeschossen, diesen Titel errang in diesem Jahr <a class=\"more-link\" href=\"http:\/\/schuetzen.schierhorn-nordheide.de\/?page_id=2402\">weiterlesen&#8230;<\/a><\/p>\n","protected":false},"author":1,"featured_media":2405,"parent":0,"menu_order":0,"comment_status":"closed","ping_status":"closed","template":"","meta":{"footnotes":""},"class_list":["post-2402","page","type-page","status-publish","has-post-thumbnail","hentry"],"_links":{"self":[{"href":"http:\/\/schuetzen.schierhorn-nordheide.de\/index.php?rest_route=\/wp\/v2\/pages\/2402","targetHints":{"allow":["GET"]}}],"collection":[{"href":"http:\/\/schuetzen.schierhorn-nordheide.de\/index.php?rest_route=\/wp\/v2\/pages"}],"about":[{"href":"http:\/\/schuetzen.schierhorn-nordheide.de\/index.php?rest_route=\/wp\/v2\/types\/page"}],"author":[{"embeddable":true,"href":"http:\/\/schuetzen.schierhorn-nordheide.de\/index.php?rest_route=\/wp\/v2\/users\/1"}],"replies":[{"embeddable":true,"href":"http:\/\/schuetzen.schierhorn-nordheide.de\/index.php?rest_route=%2Fwp%2Fv2%2Fcomments&post=2402"}],"version-history":[{"count":1,"href":"http:\/\/schuetzen.schierhorn-nordheide.de\/index.php?rest_route=\/wp\/v2\/pages\/2402\/revisions"}],"predecessor-version":[{"id":2409,"href":"http:\/\/schuetzen.schierhorn-nordheide.de\/index.php?rest_route=\/wp\/v2\/pages\/2402\/revisions\/2409"}],"wp:featuredmedia":[{"embeddable":true,"href":"http:\/\/schuetzen.schierhorn-nordheide.de\/index.php?rest_route=\/wp\/v2\/media\/2405"}],"wp:attachment":[{"href":"http:\/\/schuetzen.schierhorn-nordheide.de\/index.php?rest_route=%2Fwp%2Fv2%2Fmedia&parent=2402"}],"curies":[{"name":"wp","href":"https:\/\/api.w.org\/{rel}","templated":true}]}}