{"id":2305,"date":"2024-08-16T08:10:15","date_gmt":"2024-08-16T08:10:15","guid":{"rendered":"http:\/\/schuetzen.schierhorn-nordheide.de\/?page_id=2305"},"modified":"2024-08-16T08:10:16","modified_gmt":"2024-08-16T08:10:16","slug":"aktionstag-inklusion-am-08-09-2024-in-salzhausen","status":"publish","type":"page","link":"http:\/\/schuetzen.schierhorn-nordheide.de\/?page_id=2305","title":{"rendered":"Aktionstag Inklusion am 08.09.2024 in Salzhausen"},"content":{"rendered":"\n<p>Liebe Sportbegeisterte aus dem Sch\u00fctzenverband Hamburg,<\/p>\n\n\n\n<p>wir freuen uns, Euch zu unserem&nbsp;<strong>Aktionstag Inklusion<\/strong>&nbsp;einzuladen, den wir, die&nbsp;<strong>Sch\u00fctzenkompanie von 1864 Salzhausen e.V.<\/strong>, am&nbsp;<strong>8. September 2024<\/strong>&nbsp;auf unserem Vereinsgel\u00e4nde in&nbsp;<strong>Salzhausen (Eichenkamp 4, 21376 Salzhausen)<\/strong>&nbsp;veranstalten werden.<\/p>\n\n\n\n<p>Mit dieser Veranstaltung m\u00f6chten wir Menschen mit k\u00f6rperlichen Behinderungen die M\u00f6glichkeit bieten, einen faszinierenden Sport kennenzulernen, der bisher wenig als Inklusionssport bekannt ist. Ihr seid herzlich eingeladen, sowohl als G\u00e4ste als auch als Beteiligte an diesem besonderen Tag teilzunehmen.<\/p>\n\n\n\n<p><strong>Beteiligte<\/strong><\/p>\n\n\n\n<p>Ihr k\u00f6nnt aktiv teilnehmen, wenn:<\/p>\n\n\n\n<ul class=\"wp-block-list\">\n<li>Euer Verein bereits Inklusionsangebote anbietet oder plant, dies in naher Zukunft zu tun. Wir stellen Euch gerne einen Informationsstand zur Verf\u00fcgung, an dem Ihr Euch pr\u00e4sentieren k\u00f6nnt. Meldet Euch hierf\u00fcr bitte rechtzeitig an.<\/li>\n\n\n\n<li>Ihr uns bei der Durchf\u00fchrung des Aktionstages unterst\u00fctzen m\u00f6chtet. Auch hier freuen wir uns \u00fcber eine R\u00fcckmeldung.<\/li>\n<\/ul>\n\n\n\n<p><strong>G\u00e4ste<\/strong><\/p>\n\n\n\n<p>Besucht uns als G\u00e4ste, wenn:<\/p>\n\n\n\n<ul class=\"wp-block-list\">\n<li>Ihr Interesse an Inklusionsangeboten habt, sei es aus pers\u00f6nlichem Interesse oder weil Ihr jemanden kennt, der davon profitieren k\u00f6nnte.<\/li>\n\n\n\n<li>Ihr Euch \u00fcber Inklusionssportarten informieren m\u00f6chtet, insbesondere wenn Euer Verein bisher noch keine solchen Angebote hat.<\/li>\n\n\n\n<li>Ihr einfach neugierig seid und Lust habt, einen sch\u00f6nen Tag mit uns zu verbringen.<\/li>\n<\/ul>\n\n\n\n<p>Weitere Informationen und eine \u00dcbersicht \u00fcber das geplante Programm findet Ihr auf unserer Website und im beigef\u00fcgten Flyer. Ein Plakat zum Ausdrucken und Aufh\u00e4ngen in Eurem Sch\u00fctzenhaus ist ebenfalls beigef\u00fcgt.<\/p>\n\n\n\n<p>Wir freuen uns auf Eure Teilnahme und einen gelungenen Aktionstag!<\/p>\n\n\n\n<p>Mit besten Sch\u00fctzengr\u00fc\u00dfen,<\/p>\n\n\n\n<p><strong>Sch\u00fctzenkompanie von 1864 Salzhausen e.V.<\/strong><\/p>\n\n\n\n<figure class=\"wp-block-image size-large\"><img loading=\"lazy\" decoding=\"async\" width=\"1024\" height=\"713\" src=\"http:\/\/schuetzen.schierhorn-nordheide.de\/wp-content\/uploads\/2024\/08\/image-1024x713.png\" alt=\"\" class=\"wp-image-2307\" srcset=\"http:\/\/schuetzen.schierhorn-nordheide.de\/wp-content\/uploads\/2024\/08\/image-1024x713.png 1024w, http:\/\/schuetzen.schierhorn-nordheide.de\/wp-content\/uploads\/2024\/08\/image-300x209.png 300w, http:\/\/schuetzen.schierhorn-nordheide.de\/wp-content\/uploads\/2024\/08\/image-768x535.png 768w, http:\/\/schuetzen.schierhorn-nordheide.de\/wp-content\/uploads\/2024\/08\/image-1536x1070.png 1536w, http:\/\/schuetzen.schierhorn-nordheide.de\/wp-content\/uploads\/2024\/08\/image-2048x1427.png 2048w\" sizes=\"auto, (max-width: 1024px) 100vw, 1024px\" \/><\/figure>\n\n\n\n<figure class=\"wp-block-image size-large\"><img loading=\"lazy\" decoding=\"async\" width=\"722\" height=\"1024\" src=\"http:\/\/schuetzen.schierhorn-nordheide.de\/wp-content\/uploads\/2024\/08\/image-1-722x1024.png\" alt=\"\" class=\"wp-image-2308\" srcset=\"http:\/\/schuetzen.schierhorn-nordheide.de\/wp-content\/uploads\/2024\/08\/image-1-722x1024.png 722w, http:\/\/schuetzen.schierhorn-nordheide.de\/wp-content\/uploads\/2024\/08\/image-1-211x300.png 211w, http:\/\/schuetzen.schierhorn-nordheide.de\/wp-content\/uploads\/2024\/08\/image-1-768x1090.png 768w, http:\/\/schuetzen.schierhorn-nordheide.de\/wp-content\/uploads\/2024\/08\/image-1-1082x1536.png 1082w, http:\/\/schuetzen.schierhorn-nordheide.de\/wp-content\/uploads\/2024\/08\/image-1-1443x2048.png 1443w\" sizes=\"auto, (max-width: 722px) 100vw, 722px\" \/><\/figure>\n\n\n\n<figure class=\"wp-block-image size-large\"><img loading=\"lazy\" decoding=\"async\" width=\"1024\" height=\"723\" src=\"http:\/\/schuetzen.schierhorn-nordheide.de\/wp-content\/uploads\/2024\/08\/image-2-1024x723.png\" alt=\"\" class=\"wp-image-2309\" srcset=\"http:\/\/schuetzen.schierhorn-nordheide.de\/wp-content\/uploads\/2024\/08\/image-2-1024x723.png 1024w, http:\/\/schuetzen.schierhorn-nordheide.de\/wp-content\/uploads\/2024\/08\/image-2-300x212.png 300w, http:\/\/schuetzen.schierhorn-nordheide.de\/wp-content\/uploads\/2024\/08\/image-2-768x543.png 768w, http:\/\/schuetzen.schierhorn-nordheide.de\/wp-content\/uploads\/2024\/08\/image-2-1536x1085.png 1536w, http:\/\/schuetzen.schierhorn-nordheide.de\/wp-content\/uploads\/2024\/08\/image-2-2048x1447.png 2048w\" sizes=\"auto, (max-width: 1024px) 100vw, 1024px\" \/><\/figure>\n","protected":false},"excerpt":{"rendered":"<p>Liebe Sportbegeisterte aus dem Sch\u00fctzenverband Hamburg, wir freuen uns, Euch zu unserem&nbsp;Aktionstag Inklusion&nbsp;einzuladen, den wir, die&nbsp;Sch\u00fctzenkompanie von 1864 Salzhausen e.V., am&nbsp;8. September 2024&nbsp;auf unserem Vereinsgel\u00e4nde <a class=\"more-link\" href=\"http:\/\/schuetzen.schierhorn-nordheide.de\/?page_id=2305\">weiterlesen&#8230;<\/a><\/p>\n","protected":false},"author":1,"featured_media":1986,"parent":0,"menu_order":0,"comment_status":"closed","ping_status":"closed","template":"","meta":{"footnotes":""},"class_list":["post-2305","page","type-page","status-publish","has-post-thumbnail","hentry"],"_links":{"self":[{"href":"http:\/\/schuetzen.schierhorn-nordheide.de\/index.php?rest_route=\/wp\/v2\/pages\/2305","targetHints":{"allow":["GET"]}}],"collection":[{"href":"http:\/\/schuetzen.schierhorn-nordheide.de\/index.php?rest_route=\/wp\/v2\/pages"}],"about":[{"href":"http:\/\/schuetzen.schierhorn-nordheide.de\/index.php?rest_route=\/wp\/v2\/types\/page"}],"author":[{"embeddable":true,"href":"http:\/\/schuetzen.schierhorn-nordheide.de\/index.php?rest_route=\/wp\/v2\/users\/1"}],"replies":[{"embeddable":true,"href":"http:\/\/schuetzen.schierhorn-nordheide.de\/index.php?rest_route=%2Fwp%2Fv2%2Fcomments&post=2305"}],"version-history":[{"count":2,"href":"http:\/\/schuetzen.schierhorn-nordheide.de\/index.php?rest_route=\/wp\/v2\/pages\/2305\/revisions"}],"predecessor-version":[{"id":2312,"href":"http:\/\/schuetzen.schierhorn-nordheide.de\/index.php?rest_route=\/wp\/v2\/pages\/2305\/revisions\/2312"}],"wp:featuredmedia":[{"embeddable":true,"href":"http:\/\/schuetzen.schierhorn-nordheide.de\/index.php?rest_route=\/wp\/v2\/media\/1986"}],"wp:attachment":[{"href":"http:\/\/schuetzen.schierhorn-nordheide.de\/index.php?rest_route=%2Fwp%2Fv2%2Fmedia&parent=2305"}],"curies":[{"name":"wp","href":"https:\/\/api.w.org\/{rel}","templated":true}]}}