{"id":2298,"date":"2024-08-16T08:06:03","date_gmt":"2024-08-16T08:06:03","guid":{"rendered":"http:\/\/schuetzen.schierhorn-nordheide.de\/?page_id=2298"},"modified":"2024-08-16T08:12:48","modified_gmt":"2024-08-16T08:12:48","slug":"neuigkeiten-vom-landesverband","status":"publish","type":"page","link":"http:\/\/schuetzen.schierhorn-nordheide.de\/?page_id=2298","title":{"rendered":"Neuigkeiten vom Landesverband"},"content":{"rendered":"\n<p>Wir suchen euch!<\/p>\n\n\n\n<p><br>Der Sch\u00fctzenverband Hamburg und Umgegend braucht eure Unterst\u00fctzung.<br>Die \u00d6ffentlichkeitsarbeit soll in das Jahr 2024 geholt werden und vor allem das Thema<br>Social Media spielt dabei eine gro\u00dfe Rolle. Aber auch die klassische Pressearbeit wird<br>dabei ein wichtiger Bestandteil sein. Wir m\u00f6chten gerne ein Team aus mindestens vier<br>Personen bilden, welches den Landesverband Hamburg, seine Mitgliedsvereine und<br>seine Sch\u00fctzen nach au\u00dfen abbildet.<\/p>\n\n\n\n<p><br>Ihr habt die einmalige Chance dem Landesverband einen v\u00f6llig neuen<br>Socialmediaauftritt zu verpassen und eine komplett neue Kampagne f\u00fcr den Sport, die<br>Jugend, die Tradition und die vielen anderen Facetten unseres geliebten<br>Sch\u00fctzenwesens in Hamburg zu gestalten.<br>Wir finden es wichtig, dass unser neues \u00d6ffentlichkeitsteam den Verband gut<br>widerspiegelt, also einen Schnitt durch die verschiedenen Generationen, Geschlechter,<br>Disziplinen und weiteren Aspekte unseres Verbandes darstellt. <\/p>\n\n\n\n<p>Wir haben f\u00fcr euch einen kleinen Teil der Aufgaben und Qualifikationen<br>zusammengestellt, die uns zu dem Thema \u00d6ffentlichkeitsarbeit einfallen und nein<br>keiner muss alle erf\u00fcllen, sondern als Team zusammen werdet ihr gemeinsam diese<br>Aufgaben meistern.<\/p>\n\n\n\n<ul class=\"wp-block-list\">\n<li>Verfassen von Presseartikeln<\/li>\n\n\n\n<li>Betreuung von Social Media<\/li>\n\n\n\n<li>Ein H\u00e4ndchen f\u00fcr sch\u00f6ne Fotos und Videos<\/li>\n\n\n\n<li>Fotobearbeitung<\/li>\n\n\n\n<li>Videoschnitt<\/li>\n\n\n\n<li>Ideen f\u00fcr eine offene und moderne Au\u00dfendarstellung<\/li>\n\n\n\n<li>Spa\u00df an der Vereinsarbeit und Teamarbeit<\/li>\n\n\n\n<li>Lust die Zukunft des Landesverbandes mitzugestalten<br><\/li>\n<\/ul>\n\n\n\n<p>Wenn du dich hier wieder findest, schreibt mir eine kurze E-Mail an<br><a href=\"http:\/\/marc@sch\u00fctzenverband-hamburg.de\" data-type=\"link\" data-id=\"marc@sch\u00fctzenverband-hamburg.de\">marc@sch\u00fctzenverband-hamburg.de<\/a>.<\/p>\n\n\n\n<p><br>Ich freue mich auf die Arbeit mit euch!<br>Marc Jans<br>Vizepr\u00e4sident des Sch\u00fctzenverbandes Hamburg<\/p>\n","protected":false},"excerpt":{"rendered":"<p>Wir suchen euch! Der Sch\u00fctzenverband Hamburg und Umgegend braucht eure Unterst\u00fctzung.Die \u00d6ffentlichkeitsarbeit soll in das Jahr 2024 geholt werden und vor allem das ThemaSocial Media <a class=\"more-link\" href=\"http:\/\/schuetzen.schierhorn-nordheide.de\/?page_id=2298\">weiterlesen&#8230;<\/a><\/p>\n","protected":false},"author":1,"featured_media":1986,"parent":0,"menu_order":0,"comment_status":"closed","ping_status":"closed","template":"","meta":{"footnotes":""},"class_list":["post-2298","page","type-page","status-publish","has-post-thumbnail","hentry"],"_links":{"self":[{"href":"http:\/\/schuetzen.schierhorn-nordheide.de\/index.php?rest_route=\/wp\/v2\/pages\/2298","targetHints":{"allow":["GET"]}}],"collection":[{"href":"http:\/\/schuetzen.schierhorn-nordheide.de\/index.php?rest_route=\/wp\/v2\/pages"}],"about":[{"href":"http:\/\/schuetzen.schierhorn-nordheide.de\/index.php?rest_route=\/wp\/v2\/types\/page"}],"author":[{"embeddable":true,"href":"http:\/\/schuetzen.schierhorn-nordheide.de\/index.php?rest_route=\/wp\/v2\/users\/1"}],"replies":[{"embeddable":true,"href":"http:\/\/schuetzen.schierhorn-nordheide.de\/index.php?rest_route=%2Fwp%2Fv2%2Fcomments&post=2298"}],"version-history":[{"count":2,"href":"http:\/\/schuetzen.schierhorn-nordheide.de\/index.php?rest_route=\/wp\/v2\/pages\/2298\/revisions"}],"predecessor-version":[{"id":2302,"href":"http:\/\/schuetzen.schierhorn-nordheide.de\/index.php?rest_route=\/wp\/v2\/pages\/2298\/revisions\/2302"}],"wp:featuredmedia":[{"embeddable":true,"href":"http:\/\/schuetzen.schierhorn-nordheide.de\/index.php?rest_route=\/wp\/v2\/media\/1986"}],"wp:attachment":[{"href":"http:\/\/schuetzen.schierhorn-nordheide.de\/index.php?rest_route=%2Fwp%2Fv2%2Fmedia&parent=2298"}],"curies":[{"name":"wp","href":"https:\/\/api.w.org\/{rel}","templated":true}]}}