{"id":2198,"date":"2024-04-11T07:21:49","date_gmt":"2024-04-11T07:21:49","guid":{"rendered":"http:\/\/schuetzen.schierhorn-nordheide.de\/?page_id=2198"},"modified":"2024-04-12T08:16:06","modified_gmt":"2024-04-12T08:16:06","slug":"ergebnisse-anschiessen-2024","status":"publish","type":"page","link":"http:\/\/schuetzen.schierhorn-nordheide.de\/?page_id=2198","title":{"rendered":"Ergebnisse Anschie\u00dfen 2024"},"content":{"rendered":"\n<p>Am 06.04.2024 war es wieder soweit &#8211; der Sch\u00fctzenverein Schierhorn lud zum diesj\u00e4hrigen Anschie\u00dfen ein. Dies war zugleich der Gro\u00dfe und auch letzte Tag von der noch amtierenden Damenk\u00f6nigin Andrea E. Niehaus und Ihrer Crew. <\/p>\n\n\n\n<p>Dieses Jahr gab es eine Besonderheit &#8211; die Damenk\u00f6nigin wurde vom Spielmannszug zusammen mit den Sch\u00fctzendamen von zu Hause abgeholt. Danach ging es zur\u00fcck im Marschschritt zum Sch\u00fctzenhus.<\/p>\n\n\n\n<p>Bei sehr leckerem Essen, Bowle und netten Gespr\u00e4chen verbrachten wir zusammen einen sehr sch\u00f6nen Nachmittag bis der offizielle Teil startete. <\/p>\n\n\n\n<p>Um 14 Uhr startete dann f\u00fcr Alles das Anschie\u00dfen 2024 &#8211; bei Kaffee und Kuchen wurden nette Gespr\u00e4che gef\u00fchrt und nebenher konnte geschossen werden. <\/p>\n\n\n\n<p>Um 15 Uhr startete dann das Vogelschie\u00dfen der Damen &#8211; Andrea E. Niehaus setze den ersten Schuss, danach konnten die Damen Ihr Gl\u00fcck versuchen. <\/p>\n\n\n\n<p>Nachdem alle unrelevanten Teile Ihr Ende gefunden haben, hatten sich zwei Anw\u00e4rterin dazu entschieden&nbsp;auf den Titel&nbsp;um die K\u00f6nigsw\u00fcrde zu schie\u00dfen. Es war wieder ein spannenden Kampf &#8211; Sandra Baasch landete einen guten Treffer, aber es fiel nur der halbe Rumpf vom Vogel &#8211; nach weiteren Sch\u00fcssen holte sich dann Nine Jordan den Titel neue Damenk\u00f6nigin 2024\/2025.&nbsp;<\/p>\n\n\n\n<p>  <\/p>\n\n\n\n<figure class=\"wp-block-gallery has-nested-images columns-default is-cropped wp-block-gallery-1 is-layout-flex wp-block-gallery-is-layout-flex\">\n<figure class=\"wp-block-image size-large\"><img loading=\"lazy\" decoding=\"async\" width=\"768\" height=\"1024\" data-id=\"2212\" src=\"http:\/\/schuetzen.schierhorn-nordheide.de\/wp-content\/uploads\/2024\/04\/IMG_3389-2-768x1024.jpg\" alt=\"\" class=\"wp-image-2212\" srcset=\"http:\/\/schuetzen.schierhorn-nordheide.de\/wp-content\/uploads\/2024\/04\/IMG_3389-2-768x1024.jpg 768w, http:\/\/schuetzen.schierhorn-nordheide.de\/wp-content\/uploads\/2024\/04\/IMG_3389-2-225x300.jpg 225w, http:\/\/schuetzen.schierhorn-nordheide.de\/wp-content\/uploads\/2024\/04\/IMG_3389-2-1152x1536.jpg 1152w, http:\/\/schuetzen.schierhorn-nordheide.de\/wp-content\/uploads\/2024\/04\/IMG_3389-2-1536x2048.jpg 1536w, http:\/\/schuetzen.schierhorn-nordheide.de\/wp-content\/uploads\/2024\/04\/IMG_3389-2-scaled.jpg 1920w\" sizes=\"auto, (max-width: 768px) 100vw, 768px\" \/><figcaption class=\"wp-element-caption\">Andrea E. Niehaus Anschuss auf den Vogel<\/figcaption><\/figure>\n\n\n\n<figure class=\"wp-block-image size-large\"><img loading=\"lazy\" decoding=\"async\" width=\"768\" height=\"1024\" data-id=\"2214\" src=\"http:\/\/schuetzen.schierhorn-nordheide.de\/wp-content\/uploads\/2024\/04\/IMG_3416-1-768x1024.jpg\" alt=\"\" class=\"wp-image-2214\" srcset=\"http:\/\/schuetzen.schierhorn-nordheide.de\/wp-content\/uploads\/2024\/04\/IMG_3416-1-768x1024.jpg 768w, http:\/\/schuetzen.schierhorn-nordheide.de\/wp-content\/uploads\/2024\/04\/IMG_3416-1-225x300.jpg 225w, http:\/\/schuetzen.schierhorn-nordheide.de\/wp-content\/uploads\/2024\/04\/IMG_3416-1-1152x1536.jpg 1152w, http:\/\/schuetzen.schierhorn-nordheide.de\/wp-content\/uploads\/2024\/04\/IMG_3416-1-1536x2048.jpg 1536w, http:\/\/schuetzen.schierhorn-nordheide.de\/wp-content\/uploads\/2024\/04\/IMG_3416-1-scaled.jpg 1920w\" sizes=\"auto, (max-width: 768px) 100vw, 768px\" \/><figcaption class=\"wp-element-caption\">Mettwurstk\u00f6nigin Lisa-Marie Kruse und Adjutantin Melina Pralow<\/figcaption><\/figure>\n\n\n\n<figure class=\"wp-block-image size-large\"><img loading=\"lazy\" decoding=\"async\" width=\"768\" height=\"1024\" data-id=\"2200\" src=\"http:\/\/schuetzen.schierhorn-nordheide.de\/wp-content\/uploads\/2024\/04\/IMG_3423-768x1024.jpg\" alt=\"\" class=\"wp-image-2200\" srcset=\"http:\/\/schuetzen.schierhorn-nordheide.de\/wp-content\/uploads\/2024\/04\/IMG_3423-768x1024.jpg 768w, http:\/\/schuetzen.schierhorn-nordheide.de\/wp-content\/uploads\/2024\/04\/IMG_3423-225x300.jpg 225w, http:\/\/schuetzen.schierhorn-nordheide.de\/wp-content\/uploads\/2024\/04\/IMG_3423-1152x1536.jpg 1152w, http:\/\/schuetzen.schierhorn-nordheide.de\/wp-content\/uploads\/2024\/04\/IMG_3423-1536x2048.jpg 1536w, http:\/\/schuetzen.schierhorn-nordheide.de\/wp-content\/uploads\/2024\/04\/IMG_3423-scaled.jpg 1920w\" sizes=\"auto, (max-width: 768px) 100vw, 768px\" \/><figcaption class=\"wp-element-caption\">Damenk\u00f6nigin Nine Jordan und Ihre Crew<\/figcaption><\/figure>\n\n\n\n<figure class=\"wp-block-image size-large\"><img loading=\"lazy\" decoding=\"async\" width=\"768\" height=\"1024\" data-id=\"2207\" src=\"http:\/\/schuetzen.schierhorn-nordheide.de\/wp-content\/uploads\/2024\/04\/IMG_3391-768x1024.jpg\" alt=\"\" class=\"wp-image-2207\" srcset=\"http:\/\/schuetzen.schierhorn-nordheide.de\/wp-content\/uploads\/2024\/04\/IMG_3391-768x1024.jpg 768w, http:\/\/schuetzen.schierhorn-nordheide.de\/wp-content\/uploads\/2024\/04\/IMG_3391-225x300.jpg 225w, http:\/\/schuetzen.schierhorn-nordheide.de\/wp-content\/uploads\/2024\/04\/IMG_3391-1152x1536.jpg 1152w, http:\/\/schuetzen.schierhorn-nordheide.de\/wp-content\/uploads\/2024\/04\/IMG_3391-1536x2048.jpg 1536w, http:\/\/schuetzen.schierhorn-nordheide.de\/wp-content\/uploads\/2024\/04\/IMG_3391-scaled.jpg 1920w\" sizes=\"auto, (max-width: 768px) 100vw, 768px\" \/><figcaption class=\"wp-element-caption\">Vogelschie\u00dfen<\/figcaption><\/figure>\n\n\n\n<figure class=\"wp-block-image size-large\"><img loading=\"lazy\" decoding=\"async\" width=\"1024\" height=\"768\" data-id=\"2206\" src=\"http:\/\/schuetzen.schierhorn-nordheide.de\/wp-content\/uploads\/2024\/04\/IMG_3396-1024x768.jpg\" alt=\"\" class=\"wp-image-2206\" srcset=\"http:\/\/schuetzen.schierhorn-nordheide.de\/wp-content\/uploads\/2024\/04\/IMG_3396-1024x768.jpg 1024w, http:\/\/schuetzen.schierhorn-nordheide.de\/wp-content\/uploads\/2024\/04\/IMG_3396-300x225.jpg 300w, http:\/\/schuetzen.schierhorn-nordheide.de\/wp-content\/uploads\/2024\/04\/IMG_3396-768x576.jpg 768w, http:\/\/schuetzen.schierhorn-nordheide.de\/wp-content\/uploads\/2024\/04\/IMG_3396-1536x1152.jpg 1536w, http:\/\/schuetzen.schierhorn-nordheide.de\/wp-content\/uploads\/2024\/04\/IMG_3396-2048x1536.jpg 2048w, http:\/\/schuetzen.schierhorn-nordheide.de\/wp-content\/uploads\/2024\/04\/IMG_3396-350x263.jpg 350w, http:\/\/schuetzen.schierhorn-nordheide.de\/wp-content\/uploads\/2024\/04\/IMG_3396-780x586.jpg 780w, http:\/\/schuetzen.schierhorn-nordheide.de\/wp-content\/uploads\/2024\/04\/IMG_3396-250x188.jpg 250w\" sizes=\"auto, (max-width: 1024px) 100vw, 1024px\" \/><figcaption class=\"wp-element-caption\">Preisverleihung<\/figcaption><\/figure>\n\n\n\n<figure class=\"wp-block-image size-large\"><img loading=\"lazy\" decoding=\"async\" width=\"1024\" height=\"768\" data-id=\"2205\" src=\"http:\/\/schuetzen.schierhorn-nordheide.de\/wp-content\/uploads\/2024\/04\/IMG_3401-1024x768.jpg\" alt=\"\" class=\"wp-image-2205\" srcset=\"http:\/\/schuetzen.schierhorn-nordheide.de\/wp-content\/uploads\/2024\/04\/IMG_3401-1024x768.jpg 1024w, http:\/\/schuetzen.schierhorn-nordheide.de\/wp-content\/uploads\/2024\/04\/IMG_3401-300x225.jpg 300w, http:\/\/schuetzen.schierhorn-nordheide.de\/wp-content\/uploads\/2024\/04\/IMG_3401-768x576.jpg 768w, http:\/\/schuetzen.schierhorn-nordheide.de\/wp-content\/uploads\/2024\/04\/IMG_3401-1536x1152.jpg 1536w, http:\/\/schuetzen.schierhorn-nordheide.de\/wp-content\/uploads\/2024\/04\/IMG_3401-2048x1536.jpg 2048w, http:\/\/schuetzen.schierhorn-nordheide.de\/wp-content\/uploads\/2024\/04\/IMG_3401-350x263.jpg 350w, http:\/\/schuetzen.schierhorn-nordheide.de\/wp-content\/uploads\/2024\/04\/IMG_3401-780x586.jpg 780w, http:\/\/schuetzen.schierhorn-nordheide.de\/wp-content\/uploads\/2024\/04\/IMG_3401-250x188.jpg 250w\" sizes=\"auto, (max-width: 1024px) 100vw, 1024px\" \/><figcaption class=\"wp-element-caption\">Preisverleihung<\/figcaption><\/figure>\n\n\n\n<figure class=\"wp-block-image size-large\"><img loading=\"lazy\" decoding=\"async\" width=\"768\" height=\"1024\" data-id=\"2204\" src=\"http:\/\/schuetzen.schierhorn-nordheide.de\/wp-content\/uploads\/2024\/04\/IMG_3405-768x1024.jpg\" alt=\"\" class=\"wp-image-2204\" srcset=\"http:\/\/schuetzen.schierhorn-nordheide.de\/wp-content\/uploads\/2024\/04\/IMG_3405-768x1024.jpg 768w, http:\/\/schuetzen.schierhorn-nordheide.de\/wp-content\/uploads\/2024\/04\/IMG_3405-225x300.jpg 225w, http:\/\/schuetzen.schierhorn-nordheide.de\/wp-content\/uploads\/2024\/04\/IMG_3405-1152x1536.jpg 1152w, http:\/\/schuetzen.schierhorn-nordheide.de\/wp-content\/uploads\/2024\/04\/IMG_3405-1536x2048.jpg 1536w, http:\/\/schuetzen.schierhorn-nordheide.de\/wp-content\/uploads\/2024\/04\/IMG_3405-scaled.jpg 1920w\" sizes=\"auto, (max-width: 768px) 100vw, 768px\" \/><figcaption class=\"wp-element-caption\">Mettwurstk\u00f6nig Erik Klaucke<\/figcaption><\/figure>\n\n\n\n<figure class=\"wp-block-image size-large\"><img loading=\"lazy\" decoding=\"async\" width=\"1024\" height=\"768\" data-id=\"2203\" src=\"http:\/\/schuetzen.schierhorn-nordheide.de\/wp-content\/uploads\/2024\/04\/IMG_3407-1024x768.jpg\" alt=\"\" class=\"wp-image-2203\" srcset=\"http:\/\/schuetzen.schierhorn-nordheide.de\/wp-content\/uploads\/2024\/04\/IMG_3407-1024x768.jpg 1024w, http:\/\/schuetzen.schierhorn-nordheide.de\/wp-content\/uploads\/2024\/04\/IMG_3407-300x225.jpg 300w, http:\/\/schuetzen.schierhorn-nordheide.de\/wp-content\/uploads\/2024\/04\/IMG_3407-768x576.jpg 768w, http:\/\/schuetzen.schierhorn-nordheide.de\/wp-content\/uploads\/2024\/04\/IMG_3407-1536x1152.jpg 1536w, http:\/\/schuetzen.schierhorn-nordheide.de\/wp-content\/uploads\/2024\/04\/IMG_3407-2048x1536.jpg 2048w, http:\/\/schuetzen.schierhorn-nordheide.de\/wp-content\/uploads\/2024\/04\/IMG_3407-350x263.jpg 350w, http:\/\/schuetzen.schierhorn-nordheide.de\/wp-content\/uploads\/2024\/04\/IMG_3407-780x586.jpg 780w, http:\/\/schuetzen.schierhorn-nordheide.de\/wp-content\/uploads\/2024\/04\/IMG_3407-250x188.jpg 250w\" sizes=\"auto, (max-width: 1024px) 100vw, 1024px\" \/><figcaption class=\"wp-element-caption\">Preisverleihung<\/figcaption><\/figure>\n\n\n\n<figure class=\"wp-block-image size-large\"><img loading=\"lazy\" decoding=\"async\" width=\"1024\" height=\"768\" data-id=\"2202\" src=\"http:\/\/schuetzen.schierhorn-nordheide.de\/wp-content\/uploads\/2024\/04\/IMG_3408-1024x768.jpg\" alt=\"\" class=\"wp-image-2202\" srcset=\"http:\/\/schuetzen.schierhorn-nordheide.de\/wp-content\/uploads\/2024\/04\/IMG_3408-1024x768.jpg 1024w, http:\/\/schuetzen.schierhorn-nordheide.de\/wp-content\/uploads\/2024\/04\/IMG_3408-300x225.jpg 300w, http:\/\/schuetzen.schierhorn-nordheide.de\/wp-content\/uploads\/2024\/04\/IMG_3408-768x576.jpg 768w, http:\/\/schuetzen.schierhorn-nordheide.de\/wp-content\/uploads\/2024\/04\/IMG_3408-1536x1152.jpg 1536w, http:\/\/schuetzen.schierhorn-nordheide.de\/wp-content\/uploads\/2024\/04\/IMG_3408-2048x1536.jpg 2048w, http:\/\/schuetzen.schierhorn-nordheide.de\/wp-content\/uploads\/2024\/04\/IMG_3408-350x263.jpg 350w, http:\/\/schuetzen.schierhorn-nordheide.de\/wp-content\/uploads\/2024\/04\/IMG_3408-780x586.jpg 780w, http:\/\/schuetzen.schierhorn-nordheide.de\/wp-content\/uploads\/2024\/04\/IMG_3408-250x188.jpg 250w\" sizes=\"auto, (max-width: 1024px) 100vw, 1024px\" \/><figcaption class=\"wp-element-caption\">Preisverleihung<\/figcaption><\/figure>\n<\/figure>\n\n\n\n<p><\/p>\n\n\n\n<p><strong>Ergebnisse:<\/strong><\/p>\n\n\n\n<figure class=\"wp-block-table\"><table><tbody><tr><td><strong>Ehrenscheibe der Damenk\u00f6nigin&nbsp;<\/strong><\/td><td>&nbsp;<\/td><td>Ralf Gehrigk<\/td><\/tr><tr><td><strong>Winterorden<\/strong><\/td><td>&nbsp;<\/td><td>Ralf Gehrigk<\/td><\/tr><tr><td><strong>Mettwurstk\u00f6nigin<\/strong> <strong>Sch\u00fctzen<\/strong><\/td><td>&nbsp;<\/td><td>Lisa-Marie Kruse<\/td><\/tr><tr><td><strong>Mettwurstk\u00f6nig Jugend<\/strong><\/td><td>&nbsp;<\/td><td>Erik Klaucke<\/td><\/tr><tr><td><strong>Preisschie\u00dfen&nbsp;<\/strong><\/td><td>&nbsp;<\/td><td>&nbsp;<\/td><\/tr><tr><td><strong>Lichtpunkt Kinder<\/strong><\/td><td>1. Platz<\/td><td>Karina Blecken<\/td><\/tr><tr><td>&nbsp;<\/td><td>2. Platz<\/td><td>Bennet Bann\u00f6hr<\/td><\/tr><tr><td>&nbsp;<\/td><td>3. Platz<\/td><td>Erik Klaucke<\/td><\/tr><tr><td>&nbsp;<\/td><td>&nbsp;<\/td><td>&nbsp;<\/td><\/tr><tr><td><strong>Luftgewehr Jugend<\/strong><\/td><td>1. Platz<\/td><td>&nbsp;Lotte Bendt<\/td><\/tr><tr><td>&nbsp;<\/td><td>2. Plaz<\/td><td>&nbsp;Thor Klaucke<\/td><\/tr><tr><td>&nbsp;<\/td><td>3. Platz<\/td><td>&nbsp;Leo Best<\/td><\/tr><tr><td>&nbsp;<\/td><td>&nbsp;<\/td><td>&nbsp;<\/td><\/tr><tr><td><strong>Kleinkaliber Sch\u00fctzen<\/strong><\/td><td>1. Platz<\/td><td>J\u00f6rg Gehrigk<\/td><\/tr><tr><td>&nbsp;<\/td><td>2. Platz<\/td><td>Nine Jordan<\/td><\/tr><tr><td>&nbsp;<\/td><td>3. Platz<\/td><td>Claudia Jankowski<\/td><\/tr><tr><td>&nbsp;<\/td><td>&nbsp;<\/td><td>&nbsp;<\/td><\/tr><tr><td><strong>Vogelschie\u00dfen der Damen<\/strong><\/td><td>&nbsp;<\/td><td>&nbsp;<\/td><\/tr><tr><td><strong>Kopf<\/strong><\/td><td>&nbsp;<\/td><td>Birgit Henk<\/td><\/tr><tr><td><strong>Schwanz<\/strong><\/td><td>&nbsp;<\/td><td>Petra K\u00e4hne<\/td><\/tr><tr><td><strong>linker Fl\u00fcgel<\/strong><\/td><td>&nbsp;<\/td><td>Julia Scaturro<\/td><\/tr><tr><td><strong>rechter Fl\u00fcgel<\/strong><\/td><td>&nbsp;<\/td><td>Sandra Baasch<\/td><\/tr><tr><td><strong>Rumpf<\/strong><\/td><td>&nbsp;<\/td><td>Nine Jordan<\/td><\/tr><tr><td>&nbsp;<\/td><td>&nbsp;<\/td><td>&nbsp;<\/td><\/tr><tr><td><strong>Vereinsmeisterschaft 2023<\/strong><\/td><td>&nbsp;<\/td><td>&nbsp;<\/td><\/tr><tr><td>&nbsp;<\/td><td>&nbsp;<\/td><td>&nbsp;<\/td><\/tr><tr><td><strong>Auflage<\/strong><\/td><td>Damen<\/td><td>Andrea Niehaus <\/td><\/tr><tr><td>&nbsp;<\/td><td>Damen Alt<\/td><td>Julia Scaturro<\/td><\/tr><tr><td>&nbsp;<\/td><td>Senior A<\/td><td><\/td><\/tr><tr><td>&nbsp;<\/td><td>Senior B<\/td><td><\/td><\/tr><tr><td>&nbsp;<\/td><td>&nbsp;<\/td><td>&nbsp;<\/td><\/tr><tr><td><strong>Freihand<\/strong><\/td><td>Damen<\/td><td>Lisa Schoedel<\/td><\/tr><tr><td>&nbsp;<\/td><td>Damen Alt<\/td><td>Andrea E. Niehaus&nbsp;<\/td><\/tr><tr><td>&nbsp;<\/td><td>Senior A<\/td><td><\/td><\/tr><\/tbody><\/table><\/figure>\n\n\n\n<p>\ufeff<\/p>\n","protected":false},"excerpt":{"rendered":"<p>Am 06.04.2024 war es wieder soweit &#8211; der Sch\u00fctzenverein Schierhorn lud zum diesj\u00e4hrigen Anschie\u00dfen ein. Dies war zugleich der Gro\u00dfe und auch letzte Tag von <a class=\"more-link\" href=\"http:\/\/schuetzen.schierhorn-nordheide.de\/?page_id=2198\">weiterlesen&#8230;<\/a><\/p>\n","protected":false},"author":1,"featured_media":2200,"parent":0,"menu_order":0,"comment_status":"closed","ping_status":"closed","template":"","meta":{"footnotes":""},"class_list":["post-2198","page","type-page","status-publish","has-post-thumbnail","hentry"],"_links":{"self":[{"href":"http:\/\/schuetzen.schierhorn-nordheide.de\/index.php?rest_route=\/wp\/v2\/pages\/2198","targetHints":{"allow":["GET"]}}],"collection":[{"href":"http:\/\/schuetzen.schierhorn-nordheide.de\/index.php?rest_route=\/wp\/v2\/pages"}],"about":[{"href":"http:\/\/schuetzen.schierhorn-nordheide.de\/index.php?rest_route=\/wp\/v2\/types\/page"}],"author":[{"embeddable":true,"href":"http:\/\/schuetzen.schierhorn-nordheide.de\/index.php?rest_route=\/wp\/v2\/users\/1"}],"replies":[{"embeddable":true,"href":"http:\/\/schuetzen.schierhorn-nordheide.de\/index.php?rest_route=%2Fwp%2Fv2%2Fcomments&post=2198"}],"version-history":[{"count":6,"href":"http:\/\/schuetzen.schierhorn-nordheide.de\/index.php?rest_route=\/wp\/v2\/pages\/2198\/revisions"}],"predecessor-version":[{"id":2225,"href":"http:\/\/schuetzen.schierhorn-nordheide.de\/index.php?rest_route=\/wp\/v2\/pages\/2198\/revisions\/2225"}],"wp:featuredmedia":[{"embeddable":true,"href":"http:\/\/schuetzen.schierhorn-nordheide.de\/index.php?rest_route=\/wp\/v2\/media\/2200"}],"wp:attachment":[{"href":"http:\/\/schuetzen.schierhorn-nordheide.de\/index.php?rest_route=%2Fwp%2Fv2%2Fmedia&parent=2198"}],"curies":[{"name":"wp","href":"https:\/\/api.w.org\/{rel}","templated":true}]}}