{"id":2098,"date":"2023-09-25T08:58:24","date_gmt":"2023-09-25T08:58:24","guid":{"rendered":"http:\/\/schuetzen.schierhorn-nordheide.de\/?page_id=2098"},"modified":"2023-10-05T08:27:13","modified_gmt":"2023-10-05T08:27:13","slug":"dienstplan-quartal-4-2023","status":"publish","type":"page","link":"http:\/\/schuetzen.schierhorn-nordheide.de\/?page_id=2098","title":{"rendered":"Dienstplan Quartal 4 \u2013 2023"},"content":{"rendered":"\n<p><strong>ACHTUNG: Neue Schie\u00dfzeiten beachten! Sch\u00fctzen ab 19:30 Uhr!<\/strong><\/p>\n\n\n\n<p><strong>\u00c4nderung: Am 25.10.2023 f\u00e4llt das Schie\u00dfen f\u00fcr Sch\u00fctzen um 19:30 Uhr an diesem Tag aus. <\/strong><\/p>\n\n\n\n<figure class=\"wp-block-image size-full\"><img loading=\"lazy\" decoding=\"async\" width=\"474\" height=\"793\" src=\"http:\/\/schuetzen.schierhorn-nordheide.de\/wp-content\/uploads\/2023\/10\/image-1.png\" alt=\"\" class=\"wp-image-2112\" srcset=\"http:\/\/schuetzen.schierhorn-nordheide.de\/wp-content\/uploads\/2023\/10\/image-1.png 474w, http:\/\/schuetzen.schierhorn-nordheide.de\/wp-content\/uploads\/2023\/10\/image-1-179x300.png 179w\" sizes=\"auto, (max-width: 474px) 100vw, 474px\" \/><\/figure>\n","protected":false},"excerpt":{"rendered":"<p>ACHTUNG: Neue Schie\u00dfzeiten beachten! Sch\u00fctzen ab 19:30 Uhr! \u00c4nderung: Am 25.10.2023 f\u00e4llt das Schie\u00dfen f\u00fcr Sch\u00fctzen um 19:30 Uhr an diesem Tag aus.<\/p>\n","protected":false},"author":1,"featured_media":1986,"parent":0,"menu_order":0,"comment_status":"closed","ping_status":"closed","template":"","meta":{"footnotes":""},"class_list":["post-2098","page","type-page","status-publish","has-post-thumbnail","hentry"],"_links":{"self":[{"href":"http:\/\/schuetzen.schierhorn-nordheide.de\/index.php?rest_route=\/wp\/v2\/pages\/2098","targetHints":{"allow":["GET"]}}],"collection":[{"href":"http:\/\/schuetzen.schierhorn-nordheide.de\/index.php?rest_route=\/wp\/v2\/pages"}],"about":[{"href":"http:\/\/schuetzen.schierhorn-nordheide.de\/index.php?rest_route=\/wp\/v2\/types\/page"}],"author":[{"embeddable":true,"href":"http:\/\/schuetzen.schierhorn-nordheide.de\/index.php?rest_route=\/wp\/v2\/users\/1"}],"replies":[{"embeddable":true,"href":"http:\/\/schuetzen.schierhorn-nordheide.de\/index.php?rest_route=%2Fwp%2Fv2%2Fcomments&post=2098"}],"version-history":[{"count":3,"href":"http:\/\/schuetzen.schierhorn-nordheide.de\/index.php?rest_route=\/wp\/v2\/pages\/2098\/revisions"}],"predecessor-version":[{"id":2114,"href":"http:\/\/schuetzen.schierhorn-nordheide.de\/index.php?rest_route=\/wp\/v2\/pages\/2098\/revisions\/2114"}],"wp:featuredmedia":[{"embeddable":true,"href":"http:\/\/schuetzen.schierhorn-nordheide.de\/index.php?rest_route=\/wp\/v2\/media\/1986"}],"wp:attachment":[{"href":"http:\/\/schuetzen.schierhorn-nordheide.de\/index.php?rest_route=%2Fwp%2Fv2%2Fmedia&parent=2098"}],"curies":[{"name":"wp","href":"https:\/\/api.w.org\/{rel}","templated":true}]}}