{"id":2075,"date":"2023-09-25T07:50:02","date_gmt":"2023-09-25T07:50:02","guid":{"rendered":"http:\/\/schuetzen.schierhorn-nordheide.de\/?page_id=2075"},"modified":"2023-09-25T13:24:39","modified_gmt":"2023-09-25T13:24:39","slug":"ergebnisse-schlussschiessen-2023","status":"publish","type":"page","link":"http:\/\/schuetzen.schierhorn-nordheide.de\/?page_id=2075","title":{"rendered":"Ergebnisse Schlussschie\u00dfen 2023"},"content":{"rendered":"\n<p>Am 23.09.2023 fand unser diesj\u00e4hriges Schlussschie\u00dfen in Schierhorn statt. Unsere Liebe Julia Scaturro durfte es noch einmal so richtig krachen lassen, bevor diese den Vizek\u00f6nigstitel ablegen musste. <\/p>\n\n\n\n<p>In diesem Jahr war es wieder ein Dreikampf, dieses Jahr bestand dieser aber nicht nur aus Frauen wie im letzten Jahr. Mario R\u00fcsch, Petra Theissen und Andrea Niehaus lieferten sich einen fairen Kampf auf die Vize-K\u00f6nigsw\u00fcrde. Bekanntlich kann diese ja immer nur einer erringen und das war in diesem Jahr Andrea Niehaus &#8211; Sie ist damit die zweite Frau in Folge die diese W\u00fcrde errungen hat. <\/p>\n\n\n\n<p>Bei der Jugend hat sich in diesem Jahr Lara H\u00f6lzinger erfolgreich gegen Ihre Konkurrenten durchgesetzt und ist neue Vizek\u00f6nigin geworden. <\/p>\n\n\n\n<figure class=\"wp-block-image size-large is-resized\"><img loading=\"lazy\" decoding=\"async\" src=\"http:\/\/schuetzen.schierhorn-nordheide.de\/wp-content\/uploads\/2023\/09\/IMG_2059-1024x768.jpg\" alt=\"\" class=\"wp-image-2076\" width=\"840\" height=\"630\" srcset=\"http:\/\/schuetzen.schierhorn-nordheide.de\/wp-content\/uploads\/2023\/09\/IMG_2059-1024x768.jpg 1024w, http:\/\/schuetzen.schierhorn-nordheide.de\/wp-content\/uploads\/2023\/09\/IMG_2059-300x225.jpg 300w, http:\/\/schuetzen.schierhorn-nordheide.de\/wp-content\/uploads\/2023\/09\/IMG_2059-768x576.jpg 768w, http:\/\/schuetzen.schierhorn-nordheide.de\/wp-content\/uploads\/2023\/09\/IMG_2059-1536x1152.jpg 1536w, http:\/\/schuetzen.schierhorn-nordheide.de\/wp-content\/uploads\/2023\/09\/IMG_2059-2048x1536.jpg 2048w, http:\/\/schuetzen.schierhorn-nordheide.de\/wp-content\/uploads\/2023\/09\/IMG_2059-350x263.jpg 350w, http:\/\/schuetzen.schierhorn-nordheide.de\/wp-content\/uploads\/2023\/09\/IMG_2059-780x586.jpg 780w, http:\/\/schuetzen.schierhorn-nordheide.de\/wp-content\/uploads\/2023\/09\/IMG_2059-250x188.jpg 250w\" sizes=\"auto, (max-width: 840px) 100vw, 840px\" \/><figcaption class=\"wp-element-caption\">von links: Adjutantin Petra Thei\u00dfen, Vizek\u00f6nigin Andrea Niehaus (Mitte) mit Ihrer Frau Andrea E. Niehaus, Adjutantin Mandy Best und Adjutant Donovan Klaucke<\/figcaption><\/figure>\n\n\n\n<figure class=\"wp-block-image size-large\"><img loading=\"lazy\" decoding=\"async\" width=\"1024\" height=\"768\" src=\"http:\/\/schuetzen.schierhorn-nordheide.de\/wp-content\/uploads\/2023\/09\/IMG_2047-1024x768.jpg\" alt=\"\" class=\"wp-image-2083\" srcset=\"http:\/\/schuetzen.schierhorn-nordheide.de\/wp-content\/uploads\/2023\/09\/IMG_2047-1024x768.jpg 1024w, http:\/\/schuetzen.schierhorn-nordheide.de\/wp-content\/uploads\/2023\/09\/IMG_2047-300x225.jpg 300w, http:\/\/schuetzen.schierhorn-nordheide.de\/wp-content\/uploads\/2023\/09\/IMG_2047-768x576.jpg 768w, http:\/\/schuetzen.schierhorn-nordheide.de\/wp-content\/uploads\/2023\/09\/IMG_2047-1536x1152.jpg 1536w, http:\/\/schuetzen.schierhorn-nordheide.de\/wp-content\/uploads\/2023\/09\/IMG_2047-2048x1536.jpg 2048w, http:\/\/schuetzen.schierhorn-nordheide.de\/wp-content\/uploads\/2023\/09\/IMG_2047-350x263.jpg 350w, http:\/\/schuetzen.schierhorn-nordheide.de\/wp-content\/uploads\/2023\/09\/IMG_2047-780x586.jpg 780w, http:\/\/schuetzen.schierhorn-nordheide.de\/wp-content\/uploads\/2023\/09\/IMG_2047-250x188.jpg 250w\" sizes=\"auto, (max-width: 1024px) 100vw, 1024px\" \/><figcaption class=\"wp-element-caption\">von links: Adjutantin Melina Pralow, Jungsch\u00fctzenvizek\u00f6nigin Lara H\u00f6lziger und Adjutantin Lotte Bendt<\/figcaption><\/figure>\n\n\n\n<p>Schie\u00dfergebnisse:<\/p>\n\n\n\n<figure class=\"wp-block-table\"><table><tbody><tr><td><strong>Vogelschie\u00dfen Sch\u00fctzen<\/strong><\/td><td>&nbsp;<\/td><td> <\/td><\/tr><tr><td>Kopf &amp; Hals<\/td><td>&nbsp;<\/td><td>Tim Schmeling<\/td><\/tr><tr><td>Reichsapfel<\/td><td>&nbsp;<\/td><td>Meinhard Fichtner<\/td><\/tr><tr><td>Zepter<\/td><td>&nbsp;<\/td><td>Andrea Niehaus<\/td><\/tr><tr><td>Schwanz<\/td><td>&nbsp;<\/td><td>Heiko Cohrs<\/td><\/tr><tr><td>linker Fl\u00fcgel<\/td><td><\/td><td>Ralf Jankowski<\/td><\/tr><tr><td>rechter Fl\u00fcgel<\/td><td><\/td><td>Helmut Schmeling<\/td><\/tr><tr><td>Rumpf<\/td><td><\/td><td>Andrea Niehaus<\/td><\/tr><tr><td>&nbsp;<\/td><td>Adjutanten<\/td><td>Petra Thei\u00dfen<\/td><\/tr><tr><td><\/td><td><\/td><td>Mandy Best<\/td><\/tr><tr><td>&nbsp;<\/td><td><\/td><td>Donovan Klaucke <\/td><\/tr><tr><td><\/td><td><\/td><td><\/td><\/tr><tr><td>Herbst-Orden<\/td><td>Teiler: 154<\/td><td>Julia Scaturro<\/td><\/tr><tr><td>Orden des Vizek\u00f6nigs<\/td><td>Ringe: 25<\/td><td>Nils Pralow<\/td><\/tr><tr><td>Bundesorden<\/td><td>Ringe: 150<\/td><td>Andrea E. Niehaus<\/td><\/tr><tr><td><\/td><td><\/td><td><\/td><\/tr><tr><td>Damenorden<\/td><td>&nbsp;<\/td><td>Lisa Schoedel<\/td><\/tr><tr><td>Damenbeste<\/td><td>&nbsp;<\/td><td>Sandra Baasch<\/td><\/tr><tr><td>Standbeste der Damen<\/td><td>&nbsp;<\/td><td>Lisa Schoedel<\/td><\/tr><tr><td><\/td><td>&nbsp;<\/td><td><\/td><\/tr><tr><td><strong>Vogelschie\u00dfen der Jungsch\u00fctzen<\/strong><\/td><td>&nbsp;<\/td><td><\/td><\/tr><tr><td>Kopf<\/td><td>&nbsp;<\/td><td>Emil Luka<\/td><\/tr><tr><td>Reichsapfel<\/td><td>&nbsp;<\/td><td>Lara H\u00f6lzinger<\/td><\/tr><tr><td>Zepter<\/td><td>&nbsp;<\/td><td>Larissa Henk<\/td><\/tr><tr><td>Schwanz<\/td><td>&nbsp;<\/td><td>Lotte Bendt<\/td><\/tr><tr><td>linker Fl\u00fcgel<\/td><td>&nbsp;<\/td><td>Sean-Paul Binder<\/td><\/tr><tr><td>rechter Fl\u00fcgel<\/td><td><\/td><td>Lara H\u00f6lzinger<\/td><\/tr><tr><td>Rumpf<\/td><td><\/td><td>Lara H\u00f6lzinger<\/td><\/tr><tr><td>&nbsp;<\/td><td>Adjutanten<\/td><td>Melina Pralow<\/td><\/tr><tr><td>&nbsp;<\/td><td><\/td><td>Lotte Bendt<\/td><\/tr><tr><td>&nbsp;<\/td><td>&nbsp;<\/td><td>&nbsp;<\/td><\/tr><tr><td>Orden des Jungsch\u00fctzenvizek\u00f6nigs<\/td><td>Ringe: 45<\/td><td>Louis Block<\/td><\/tr><tr><td><\/td><td><\/td><td><\/td><\/tr><tr><td><\/td><td><\/td><td><\/td><\/tr><\/tbody><\/table><\/figure>\n\n\n\n<figure class=\"wp-block-table\"><table><tbody><tr><td><strong>Orden der Jungsch\u00fctzen<\/strong><\/td><td><\/td><td><\/td><\/tr><tr><td>Bestmannorden<\/td><td>Sch\u00fcler M\u00e4dchen<\/td><td>Lara H\u00f6lzinger<\/td><\/tr><tr><td><\/td><td>Sch\u00fcler Jungen<\/td><td>Thor Klaucke<\/td><\/tr><tr><td><\/td><td>Jugend M\u00e4dchen<\/td><td>Melina Pralow<\/td><\/tr><tr><td>Schwanz<\/td><td>Jugend Jungen<\/td><td>Leo Best<\/td><\/tr><tr><td><\/td><td><\/td><td><\/td><\/tr><tr><td>Jugendorden<\/td><td>gold<\/td><td>Melina Pralow<\/td><\/tr><tr><td><\/td><td>silber<\/td><td>Thor Klaucke<\/td><\/tr><tr><td><\/td><td>bronze<\/td><td>Lara H\u00f6lzinger <\/td><\/tr><tr><td><strong>Kinder<\/strong><\/td><td><\/td><td><\/td><\/tr><tr><td>Kinderorden<\/td><td>Ringe: 83<\/td><td>Erik Klaucke<\/td><\/tr><tr><td>Nadel<\/td><td>Ringe: 68<\/td><td>Bennet Bann\u00f6r<\/td><\/tr><tr><td>Nadel<\/td><td>Ringe: 54<\/td><td>Kalle Luka<\/td><\/tr><tr><td><\/td><td><\/td><td><\/td><\/tr><tr><td><strong>Er und Sie Schie\u00dfen<\/strong><\/td><td><\/td><td><\/td><\/tr><tr><td>Platz 1<\/td><td>\ufeff<\/td><td>Sandra &amp; J\u00f6rg Gehrigk<\/td><\/tr><tr><td>Platz 2<\/td><td><\/td><td>Andrea &amp; Andrea E. Niehaus<\/td><\/tr><tr><td>Platz 3<\/td><td>&nbsp;<\/td><td>Sarah &amp; Ulf Harms<\/td><\/tr><tr><td>Platz 4<\/td><td>&nbsp;<\/td><td>Fenja Danat &amp; Kenneth Fichtner<\/td><\/tr><tr><td>Platz 5<\/td><td>&nbsp;<\/td><td>Lisa Kruse &amp; Gerrit Pralow<\/td><\/tr><tr><td>Platz 6<\/td><td>&nbsp;<\/td><td>Julia Scaturro &amp; Ralf Jankowski<\/td><\/tr><tr><td>Platz 7<\/td><td>&nbsp;<\/td><td>Lisa Schoedel &amp; Carsten Henk<\/td><\/tr><tr><td>Platz 8<\/td><td>&nbsp;<\/td><td>Sabine &amp; Ralf Gehrigk<\/td><\/tr><tr><td>Platz 9<\/td><td>&nbsp;<\/td><td>Leon Emme &amp; Caren Schr\u00f6der<\/td><\/tr><tr><td>Platz 10<\/td><td>&nbsp;<\/td><td>Tatjana &amp; Volker Borowi<\/td><\/tr><tr><td>Platz 11<\/td><td>&nbsp;<\/td><td>Birgit &amp; Klaus-Dieter Henk<\/td><\/tr><tr><td>Platz 12<\/td><td>\ufeff<\/td><td>Claudia &amp; Meinhard Fichtner<\/td><\/tr><tr><td>Platz 13<\/td><td>\ufeff<\/td><td>Petra &amp; Michael Thei\u00dfen<\/td><\/tr><tr><td>Platz 14<\/td><td><\/td><td>Sandra &amp; Christian Baasch<\/td><\/tr><tr><td>Platz 15<\/td><td>\ufeff<\/td><td>Susanne &amp; Sebastian Fehling<\/td><\/tr><tr><td>Platz 16<\/td><td>&nbsp;<\/td><td>Christine &amp; J\u00f6rg Schulz<\/td><\/tr><tr><td>Platz 17<\/td><td><\/td><td>Maren &amp; Thorsten Henck<\/td><\/tr><tr><td>Platz 18<\/td><td>\ufeff<\/td><td>Pia &amp; Michael Bunselmeier<\/td><\/tr><tr><td>Platz 19<\/td><td>\ufeff<\/td><td>Mandy &amp; Dieter Best<\/td><\/tr><\/tbody><\/table><\/figure>\n\n\n\n<figure class=\"wp-block-image size-large\"><img loading=\"lazy\" decoding=\"async\" width=\"1024\" height=\"768\" src=\"http:\/\/schuetzen.schierhorn-nordheide.de\/wp-content\/uploads\/2023\/09\/IMG_2037-1024x768.jpg\" alt=\"\" class=\"wp-image-2095\" srcset=\"http:\/\/schuetzen.schierhorn-nordheide.de\/wp-content\/uploads\/2023\/09\/IMG_2037-1024x768.jpg 1024w, http:\/\/schuetzen.schierhorn-nordheide.de\/wp-content\/uploads\/2023\/09\/IMG_2037-300x225.jpg 300w, http:\/\/schuetzen.schierhorn-nordheide.de\/wp-content\/uploads\/2023\/09\/IMG_2037-768x576.jpg 768w, http:\/\/schuetzen.schierhorn-nordheide.de\/wp-content\/uploads\/2023\/09\/IMG_2037-1536x1152.jpg 1536w, http:\/\/schuetzen.schierhorn-nordheide.de\/wp-content\/uploads\/2023\/09\/IMG_2037-2048x1536.jpg 2048w, http:\/\/schuetzen.schierhorn-nordheide.de\/wp-content\/uploads\/2023\/09\/IMG_2037-350x263.jpg 350w, http:\/\/schuetzen.schierhorn-nordheide.de\/wp-content\/uploads\/2023\/09\/IMG_2037-780x586.jpg 780w, http:\/\/schuetzen.schierhorn-nordheide.de\/wp-content\/uploads\/2023\/09\/IMG_2037-250x188.jpg 250w\" sizes=\"auto, (max-width: 1024px) 100vw, 1024px\" \/><figcaption class=\"wp-element-caption\">von links: Ulf Harms, Julia Scaturro und Andrea Niehaus <\/figcaption><\/figure>\n\n\n\n<figure class=\"wp-block-image size-large\"><img loading=\"lazy\" decoding=\"async\" width=\"1024\" height=\"768\" src=\"http:\/\/schuetzen.schierhorn-nordheide.de\/wp-content\/uploads\/2023\/09\/IMG_2042-1024x768.jpg\" alt=\"\" class=\"wp-image-2096\" srcset=\"http:\/\/schuetzen.schierhorn-nordheide.de\/wp-content\/uploads\/2023\/09\/IMG_2042-1024x768.jpg 1024w, http:\/\/schuetzen.schierhorn-nordheide.de\/wp-content\/uploads\/2023\/09\/IMG_2042-300x225.jpg 300w, http:\/\/schuetzen.schierhorn-nordheide.de\/wp-content\/uploads\/2023\/09\/IMG_2042-768x576.jpg 768w, http:\/\/schuetzen.schierhorn-nordheide.de\/wp-content\/uploads\/2023\/09\/IMG_2042-1536x1152.jpg 1536w, http:\/\/schuetzen.schierhorn-nordheide.de\/wp-content\/uploads\/2023\/09\/IMG_2042-2048x1536.jpg 2048w, http:\/\/schuetzen.schierhorn-nordheide.de\/wp-content\/uploads\/2023\/09\/IMG_2042-350x263.jpg 350w, http:\/\/schuetzen.schierhorn-nordheide.de\/wp-content\/uploads\/2023\/09\/IMG_2042-780x586.jpg 780w, http:\/\/schuetzen.schierhorn-nordheide.de\/wp-content\/uploads\/2023\/09\/IMG_2042-250x188.jpg 250w\" sizes=\"auto, (max-width: 1024px) 100vw, 1024px\" \/><figcaption class=\"wp-element-caption\">von links: Louis Block, Melina Pralow und Lisa Marie Kruse<\/figcaption><\/figure>\n","protected":false},"excerpt":{"rendered":"<p>Am 23.09.2023 fand unser diesj\u00e4hriges Schlussschie\u00dfen in Schierhorn statt. Unsere Liebe Julia Scaturro durfte es noch einmal so richtig krachen lassen, bevor diese den Vizek\u00f6nigstitel <a class=\"more-link\" href=\"http:\/\/schuetzen.schierhorn-nordheide.de\/?page_id=2075\">weiterlesen&#8230;<\/a><\/p>\n","protected":false},"author":1,"featured_media":2076,"parent":0,"menu_order":0,"comment_status":"closed","ping_status":"closed","template":"","meta":{"footnotes":""},"class_list":["post-2075","page","type-page","status-publish","has-post-thumbnail","hentry"],"_links":{"self":[{"href":"http:\/\/schuetzen.schierhorn-nordheide.de\/index.php?rest_route=\/wp\/v2\/pages\/2075","targetHints":{"allow":["GET"]}}],"collection":[{"href":"http:\/\/schuetzen.schierhorn-nordheide.de\/index.php?rest_route=\/wp\/v2\/pages"}],"about":[{"href":"http:\/\/schuetzen.schierhorn-nordheide.de\/index.php?rest_route=\/wp\/v2\/types\/page"}],"author":[{"embeddable":true,"href":"http:\/\/schuetzen.schierhorn-nordheide.de\/index.php?rest_route=\/wp\/v2\/users\/1"}],"replies":[{"embeddable":true,"href":"http:\/\/schuetzen.schierhorn-nordheide.de\/index.php?rest_route=%2Fwp%2Fv2%2Fcomments&post=2075"}],"version-history":[{"count":6,"href":"http:\/\/schuetzen.schierhorn-nordheide.de\/index.php?rest_route=\/wp\/v2\/pages\/2075\/revisions"}],"predecessor-version":[{"id":2109,"href":"http:\/\/schuetzen.schierhorn-nordheide.de\/index.php?rest_route=\/wp\/v2\/pages\/2075\/revisions\/2109"}],"wp:featuredmedia":[{"embeddable":true,"href":"http:\/\/schuetzen.schierhorn-nordheide.de\/index.php?rest_route=\/wp\/v2\/media\/2076"}],"wp:attachment":[{"href":"http:\/\/schuetzen.schierhorn-nordheide.de\/index.php?rest_route=%2Fwp%2Fv2%2Fmedia&parent=2075"}],"curies":[{"name":"wp","href":"https:\/\/api.w.org\/{rel}","templated":true}]}}