{"id":1427,"date":"2021-06-03T13:17:17","date_gmt":"2021-06-03T13:17:17","guid":{"rendered":"http:\/\/schuetzen.schierhorn-nordheide.de\/?page_id=1427"},"modified":"2021-06-03T13:20:32","modified_gmt":"2021-06-03T13:20:32","slug":"jahreshauptversammlung-2021","status":"publish","type":"page","link":"http:\/\/schuetzen.schierhorn-nordheide.de\/?page_id=1427","title":{"rendered":"Jahreshauptversammlung 2021"},"content":{"rendered":"\n<p>Am 02.05.2021 diesen Jahres konnte unter Auflagen der Corona Verordnungen au\u00dferhalb des Sch\u00fctzenhus eine Jahreshauptversammlung im Freien stattfinden. Anbei ein Bericht f\u00fcr alle die nicht anwesend waren:<\/p>\n\n\n\n<p>Unser 1. Vorsitzender Thorsten Henck er\u00f6ffnet um 10:00 Uhr die Sitzung. Er begr\u00fc\u00dft alle Anwesenden und stellt fest, dass die Einladung form- und fristgerecht verschickt wurde, und eine Beschlussf\u00e4higkeit der Versammlung gegeben ist. Anschlie\u00dfend gedenkt die Versammlung unseren verstorbenen Mitgliedern Hans-Wilhelm Henck, Horst Rademacher und Winfried Boie.<\/p>\n\n\n\n<p>Thorsten Henck beginnt mit seinem Jahresbericht und erl\u00e4utert, dass der Verein zum Jahresende 2020 aus 178   (Vorjahr 179) Mitgliedern besteht. Als Neueintritte konnten wir Andreas Seemann, Dieter Best und Petra Theissen begr\u00fc\u00dfen. Ausgetreten sind Nicole Schill und Martin Engelmann, Neuzugang im Jahr 2021 ist Larissa Henk.<\/p>\n\n\n\n<p>Anschlie\u00dfend fasst Thorsten das Sch\u00fctzenjahr 2020 kurz und pr\u00e4gnant zusammen: Im Januar und Februar konnten die K\u00f6nigsb\u00e4lle in Wesel, Hanstedt und Asendorf besucht werden, am 29.02.2020 wurde die Fussbodensanierung im Sch\u00fctzenhus abgeschlossen, eine Woche sp\u00e4ter der K\u00f6nig der K\u00f6nige ermittelt \u2013 und dann wurde aufgrund der Corona-Pandemie der gesamte Sch\u00fctzenbetrieb eingestellt. Zwar konnte im Sommer der KK-Schiessbetrieb dank des von der Schiesskommission erarbeiteten Hygienekonzeptes nochmal f\u00fcr einige Wochen aufgenommen werden, aber mit steigenden Inzidenzen im Herbst musste der Verein wieder in den \u201eLockdown\u201c. Das 50j\u00e4hrige Jubil\u00e4um unserer Damenabteilung soll auf jeden Fall nachgefeiert werden.<\/p>\n\n\n\n<p>Malte Reucher berichtet von der Kassenpr\u00fcfung, die am 25.04.2021 stattfand. Es wurden keinen Unregelm\u00e4\u00dfigkeiten festgestellt. Malte bedankt sich bei Benjamin f\u00fcr die detaillierte Aufbereitung und ausf\u00fchrlichen und schl\u00fcssigen Erl\u00e4uterungen. Anschlie\u00dfend bittet Malte die Versammlung um Entlastung des Kassenwartes und des Vorstandes, welche einstimmig gew\u00e4hrt wird.<\/p>\n\n\n\n<p><strong>Wahlen<\/strong><\/p>\n\n\n\n<p>Thorsten Henck wird einstimmig als 1. Pr\u00e4sident wiedergew\u00e4hlt. Er bedankt sich f\u00fcr das Vertrauen und k\u00fcndigt an, dass dieses seine letzte Amtszeit sein wird und er sich nach 12 Jahren Pr\u00e4sident und 6 Jahren als Vizepr\u00e4sident in vier Jahren nicht wieder zur Wahl stellen wird.<\/p>\n\n\n\n<p><strong><em>Weitere Wahlen:<\/em><\/strong> \u00a0Der 1. Schatzmeister Benjamin Fehling und die 2. Schatzmeisterin Claudia Henk werden einstimmig, der Sportwart Michael Theissen mit einer Enthaltung wiedergew\u00e4hlt. Der Festausschussvorsitzende Benjamin Blecken wird in Abwesenheit einstimmig wiedergew\u00e4hlt, l\u00e4sst aber ausrichten, dass er sein Amt in 1-2 Jahren niederlegen wird. Als Internetbeauftragte wird Lisa Schoedel in Abwesenheit einstimmig gew\u00e4hlt, f\u00fcr die vakante Stelle der 2.\u00a0 Damenwartin findet sich wie auch im Jahr 2020 keine Anw\u00e4rterin. Als Kassenpr\u00fcfer scheidet Malte Reucher turnusgem\u00e4\u00df nach drei Jahren aus. Es wird Christian Baasch vorgeschlagen, der sich zur Verf\u00fcgung stellt und einstimmig gew\u00e4hlt wird. Als Delegierter scheidet Christian Blecken turnusgem\u00e4\u00df nach drei Jahren aus. Es wird Sven Rademacher vorgeschlagen, der die einstimmige Wahl annimmt.<\/p>\n\n\n\n<p>Zu Ehrenmitgliedern werden ernannt: Detlef Cohrs, Uwe Feddersen, Jutta von Fintel, Helga Heinrich und Ernst-Otto    Tietjen.<\/p>\n\n\n\n<p>Das Anschie\u00dfen und auch das Sch\u00fctzenfest 2021 muss aufgrund der Pandemie ausfallen. Der Vorstand hat gro\u00dfe Hoffnung, dass das Schlussschiessen im September stattfinden kann und evtl. etwas gr\u00f6sser als \u00fcblich gefeiert werden kann \u2013 aber die weitere Entwicklung muss abgewartet werden.<\/p>\n\n\n\n<figure class=\"wp-block-image size-large is-style-rounded\"><img loading=\"lazy\" decoding=\"async\" width=\"1024\" height=\"768\" src=\"http:\/\/schuetzen.schierhorn-nordheide.de\/wp-content\/uploads\/2021\/06\/20210502_104358-1024x768.jpg\" alt=\"\" class=\"wp-image-1433\" srcset=\"http:\/\/schuetzen.schierhorn-nordheide.de\/wp-content\/uploads\/2021\/06\/20210502_104358-1024x768.jpg 1024w, http:\/\/schuetzen.schierhorn-nordheide.de\/wp-content\/uploads\/2021\/06\/20210502_104358-300x225.jpg 300w, http:\/\/schuetzen.schierhorn-nordheide.de\/wp-content\/uploads\/2021\/06\/20210502_104358-768x576.jpg 768w, http:\/\/schuetzen.schierhorn-nordheide.de\/wp-content\/uploads\/2021\/06\/20210502_104358-1536x1152.jpg 1536w, http:\/\/schuetzen.schierhorn-nordheide.de\/wp-content\/uploads\/2021\/06\/20210502_104358-2048x1536.jpg 2048w, http:\/\/schuetzen.schierhorn-nordheide.de\/wp-content\/uploads\/2021\/06\/20210502_104358-350x263.jpg 350w, http:\/\/schuetzen.schierhorn-nordheide.de\/wp-content\/uploads\/2021\/06\/20210502_104358-780x586.jpg 780w, http:\/\/schuetzen.schierhorn-nordheide.de\/wp-content\/uploads\/2021\/06\/20210502_104358-250x188.jpg 250w\" sizes=\"auto, (max-width: 1024px) 100vw, 1024px\" \/><figcaption>Jahresh<em>auptversammlung 2021 im Freien<\/em><\/figcaption><\/figure>\n\n\n\n<figure class=\"wp-block-image size-large is-style-rounded\"><img loading=\"lazy\" decoding=\"async\" width=\"1024\" height=\"768\" src=\"http:\/\/schuetzen.schierhorn-nordheide.de\/wp-content\/uploads\/2021\/06\/IMG_3453-1024x768.jpg\" alt=\"\" class=\"wp-image-1435\" srcset=\"http:\/\/schuetzen.schierhorn-nordheide.de\/wp-content\/uploads\/2021\/06\/IMG_3453-1024x768.jpg 1024w, http:\/\/schuetzen.schierhorn-nordheide.de\/wp-content\/uploads\/2021\/06\/IMG_3453-300x225.jpg 300w, http:\/\/schuetzen.schierhorn-nordheide.de\/wp-content\/uploads\/2021\/06\/IMG_3453-768x576.jpg 768w, http:\/\/schuetzen.schierhorn-nordheide.de\/wp-content\/uploads\/2021\/06\/IMG_3453-1536x1152.jpg 1536w, http:\/\/schuetzen.schierhorn-nordheide.de\/wp-content\/uploads\/2021\/06\/IMG_3453-350x263.jpg 350w, http:\/\/schuetzen.schierhorn-nordheide.de\/wp-content\/uploads\/2021\/06\/IMG_3453-780x586.jpg 780w, http:\/\/schuetzen.schierhorn-nordheide.de\/wp-content\/uploads\/2021\/06\/IMG_3453-250x188.jpg 250w, http:\/\/schuetzen.schierhorn-nordheide.de\/wp-content\/uploads\/2021\/06\/IMG_3453.jpg 2016w\" sizes=\"auto, (max-width: 1024px) 100vw, 1024px\" \/><figcaption><em>Jahreshauptversammlung 2021 im Freien<\/em><\/figcaption><\/figure>\n\n\n\n<p><\/p>\n","protected":false},"excerpt":{"rendered":"<p>Am 02.05.2021 diesen Jahres konnte unter Auflagen der Corona Verordnungen au\u00dferhalb des Sch\u00fctzenhus eine Jahreshauptversammlung im Freien stattfinden. Anbei ein Bericht f\u00fcr alle die nicht <a class=\"more-link\" href=\"http:\/\/schuetzen.schierhorn-nordheide.de\/?page_id=1427\">weiterlesen&#8230;<\/a><\/p>\n","protected":false},"author":1,"featured_media":912,"parent":0,"menu_order":0,"comment_status":"closed","ping_status":"closed","template":"","meta":{"footnotes":""},"class_list":["post-1427","page","type-page","status-publish","has-post-thumbnail","hentry"],"_links":{"self":[{"href":"http:\/\/schuetzen.schierhorn-nordheide.de\/index.php?rest_route=\/wp\/v2\/pages\/1427","targetHints":{"allow":["GET"]}}],"collection":[{"href":"http:\/\/schuetzen.schierhorn-nordheide.de\/index.php?rest_route=\/wp\/v2\/pages"}],"about":[{"href":"http:\/\/schuetzen.schierhorn-nordheide.de\/index.php?rest_route=\/wp\/v2\/types\/page"}],"author":[{"embeddable":true,"href":"http:\/\/schuetzen.schierhorn-nordheide.de\/index.php?rest_route=\/wp\/v2\/users\/1"}],"replies":[{"embeddable":true,"href":"http:\/\/schuetzen.schierhorn-nordheide.de\/index.php?rest_route=%2Fwp%2Fv2%2Fcomments&post=1427"}],"version-history":[{"count":3,"href":"http:\/\/schuetzen.schierhorn-nordheide.de\/index.php?rest_route=\/wp\/v2\/pages\/1427\/revisions"}],"predecessor-version":[{"id":1437,"href":"http:\/\/schuetzen.schierhorn-nordheide.de\/index.php?rest_route=\/wp\/v2\/pages\/1427\/revisions\/1437"}],"wp:featuredmedia":[{"embeddable":true,"href":"http:\/\/schuetzen.schierhorn-nordheide.de\/index.php?rest_route=\/wp\/v2\/media\/912"}],"wp:attachment":[{"href":"http:\/\/schuetzen.schierhorn-nordheide.de\/index.php?rest_route=%2Fwp%2Fv2%2Fmedia&parent=1427"}],"curies":[{"name":"wp","href":"https:\/\/api.w.org\/{rel}","templated":true}]}}