{"id":1141,"date":"2020-03-23T14:13:35","date_gmt":"2020-03-23T14:13:35","guid":{"rendered":"http:\/\/schuetzen.schierhorn-nordheide.de\/?page_id=1141"},"modified":"2020-04-15T09:09:52","modified_gmt":"2020-04-15T09:09:52","slug":"koenig-der-koenige-2020","status":"publish","type":"page","link":"http:\/\/schuetzen.schierhorn-nordheide.de\/?page_id=1141","title":{"rendered":"K\u00f6nig der K\u00f6nige 2020"},"content":{"rendered":"\n<p>Dieses Jahr am 07.03.2020 war es wieder einmal soweit und es wurde der diesj\u00e4hrige K\u00f6nig der K\u00f6nige (gestiftet von Harald und Petra Jander, ehem. K\u00f6nig der K\u00f6nige 2019) bei einer geselligen Runde Kaffee und Kuchen zwischen 24 ehemaligen K\u00f6nigen ausgeschossen. Zum Ausklang des Abends gab es ein gemeinsames Abendessen, wo auch alle ehemaligen K\u00f6niginnen anwesend waren. In diesem Rahmen wurde der neue &#8222;K\u00f6nig der K\u00f6nige&#8220; proklamiert.<\/p>\n\n\n\n<p>In diesem Jahr d\u00fcrfen wir <strong>Fabian Schmeling<\/strong> die Ehre erweisen, er ist neuer K\u00f6nig der K\u00f6nige 2020!<\/p>\n\n\n\n<figure class=\"wp-block-table\"><table><tbody><tr><td><strong>Jahr<\/strong><\/td><td><strong>K\u00f6nig der K\u00f6nige<\/strong><\/td><\/tr><tr><td><strong>2020<\/strong><\/td><td><strong>Fabian Schmeling<\/strong><\/td><\/tr><tr><td>2019<\/td><td>Harald Jander<\/td><\/tr><tr><td>2018<\/td><td>Matthias Cohrs<\/td><\/tr><tr><td>2017<\/td><td>Christian Baasch<\/td><\/tr><tr><td>2016<\/td><td>Ulf Harms<\/td><\/tr><tr><td>2015<\/td><td>Hans-Otto Rademacher<\/td><\/tr><tr><td>2014<\/td><td>Matthias Kloft<\/td><\/tr><tr><td>2013<\/td><td>Thorsten Henck<\/td><\/tr><tr><td>2012<\/td><td>Holger Nottorf<\/td><\/tr><tr><td>2011<\/td><td>Hans-J\u00fcrgen Blecken<\/td><\/tr><tr><td>2010<\/td><td>Gerd Mangler<\/td><\/tr><tr><td>2009<\/td><td>Ralf Gehrigk<\/td><\/tr><tr><td>2008<\/td><td>Ernst-Otto Tietjen<\/td><\/tr><tr><td>2007<\/td><td>Herbert Blecken<\/td><\/tr><tr><td>2006<\/td><td>Hans-Joachim Rademacher<\/td><\/tr><tr><td>2005<\/td><td>J\u00fcrgen Rademacher<\/td><\/tr><tr><td>2004<\/td><td>Peter K\u00f6ln<\/td><\/tr><tr><td>2003<\/td><td>Meinhard Fichtner<\/td><\/tr><tr><td>2002<\/td><td>Klaus Rademacher<\/td><\/tr><tr><td>2001<\/td><td>Hans Henck<\/td><\/tr><tr><td>2000<\/td><td>Dieter Pralow<\/td><\/tr><tr><td>1999<\/td><td>Herbert Kopelke<\/td><\/tr><tr><td>1998<\/td><td>Hermann Petersen<\/td><\/tr><tr><td>1997<\/td><td>Hans Heinrich<\/td><\/tr><tr><td>1996<\/td><td>Claus Harms<\/td><\/tr><tr><td>1995<\/td><td>Wolfgang Ristow<\/td><\/tr><tr><td>1994<\/td><td>Willi Cohrs<\/td><\/tr><tr><td>1993<\/td><td>Jup Bittmann<\/td><\/tr><tr><td>1992<\/td><td>Otto Rademacher<\/td><\/tr><tr><td>1991<\/td><td>Herbert Fischer<\/td><\/tr><tr><td>1990<\/td><td>Peter Rademacher<\/td><\/tr><tr><td>1989<\/td><td>Peter Peters<\/td><\/tr><tr><td>1988<\/td><td>G\u00fcnter Wewer<\/td><\/tr><tr><td>1987<\/td><td>Walter Kr\u00f6ger<\/td><\/tr><tr><td>1986<\/td><td>Adolf Harms<\/td><\/tr><tr><td>1985<\/td><td>Klaus Tomforde<\/td><\/tr><tr><td>1984<\/td><td>Dieter Pralow<\/td><\/tr><tr><td>1983<\/td><td>Wilfried Karl<\/td><\/tr><tr><td>1982<\/td><td>Arno Bruchmann<\/td><\/tr><\/tbody><\/table><\/figure>\n","protected":false},"excerpt":{"rendered":"<p>Dieses Jahr am 07.03.2020 war es wieder einmal soweit und es wurde der diesj\u00e4hrige K\u00f6nig der K\u00f6nige (gestiftet von Harald und Petra Jander, ehem. K\u00f6nig <a class=\"more-link\" href=\"http:\/\/schuetzen.schierhorn-nordheide.de\/?page_id=1141\">weiterlesen&#8230;<\/a><\/p>\n","protected":false},"author":1,"featured_media":912,"parent":0,"menu_order":0,"comment_status":"closed","ping_status":"closed","template":"","meta":{"footnotes":""},"class_list":["post-1141","page","type-page","status-publish","has-post-thumbnail","hentry"],"_links":{"self":[{"href":"http:\/\/schuetzen.schierhorn-nordheide.de\/index.php?rest_route=\/wp\/v2\/pages\/1141","targetHints":{"allow":["GET"]}}],"collection":[{"href":"http:\/\/schuetzen.schierhorn-nordheide.de\/index.php?rest_route=\/wp\/v2\/pages"}],"about":[{"href":"http:\/\/schuetzen.schierhorn-nordheide.de\/index.php?rest_route=\/wp\/v2\/types\/page"}],"author":[{"embeddable":true,"href":"http:\/\/schuetzen.schierhorn-nordheide.de\/index.php?rest_route=\/wp\/v2\/users\/1"}],"replies":[{"embeddable":true,"href":"http:\/\/schuetzen.schierhorn-nordheide.de\/index.php?rest_route=%2Fwp%2Fv2%2Fcomments&post=1141"}],"version-history":[{"count":3,"href":"http:\/\/schuetzen.schierhorn-nordheide.de\/index.php?rest_route=\/wp\/v2\/pages\/1141\/revisions"}],"predecessor-version":[{"id":1292,"href":"http:\/\/schuetzen.schierhorn-nordheide.de\/index.php?rest_route=\/wp\/v2\/pages\/1141\/revisions\/1292"}],"wp:featuredmedia":[{"embeddable":true,"href":"http:\/\/schuetzen.schierhorn-nordheide.de\/index.php?rest_route=\/wp\/v2\/media\/912"}],"wp:attachment":[{"href":"http:\/\/schuetzen.schierhorn-nordheide.de\/index.php?rest_route=%2Fwp%2Fv2%2Fmedia&parent=1141"}],"curies":[{"name":"wp","href":"https:\/\/api.w.org\/{rel}","templated":true}]}}