{"id":1112,"date":"2020-03-20T14:21:09","date_gmt":"2020-03-20T14:21:09","guid":{"rendered":"http:\/\/schuetzen.schierhorn-nordheide.de\/?page_id=1112"},"modified":"2023-09-25T07:51:28","modified_gmt":"2023-09-25T07:51:28","slug":"schiessergebnisse","status":"publish","type":"page","link":"http:\/\/schuetzen.schierhorn-nordheide.de\/?page_id=1112","title":{"rendered":"Schie\u00dfergebnisse"},"content":{"rendered":"\n<figure class=\"wp-block-embed is-type-wp-embed is-provider-schutzenverein-schierhorn-e-v wp-block-embed-schutzenverein-schierhorn-e-v\"><div class=\"wp-block-embed__wrapper\">\n<blockquote class=\"wp-embedded-content\" data-secret=\"nXqDEKrvBA\"><a href=\"http:\/\/schuetzen.schierhorn-nordheide.de\/?page_id=2075\">Ergebnisse Schlussschie\u00dfen 2023<\/a><\/blockquote><iframe loading=\"lazy\" class=\"wp-embedded-content\" sandbox=\"allow-scripts\" security=\"restricted\" style=\"position: absolute; clip: rect(1px, 1px, 1px, 1px);\" title=\"&#8222;Ergebnisse Schlussschie\u00dfen 2023&#8220; &#8212; Sch\u00fctzenverein Schierhorn e.V.\" src=\"http:\/\/schuetzen.schierhorn-nordheide.de\/?page_id=2075&#038;embed=true#?secret=Fb9NEjUEtX#?secret=nXqDEKrvBA\" data-secret=\"nXqDEKrvBA\" width=\"600\" height=\"338\" frameborder=\"0\" marginwidth=\"0\" marginheight=\"0\" scrolling=\"no\"><\/iframe>\n<\/div><\/figure>\n\n\n\n<figure class=\"wp-block-embed is-type-wp-embed is-provider-schutzenverein-schierhorn-e-v wp-block-embed-schutzenverein-schierhorn-e-v\"><div class=\"wp-block-embed__wrapper\">\n<blockquote class=\"wp-embedded-content\" data-secret=\"g5lyXU4Y0t\"><a href=\"http:\/\/schuetzen.schierhorn-nordheide.de\/?page_id=1996\">Ergebnisse Sch\u00fctzenfest 2023<\/a><\/blockquote><iframe loading=\"lazy\" class=\"wp-embedded-content\" sandbox=\"allow-scripts\" security=\"restricted\" style=\"position: absolute; clip: rect(1px, 1px, 1px, 1px);\" title=\"&#8222;Ergebnisse Sch\u00fctzenfest 2023&#8220; &#8212; Sch\u00fctzenverein Schierhorn e.V.\" src=\"http:\/\/schuetzen.schierhorn-nordheide.de\/?page_id=1996&#038;embed=true#?secret=FhPq7gBt2v#?secret=g5lyXU4Y0t\" data-secret=\"g5lyXU4Y0t\" width=\"600\" height=\"338\" frameborder=\"0\" marginwidth=\"0\" marginheight=\"0\" scrolling=\"no\"><\/iframe>\n<\/div><\/figure>\n\n\n\n<figure class=\"wp-block-embed is-type-wp-embed is-provider-schutzenverein-schierhorn-e-v wp-block-embed-schutzenverein-schierhorn-e-v\"><div class=\"wp-block-embed__wrapper\">\n<blockquote class=\"wp-embedded-content\" data-secret=\"kENQjyzEVO\"><a href=\"http:\/\/schuetzen.schierhorn-nordheide.de\/?page_id=1902\">Ergebnisse Anschie\u00dfen 2023<\/a><\/blockquote><iframe loading=\"lazy\" class=\"wp-embedded-content\" sandbox=\"allow-scripts\" security=\"restricted\" style=\"position: absolute; clip: rect(1px, 1px, 1px, 1px);\" title=\"&#8222;Ergebnisse Anschie\u00dfen 2023&#8220; &#8212; Sch\u00fctzenverein Schierhorn e.V.\" src=\"http:\/\/schuetzen.schierhorn-nordheide.de\/?page_id=1902&#038;embed=true#?secret=uw8RlDJhhl#?secret=kENQjyzEVO\" data-secret=\"kENQjyzEVO\" width=\"600\" height=\"338\" frameborder=\"0\" marginwidth=\"0\" marginheight=\"0\" scrolling=\"no\"><\/iframe>\n<\/div><\/figure>\n\n\n\n<figure class=\"wp-block-embed is-type-wp-embed is-provider-schutzenverein-schierhorn-e-v wp-block-embed-schutzenverein-schierhorn-e-v\"><div class=\"wp-block-embed__wrapper\">\n<blockquote class=\"wp-embedded-content\" data-secret=\"oPnzNVx6Xg\"><a href=\"http:\/\/schuetzen.schierhorn-nordheide.de\/?page_id=1826\">Ergebnisse Schlussschie\u00dfen 2022<\/a><\/blockquote><iframe loading=\"lazy\" class=\"wp-embedded-content\" sandbox=\"allow-scripts\" security=\"restricted\" style=\"position: absolute; clip: rect(1px, 1px, 1px, 1px);\" title=\"&#8222;Ergebnisse Schlussschie\u00dfen 2022&#8220; &#8212; Sch\u00fctzenverein Schierhorn e.V.\" src=\"http:\/\/schuetzen.schierhorn-nordheide.de\/?page_id=1826&#038;embed=true#?secret=FGrFikrR4J#?secret=oPnzNVx6Xg\" data-secret=\"oPnzNVx6Xg\" width=\"600\" height=\"338\" frameborder=\"0\" marginwidth=\"0\" marginheight=\"0\" scrolling=\"no\"><\/iframe>\n<\/div><\/figure>\n\n\n\n<figure class=\"wp-block-embed-wordpress wp-block-embed is-type-wp-embed is-provider-schutzenverein-schierhorn-e-v\"><div class=\"wp-block-embed__wrapper\">\n<blockquote class=\"wp-embedded-content\" data-secret=\"kwF3UAZMYt\"><a href=\"http:\/\/schuetzen.schierhorn-nordheide.de\/?page_id=1141\">K\u00f6nig der K\u00f6nige 2020<\/a><\/blockquote><iframe loading=\"lazy\" class=\"wp-embedded-content\" sandbox=\"allow-scripts\" security=\"restricted\" style=\"position: absolute; clip: rect(1px, 1px, 1px, 1px);\" title=\"&#8222;K\u00f6nig der K\u00f6nige 2020&#8220; &#8212; Sch\u00fctzenverein Schierhorn e.V.\" src=\"http:\/\/schuetzen.schierhorn-nordheide.de\/?page_id=1141&#038;embed=true#?secret=obybqhk5TO#?secret=kwF3UAZMYt\" data-secret=\"kwF3UAZMYt\" width=\"600\" height=\"338\" frameborder=\"0\" marginwidth=\"0\" marginheight=\"0\" scrolling=\"no\"><\/iframe>\n<\/div><\/figure>\n\n\n\n<figure class=\"wp-block-embed-wordpress wp-block-embed is-type-wp-embed is-provider-schutzenverein-schierhorn-e-v\"><div class=\"wp-block-embed__wrapper\">\n<blockquote class=\"wp-embedded-content\" data-secret=\"R4JQxuxsm3\"><a href=\"http:\/\/schuetzen.schierhorn-nordheide.de\/?p=1206\">Ergebnisse Schlussschie\u00dfen 2019<\/a><\/blockquote><iframe loading=\"lazy\" class=\"wp-embedded-content\" sandbox=\"allow-scripts\" security=\"restricted\" style=\"position: absolute; clip: rect(1px, 1px, 1px, 1px);\" title=\"&#8222;Ergebnisse Schlussschie\u00dfen 2019&#8220; &#8212; Sch\u00fctzenverein Schierhorn e.V.\" src=\"http:\/\/schuetzen.schierhorn-nordheide.de\/?p=1206&#038;embed=true#?secret=MMUHDW5l3d#?secret=R4JQxuxsm3\" data-secret=\"R4JQxuxsm3\" width=\"600\" height=\"338\" frameborder=\"0\" marginwidth=\"0\" marginheight=\"0\" scrolling=\"no\"><\/iframe>\n<\/div><\/figure>\n\n\n\n<figure class=\"wp-block-embed-wordpress wp-block-embed is-type-wp-embed is-provider-schutzenverein-schierhorn-e-v\"><div class=\"wp-block-embed__wrapper\">\n<blockquote class=\"wp-embedded-content\" data-secret=\"ZhQNzSimAc\"><a href=\"http:\/\/schuetzen.schierhorn-nordheide.de\/?p=1163\">Ergebnisse Sch\u00fctzenfest 2019<\/a><\/blockquote><iframe loading=\"lazy\" class=\"wp-embedded-content\" sandbox=\"allow-scripts\" security=\"restricted\" style=\"position: absolute; clip: rect(1px, 1px, 1px, 1px);\" title=\"&#8222;Ergebnisse Sch\u00fctzenfest 2019&#8220; &#8212; Sch\u00fctzenverein Schierhorn e.V.\" src=\"http:\/\/schuetzen.schierhorn-nordheide.de\/?p=1163&#038;embed=true#?secret=LxHNYlfHlL#?secret=ZhQNzSimAc\" data-secret=\"ZhQNzSimAc\" width=\"600\" height=\"338\" frameborder=\"0\" marginwidth=\"0\" marginheight=\"0\" scrolling=\"no\"><\/iframe>\n<\/div><\/figure>\n\n\n\n<figure class=\"wp-block-embed-wordpress wp-block-embed is-type-wp-embed is-provider-schutzenverein-schierhorn-e-v\"><div class=\"wp-block-embed__wrapper\">\n<blockquote class=\"wp-embedded-content\" data-secret=\"mBq73kCG3E\"><a href=\"http:\/\/schuetzen.schierhorn-nordheide.de\/?p=1233\">Ergebnisse Anschie\u00dfen 2019<\/a><\/blockquote><iframe loading=\"lazy\" class=\"wp-embedded-content\" sandbox=\"allow-scripts\" security=\"restricted\" style=\"position: absolute; clip: rect(1px, 1px, 1px, 1px);\" title=\"&#8222;Ergebnisse Anschie\u00dfen 2019&#8220; &#8212; Sch\u00fctzenverein Schierhorn e.V.\" src=\"http:\/\/schuetzen.schierhorn-nordheide.de\/?p=1233&#038;embed=true#?secret=PyoIPbaUgO#?secret=mBq73kCG3E\" data-secret=\"mBq73kCG3E\" width=\"600\" height=\"338\" frameborder=\"0\" marginwidth=\"0\" marginheight=\"0\" scrolling=\"no\"><\/iframe>\n<\/div><\/figure>\n\n\n\n<figure class=\"wp-block-embed-wordpress wp-block-embed is-type-wp-embed is-provider-schutzenverein-schierhorn-e-v\"><div class=\"wp-block-embed__wrapper\">\n<blockquote class=\"wp-embedded-content\" data-secret=\"QT6vkNStig\"><a href=\"http:\/\/schuetzen.schierhorn-nordheide.de\/?p=1184\">Ergebnisse Schlussschie\u00dfen 2018<\/a><\/blockquote><iframe loading=\"lazy\" class=\"wp-embedded-content\" sandbox=\"allow-scripts\" security=\"restricted\" style=\"position: absolute; clip: rect(1px, 1px, 1px, 1px);\" title=\"&#8222;Ergebnisse Schlussschie\u00dfen 2018&#8220; &#8212; Sch\u00fctzenverein Schierhorn e.V.\" src=\"http:\/\/schuetzen.schierhorn-nordheide.de\/?p=1184&#038;embed=true#?secret=UeGmg3fxqL#?secret=QT6vkNStig\" data-secret=\"QT6vkNStig\" width=\"600\" height=\"338\" frameborder=\"0\" marginwidth=\"0\" marginheight=\"0\" scrolling=\"no\"><\/iframe>\n<\/div><\/figure>\n\n\n\n<figure class=\"wp-block-embed-wordpress wp-block-embed is-type-wp-embed is-provider-schutzenverein-schierhorn-e-v\"><div class=\"wp-block-embed__wrapper\">\n<blockquote class=\"wp-embedded-content\" data-secret=\"7KPIv2Vas5\"><a href=\"http:\/\/schuetzen.schierhorn-nordheide.de\/?p=1178\">Ergebnisse Sch\u00fctzenfest 2018<\/a><\/blockquote><iframe loading=\"lazy\" class=\"wp-embedded-content\" sandbox=\"allow-scripts\" security=\"restricted\" style=\"position: absolute; clip: rect(1px, 1px, 1px, 1px);\" title=\"&#8222;Ergebnisse Sch\u00fctzenfest 2018&#8220; &#8212; Sch\u00fctzenverein Schierhorn e.V.\" src=\"http:\/\/schuetzen.schierhorn-nordheide.de\/?p=1178&#038;embed=true#?secret=g4ugHbY7BD#?secret=7KPIv2Vas5\" data-secret=\"7KPIv2Vas5\" width=\"600\" height=\"338\" frameborder=\"0\" marginwidth=\"0\" marginheight=\"0\" scrolling=\"no\"><\/iframe>\n<\/div><\/figure>\n\n\n\n<figure class=\"wp-block-embed-wordpress wp-block-embed is-type-wp-embed is-provider-schutzenverein-schierhorn-e-v\"><div class=\"wp-block-embed__wrapper\">\n<blockquote class=\"wp-embedded-content\" data-secret=\"i8r2wOdRA9\"><a href=\"http:\/\/schuetzen.schierhorn-nordheide.de\/?p=1224\">Ergebnisse Anschie\u00dfen 2018<\/a><\/blockquote><iframe loading=\"lazy\" class=\"wp-embedded-content\" sandbox=\"allow-scripts\" security=\"restricted\" style=\"position: absolute; clip: rect(1px, 1px, 1px, 1px);\" title=\"&#8222;Ergebnisse Anschie\u00dfen 2018&#8220; &#8212; Sch\u00fctzenverein Schierhorn e.V.\" src=\"http:\/\/schuetzen.schierhorn-nordheide.de\/?p=1224&#038;embed=true#?secret=VKSn8pL1sE#?secret=i8r2wOdRA9\" data-secret=\"i8r2wOdRA9\" width=\"600\" height=\"338\" frameborder=\"0\" marginwidth=\"0\" marginheight=\"0\" scrolling=\"no\"><\/iframe>\n<\/div><\/figure>\n","protected":false},"excerpt":{"rendered":"","protected":false},"author":1,"featured_media":0,"parent":0,"menu_order":0,"comment_status":"closed","ping_status":"closed","template":"","meta":{"footnotes":""},"class_list":["post-1112","page","type-page","status-publish","hentry"],"_links":{"self":[{"href":"http:\/\/schuetzen.schierhorn-nordheide.de\/index.php?rest_route=\/wp\/v2\/pages\/1112","targetHints":{"allow":["GET"]}}],"collection":[{"href":"http:\/\/schuetzen.schierhorn-nordheide.de\/index.php?rest_route=\/wp\/v2\/pages"}],"about":[{"href":"http:\/\/schuetzen.schierhorn-nordheide.de\/index.php?rest_route=\/wp\/v2\/types\/page"}],"author":[{"embeddable":true,"href":"http:\/\/schuetzen.schierhorn-nordheide.de\/index.php?rest_route=\/wp\/v2\/users\/1"}],"replies":[{"embeddable":true,"href":"http:\/\/schuetzen.schierhorn-nordheide.de\/index.php?rest_route=%2Fwp%2Fv2%2Fcomments&post=1112"}],"version-history":[{"count":23,"href":"http:\/\/schuetzen.schierhorn-nordheide.de\/index.php?rest_route=\/wp\/v2\/pages\/1112\/revisions"}],"predecessor-version":[{"id":2091,"href":"http:\/\/schuetzen.schierhorn-nordheide.de\/index.php?rest_route=\/wp\/v2\/pages\/1112\/revisions\/2091"}],"wp:attachment":[{"href":"http:\/\/schuetzen.schierhorn-nordheide.de\/index.php?rest_route=%2Fwp%2Fv2%2Fmedia&parent=1112"}],"curies":[{"name":"wp","href":"https:\/\/api.w.org\/{rel}","templated":true}]}}